{"id":352,"date":"2026-04-04T10:45:48","date_gmt":"2026-04-04T07:45:48","guid":{"rendered":"https:\/\/paivitys.rauhanyhdistys.fi\/kuusamo\/?page_id=352"},"modified":"2026-04-04T10:49:50","modified_gmt":"2026-04-04T07:49:50","slug":"jasenasiat","status":"publish","type":"page","link":"https:\/\/paivitys.rauhanyhdistys.fi\/kuusamo\/jasenasiat\/","title":{"rendered":"J\u00e4senasiat"},"content":{"rendered":"<div class=\"fusion-fullwidth fullwidth-box fusion-builder-row-1 fusion-flex-container has-pattern-background has-mask-background nonhundred-percent-fullwidth non-hundred-percent-height-scrolling\" style=\"--awb-border-radius-top-left:0px;--awb-border-radius-top-right:0px;--awb-border-radius-bottom-right:0px;--awb-border-radius-bottom-left:0px;--awb-flex-wrap:wrap;\" ><div class=\"fusion-builder-row fusion-row fusion-flex-align-items-flex-start fusion-flex-content-wrap\" style=\"max-width:1144px;margin-left: calc(-4% \/ 2 );margin-right: calc(-4% \/ 2 );\"><div class=\"fusion-layout-column fusion_builder_column fusion-builder-column-0 fusion_builder_column_1_1 1_1 fusion-flex-column\" style=\"--awb-bg-size:cover;--awb-width-large:100%;--awb-margin-top-large:0px;--awb-spacing-right-large:1.92%;--awb-margin-bottom-large:20px;--awb-spacing-left-large:1.92%;--awb-width-medium:100%;--awb-order-medium:0;--awb-spacing-right-medium:1.92%;--awb-spacing-left-medium:1.92%;--awb-width-small:100%;--awb-order-small:0;--awb-spacing-right-small:1.92%;--awb-spacing-left-small:1.92%;\"><div class=\"fusion-column-wrapper fusion-column-has-shadow fusion-flex-justify-content-flex-start fusion-content-layout-column\"><div class=\"fusion-title title fusion-title-1 fusion-sep-none fusion-title-text fusion-title-size-one\"><h1 class=\"fusion-title-heading title-heading-left fusion-responsive-typography-calculated\" style=\"margin:0;--fontSize:34;line-height:1.4;\">Tervetuloa Kuusamon rauhanyhdistyksen j\u00e4seneksi!<\/h1><\/div><div class=\"fusion-text fusion-text-1\"><p>Kaikki Kuusamon Rauhanyhdistyksen toiminnassa s\u00e4\u00e4nn\u00f6llisesti mukana olevat, yhdistyksen tarkoituksen ja hengen omaksuneet sek\u00e4 konfirmoidut 15-vuotta t\u00e4ytt\u00e4neet ovat tervetulleita hakemaan j\u00e4senyytt\u00e4 (tarkemmin yhdistyksen s\u00e4\u00e4nn\u00f6iss\u00e4 4\u00a7). <a href=\"https:\/\/drive.google.com\/file\/d\/1uLJ_mXxRbza_0BKBylBJgUsI0jKmGvuh\/view\" target=\"_blank\" rel=\"noopener\">S\u00e4\u00e4nn\u00f6t<\/a>.<br \/>\nJ\u00e4senhakemus k\u00e4sitell\u00e4\u00e4n yhdistyksen johtokunnassa. P\u00e4\u00e4t\u00f6s l\u00e4hetet\u00e4\u00e4n hakijalle tekstiviestitse hakemuksessa ilmoitettuun puhelinnumeroon.<\/p>\n<p>Olet l\u00e4mpim\u00e4sti tervetullut osallistumaan yhdistyksen tilaisuuksiin ja toimintaan my\u00f6s ilman j\u00e4senyytt\u00e4.<\/p>\n<p>J\u00e4senyytt\u00e4 voi hakea s\u00e4hk\u00f6isesti <a href=\"https:\/\/docs.google.com\/forms\/d\/e\/1FAIpQLSeRj1ueHBmTPoM2aVx6Z_0kHtqOf8j0RrvTvfjtIQoYplDFnw\/viewform\" target=\"_blank\" rel=\"noopener\">t\u00e4ll\u00e4 lomakkeella<\/a> tai j\u00e4senyytt\u00e4 voi hakea my\u00f6s paperisella lomakkeella, joka l\u00f6ytyy Rauhanyhdistyksen julkaisumyyntipisteest\u00e4. Lomake palautetaan sakastissa olevaan lukolliseen postilaatikkoon.<\/p>\n<p><a href=\"https:\/\/drive.google.com\/file\/d\/1QSNyh2zXpTrpiTWkp4Cnsia47AXgLovJ\/view\" target=\"_blank\" rel=\"noopener\">Tietosuojaseloste<\/a><\/p>\n<\/div><div class=\"fusion-title title fusion-title-2 fusion-sep-none fusion-title-text fusion-title-size-one\"><h1 class=\"fusion-title-heading title-heading-left fusion-responsive-typography-calculated\" style=\"margin:0;--fontSize:34;line-height:1.4;\">J\u00e4sen<\/h1><\/div><div class=\"fusion-text fusion-text-2\"><p>Jos olet Kuusamon Rauhanyhdistyksen j\u00e4sen, voit <a href=\"https:\/\/docs.google.com\/forms\/d\/e\/1FAIpQLSeG1zC_Yl7RFI8mCILskXxjiIUi5SfRQQW5xi2J6V09gmPJtQ\/viewform\" target=\"_blank\" rel=\"noopener\">t\u00e4ll\u00e4 lomakkeella<\/a> p\u00e4ivitt\u00e4\u00e4 tietosi tai peruuttaa j\u00e4senyytesi.<\/p>\n<\/div><\/div><\/div><\/div><\/div>\n","protected":false},"excerpt":{"rendered":"","protected":false},"author":186,"featured_media":0,"parent":0,"menu_order":0,"comment_status":"closed","ping_status":"closed","template":"","meta":{"footnotes":""},"class_list":["post-352","page","type-page","status-publish","hentry"],"_links":{"self":[{"href":"https:\/\/paivitys.rauhanyhdistys.fi\/kuusamo\/wp-json\/wp\/v2\/pages\/352","targetHints":{"allow":["GET"]}}],"collection":[{"href":"https:\/\/paivitys.rauhanyhdistys.fi\/kuusamo\/wp-json\/wp\/v2\/pages"}],"about":[{"href":"https:\/\/paivitys.rauhanyhdistys.fi\/kuusamo\/wp-json\/wp\/v2\/types\/page"}],"author":[{"embeddable":true,"href":"https:\/\/paivitys.rauhanyhdistys.fi\/kuusamo\/wp-json\/wp\/v2\/users\/186"}],"replies":[{"embeddable":true,"href":"https:\/\/paivitys.rauhanyhdistys.fi\/kuusamo\/wp-json\/wp\/v2\/comments?post=352"}],"version-history":[{"count":3,"href":"https:\/\/paivitys.rauhanyhdistys.fi\/kuusamo\/wp-json\/wp\/v2\/pages\/352\/revisions"}],"predecessor-version":[{"id":356,"href":"https:\/\/paivitys.rauhanyhdistys.fi\/kuusamo\/wp-json\/wp\/v2\/pages\/352\/revisions\/356"}],"wp:attachment":[{"href":"https:\/\/paivitys.rauhanyhdistys.fi\/kuusamo\/wp-json\/wp\/v2\/media?parent=352"}],"curies":[{"name":"wp","href":"https:\/\/api.w.org\/{rel}","templated":true}]}}