{"id":176,"date":"2022-12-03T09:59:25","date_gmt":"2022-12-03T07:59:25","guid":{"rendered":"https:\/\/paivitys.rauhanyhdistys.fi\/kuusamo\/?page_id=176"},"modified":"2025-11-10T17:28:38","modified_gmt":"2025-11-10T15:28:38","slug":"varainhankinta","status":"publish","type":"page","link":"https:\/\/paivitys.rauhanyhdistys.fi\/kuusamo\/varainhankinta\/","title":{"rendered":"Varainhankinta"},"content":{"rendered":"<div class=\"fusion-fullwidth fullwidth-box fusion-builder-row-1 nonhundred-percent-fullwidth non-hundred-percent-height-scrolling\" style=\"--awb-border-radius-top-left:0px;--awb-border-radius-top-right:0px;--awb-border-radius-bottom-right:0px;--awb-border-radius-bottom-left:0px;--awb-flex-wrap:wrap;\" ><div class=\"fusion-builder-row fusion-row\"><div class=\"fusion-layout-column fusion_builder_column fusion-builder-column-0 fusion_builder_column_1_2 1_2 fusion-one-half fusion-column-first\" style=\"--awb-bg-size:cover;width:50%;width:calc(50% - ( ( 4% ) * 0.5 ) );margin-right: 4%;\"><div class=\"fusion-column-wrapper fusion-column-has-shadow fusion-flex-column-wrapper-legacy\"><div class=\"fusion-title title fusion-title-1 fusion-sep-none fusion-title-text fusion-title-size-one\"><h1 class=\"fusion-title-heading title-heading-left fusion-responsive-typography-calculated\" style=\"margin:0;--fontSize:34;line-height:1.4;\">Rahanker\u00e4yslupa<\/h1><\/div><div class=\"fusion-text fusion-text-1\"><p>Rahanker\u00e4yslupa: <strong>RA\/2021\/179<\/strong>, my\u00f6nt\u00e4nyt Poliisihallitus 18.2.2021<br \/>\nLuvan saaja: Kuusamon Rauhanyhdistys ry<br \/>\nVoimassa:<strong> 18.2.2021 alkaen<\/strong><\/p>\n<p>Ker\u00e4tt\u00e4v\u00e4t varat k\u00e4ytet\u00e4\u00e4n hakijan yleishy\u00f6dyllisen toiminnan kuten<br \/>\nseurojen, lapsi-, nuoriso- ja diakoniaty\u00f6n kuluihin.<br \/>\nKer\u00e4tt\u00e4vi\u00e4 varoja k\u00e4ytet\u00e4\u00e4n mm. puhujien palkkioihin matkakuluineen,<br \/>\nseurailmoituksiin, lasten leirikuluihin ja retkiin, opetusmateriaaleihin sek\u00e4<br \/>\ndiakoniaty\u00f6ss\u00e4 v\u00e4h\u00e4varaisten muistamisiin jouluisin.<\/p>\n<p>Varoja k\u00e4ytet\u00e4\u00e4n my\u00f6s hakijan toimitalon kulujen kattamiseen silt\u00e4<br \/>\nosin kuin toimitalo on yleishy\u00f6dyllisess\u00e4 k\u00e4yt\u00f6ss\u00e4.<br \/>\nKer\u00e4tt\u00e4vi\u00e4 varoja k\u00e4ytet\u00e4\u00e4n kiinteist\u00f6n l\u00e4mmitys-, s\u00e4hk\u00f6-, vesi-,<br \/>\nkorjaus- ja vakuutuskuluihin sek\u00e4 lainojen lyhennyksiin niilt\u00e4 osin<br \/>\nkuin kustannukset kohdistuvat toimitalon yleishy\u00f6dylliseen k\u00e4ytt\u00f6\u00f6n.<\/p>\n<\/div><div class=\"fusion-clearfix\"><\/div><\/div><\/div><div class=\"fusion-layout-column fusion_builder_column fusion-builder-column-1 fusion_builder_column_1_2 1_2 fusion-one-half fusion-column-last\" style=\"--awb-bg-size:cover;width:50%;width:calc(50% - ( ( 4% ) * 0.5 ) );\"><div class=\"fusion-column-wrapper fusion-column-has-shadow fusion-flex-column-wrapper-legacy\"><div class=\"fusion-title title fusion-title-2 fusion-sep-none fusion-title-text fusion-title-size-one\"><h1 class=\"fusion-title-heading title-heading-left fusion-responsive-typography-calculated\" style=\"margin:0;--fontSize:34;line-height:1.4;\">Kolehti ja pankkiyhteystiedot<\/h1><\/div><div class=\"fusion-text fusion-text-2\"><p>Tilinumero: FI87 5194 0720 0610 89<br \/>\nViite: 20129<\/p>\n<p><b>Tilisiirto<\/b><\/p>\n<p>Voit osallistua kolehtiin maksamalla haluamasi summan<br \/>\nKuusamon Rauhanyhdistyksen tilille:\u00a0<b>FI87 5194 0720 0610 89<\/b>.<br \/>\nK\u00e4yt\u00e4th\u00e4n maksaessasi viitenumeroa\u00a0<b>99700010<\/b>.<br \/>\nKiitos lahjoituksestasi!<\/p>\n<p><b>Mobiilikolehti<\/b><\/p>\n<p>MobilePay on yleinen k\u00e4teismaksusovellus, jonka voit ladata \u00e4lypuhelimeesi sovelluskaupasta.<\/p>\n<p>MobilePay-numero: <b>13240<\/b><br \/>\nViesti: Lahjoitus<\/p>\n<\/div><div class=\"fusion-clearfix\"><\/div><\/div><\/div><\/div><\/div>\n","protected":false},"excerpt":{"rendered":"","protected":false},"author":186,"featured_media":0,"parent":0,"menu_order":0,"comment_status":"closed","ping_status":"closed","template":"","meta":{"footnotes":""},"class_list":["post-176","page","type-page","status-publish","hentry"],"_links":{"self":[{"href":"https:\/\/paivitys.rauhanyhdistys.fi\/kuusamo\/wp-json\/wp\/v2\/pages\/176","targetHints":{"allow":["GET"]}}],"collection":[{"href":"https:\/\/paivitys.rauhanyhdistys.fi\/kuusamo\/wp-json\/wp\/v2\/pages"}],"about":[{"href":"https:\/\/paivitys.rauhanyhdistys.fi\/kuusamo\/wp-json\/wp\/v2\/types\/page"}],"author":[{"embeddable":true,"href":"https:\/\/paivitys.rauhanyhdistys.fi\/kuusamo\/wp-json\/wp\/v2\/users\/186"}],"replies":[{"embeddable":true,"href":"https:\/\/paivitys.rauhanyhdistys.fi\/kuusamo\/wp-json\/wp\/v2\/comments?post=176"}],"version-history":[{"count":13,"href":"https:\/\/paivitys.rauhanyhdistys.fi\/kuusamo\/wp-json\/wp\/v2\/pages\/176\/revisions"}],"predecessor-version":[{"id":331,"href":"https:\/\/paivitys.rauhanyhdistys.fi\/kuusamo\/wp-json\/wp\/v2\/pages\/176\/revisions\/331"}],"wp:attachment":[{"href":"https:\/\/paivitys.rauhanyhdistys.fi\/kuusamo\/wp-json\/wp\/v2\/media?parent=176"}],"curies":[{"name":"wp","href":"https:\/\/api.w.org\/{rel}","templated":true}]}}