{"id":197,"date":"2018-04-24T22:34:06","date_gmt":"2018-04-24T19:34:06","guid":{"rendered":"http:\/\/paivitys.rauhanyhdistys.fi\/kuopio\/?page_id=197"},"modified":"2018-09-23T00:25:43","modified_gmt":"2018-09-22T21:25:43","slug":"fra","status":"publish","type":"page","link":"https:\/\/paivitys.rauhanyhdistys.fi\/kuopio\/fra\/","title":{"rendered":"En fran\u00e7ais"},"content":{"rendered":"<div class=\"fusion-fullwidth fullwidth-box fusion-builder-row-1 nonhundred-percent-fullwidth non-hundred-percent-height-scrolling\" style=\"--awb-border-radius-top-left:0px;--awb-border-radius-top-right:0px;--awb-border-radius-bottom-right:0px;--awb-border-radius-bottom-left:0px;--awb-flex-wrap:wrap;\" ><div class=\"fusion-builder-row fusion-row\"><div class=\"fusion-layout-column fusion_builder_column fusion-builder-column-0 fusion_builder_column_1_1 1_1 fusion-one-full fusion-column-first fusion-column-last\" style=\"--awb-bg-size:cover;\"><div class=\"fusion-column-wrapper fusion-flex-column-wrapper-legacy\"><div class=\"fusion-text fusion-text-1\"><p lang=\"en-US\">Le but de l&#8217;association est de r\u00e9veiller et de revitaliser la vie de la foi chr\u00e9tienne, ainsi que de promouvoir le mode de vie chr\u00e9tien, la sobri\u00e9t\u00e9 et l&#8217;amour pour la patrie.<\/p>\n<p><span lang=\"en-US\">L&#8217;Association de la Paix de Kuopio et ses environs represente le mouvement chr\u00e9tien appel\u00e9 laestadianisme conservateur. Les membres de cette association sont aussi membres de l&#8217;\u00c9glise \u00e9vangelique luth\u00e9rienne en Finlande.<\/span><\/p>\n<p>Le laestadianisme conservateur est un mouvement pour la propagation de la foi agissant au sein de l&#8217;\u00c9glise \u00e9vangelique luth\u00e9rienne en Finlande. L&#8217;Association de la paix de Kuopio est une filiale de l&#8217;Association centrale de la paix en Finlande, celle-ci organisant de l&#8217;activit\u00e9 missionnaire et des r\u00e9unions en Finlande ainsi qu&#8217;\u00e0 l&#8217;\u00e9tranger.<\/p>\n<p><span lang=\"en-US\">L&#8217;Association de la paix de Kuopio et ses environs organise des r\u00e9unions et d&#8217;autres rassemblements dans lesquels le message principal est l&#8217;amour et la gr\u00e2ce de Dieu envers l&#8217;homme p\u00e9cheur. En croyant \u00e0 la r\u00e9mission de ses p\u00e9ch\u00e9s, l&#8217;homme re<\/span><span lang=\"en-US\">\u00e7<\/span><span lang=\"en-US\">oit la paix dans son \u00e2me et un fondement solide pour sa vie.<\/span><\/p>\n<p><strong>Adresse<\/strong><br \/>\nKuopion\u00a0ja\u00a0Ymp\u00e4rist\u00f6n\u00a0Rauhanyhdistys\u00a0ry<br \/>\nAhmantie\u00a022,\u00a070400\u00a0Kuopio<br \/>\nL&#8217;emplacement\u00a0de la maison de\u00a0l&#8217;association\u00a0Kuopio\u00a0de paix\u00a0<a href=\"http:\/\/maps.google.fi\/maps?f=q&amp;hl=fi&amp;geocode=&amp;q=Ahmantie+22,+Kuopio&amp;sll=62.924386,27.684495&amp;sspn=0.00669,0.019913&amp;ie=UTF8&amp;ll=62.924034,27.682586&amp;spn=0.00669,0.019913&amp;z=16&amp;iwloc=addr&amp;om=1\" target=\"_blank\" rel=\"noopener\">sur la carte<\/a><\/p>\n<p><strong>E-mail<\/strong><br \/>\nL&#8217;association\u00a0de Kuopio\u00a0de la paix:\u00a0johtokunta\u00a0(at)\u00a0kuopionrauhanyhdistys.net<\/p>\n<\/div><div class=\"fusion-clearfix\"><\/div><\/div><\/div><\/div><\/div>\n","protected":false},"excerpt":{"rendered":"","protected":false},"author":25,"featured_media":0,"parent":0,"menu_order":0,"comment_status":"closed","ping_status":"closed","template":"","meta":{"footnotes":""},"class_list":["post-197","page","type-page","status-publish","hentry"],"_links":{"self":[{"href":"https:\/\/paivitys.rauhanyhdistys.fi\/kuopio\/wp-json\/wp\/v2\/pages\/197","targetHints":{"allow":["GET"]}}],"collection":[{"href":"https:\/\/paivitys.rauhanyhdistys.fi\/kuopio\/wp-json\/wp\/v2\/pages"}],"about":[{"href":"https:\/\/paivitys.rauhanyhdistys.fi\/kuopio\/wp-json\/wp\/v2\/types\/page"}],"author":[{"embeddable":true,"href":"https:\/\/paivitys.rauhanyhdistys.fi\/kuopio\/wp-json\/wp\/v2\/users\/25"}],"replies":[{"embeddable":true,"href":"https:\/\/paivitys.rauhanyhdistys.fi\/kuopio\/wp-json\/wp\/v2\/comments?post=197"}],"version-history":[{"count":3,"href":"https:\/\/paivitys.rauhanyhdistys.fi\/kuopio\/wp-json\/wp\/v2\/pages\/197\/revisions"}],"predecessor-version":[{"id":284,"href":"https:\/\/paivitys.rauhanyhdistys.fi\/kuopio\/wp-json\/wp\/v2\/pages\/197\/revisions\/284"}],"wp:attachment":[{"href":"https:\/\/paivitys.rauhanyhdistys.fi\/kuopio\/wp-json\/wp\/v2\/media?parent=197"}],"curies":[{"name":"wp","href":"https:\/\/api.w.org\/{rel}","templated":true}]}}