{"id":137,"date":"2018-04-02T22:31:55","date_gmt":"2018-04-02T19:31:55","guid":{"rendered":"http:\/\/paivitys.rauhanyhdistys.fi\/kuopio\/?page_id=137"},"modified":"2025-08-26T16:12:20","modified_gmt":"2025-08-26T13:12:20","slug":"seurojen-kuuntelu","status":"publish","type":"page","link":"https:\/\/paivitys.rauhanyhdistys.fi\/kuopio\/seurojen-kuuntelu\/","title":{"rendered":"Seurojen kuuntelu"},"content":{"rendered":"<div class=\"fusion-fullwidth fullwidth-box fusion-builder-row-1 nonhundred-percent-fullwidth non-hundred-percent-height-scrolling\" style=\"--awb-border-radius-top-left:0px;--awb-border-radius-top-right:0px;--awb-border-radius-bottom-right:0px;--awb-border-radius-bottom-left:0px;--awb-flex-wrap:wrap;\" ><div class=\"fusion-builder-row fusion-row\"><div class=\"fusion-layout-column fusion_builder_column fusion-builder-column-0 fusion_builder_column_1_1 1_1 fusion-one-full fusion-column-first fusion-column-last\" style=\"--awb-bg-size:cover;\"><div class=\"fusion-column-wrapper fusion-flex-column-wrapper-legacy\"><div class=\"fusion-title title fusion-title-1 fusion-sep-none fusion-title-text fusion-title-size-one\"><h1 class=\"fusion-title-heading title-heading-left fusion-responsive-typography-calculated\" style=\"margin:0;--fontSize:34;line-height:1.4;\"><h1>Kuopion rauhanyhdistyksen nettil\u00e4hetykset<\/h1><\/h1><\/div><div class=\"fusion-text fusion-text-1\"><p><a href=\"https:\/\/mixtuur.live\/kuopion-rauhanyhdistys\" target=\"_blank\" rel=\"noopener\">Kuuntele Kuopion rauhanyhdistyksen nettil\u00e4hetyst\u00e4 t\u00e4st\u00e4.<\/a><\/p>\n<\/div><table class=\"intra toiminta\" data-id=\"38\" data-amount=\"5\" \ndata-key=\"type:id:240&&web_stream_available:true,type:id:245&&web_stream_available:true\" \ndata-features=\"empty,noinfo\">\n<\/table><div class=\"fusion-clearfix\"><\/div><\/div><\/div><div class=\"fusion-layout-column fusion_builder_column fusion-builder-column-1 fusion_builder_column_1_1 1_1 fusion-one-full fusion-column-first fusion-column-last\" style=\"--awb-bg-size:cover;\"><div class=\"fusion-column-wrapper fusion-flex-column-wrapper-legacy\"><div class=\"fusion-text fusion-text-2\"><p>Lis\u00e4\u00e4 nettiseuroja on kuunneltavissa osoitteessa <a href=\"https:\/\/www.nettiseurat.info\/\">nettiseurat.info<\/a><\/p>\n<p><a href=\"https:\/\/kesaseuraradio.fi\/nettiradio\/\" target=\"_blank\" rel=\"noopener\">Kes\u00e4seuraradiosta<\/a> l\u00f6ytyy seural\u00e4hetyksi\u00e4 kes\u00e4n ajan.<\/p>\n<\/div><div class=\"fusion-clearfix\"><\/div><\/div><\/div><\/div><\/div>\n","protected":false},"excerpt":{"rendered":"","protected":false},"author":25,"featured_media":0,"parent":0,"menu_order":0,"comment_status":"closed","ping_status":"closed","template":"","meta":{"footnotes":""},"class_list":["post-137","page","type-page","status-publish","hentry"],"_links":{"self":[{"href":"https:\/\/paivitys.rauhanyhdistys.fi\/kuopio\/wp-json\/wp\/v2\/pages\/137","targetHints":{"allow":["GET"]}}],"collection":[{"href":"https:\/\/paivitys.rauhanyhdistys.fi\/kuopio\/wp-json\/wp\/v2\/pages"}],"about":[{"href":"https:\/\/paivitys.rauhanyhdistys.fi\/kuopio\/wp-json\/wp\/v2\/types\/page"}],"author":[{"embeddable":true,"href":"https:\/\/paivitys.rauhanyhdistys.fi\/kuopio\/wp-json\/wp\/v2\/users\/25"}],"replies":[{"embeddable":true,"href":"https:\/\/paivitys.rauhanyhdistys.fi\/kuopio\/wp-json\/wp\/v2\/comments?post=137"}],"version-history":[{"count":37,"href":"https:\/\/paivitys.rauhanyhdistys.fi\/kuopio\/wp-json\/wp\/v2\/pages\/137\/revisions"}],"predecessor-version":[{"id":652,"href":"https:\/\/paivitys.rauhanyhdistys.fi\/kuopio\/wp-json\/wp\/v2\/pages\/137\/revisions\/652"}],"wp:attachment":[{"href":"https:\/\/paivitys.rauhanyhdistys.fi\/kuopio\/wp-json\/wp\/v2\/media?parent=137"}],"curies":[{"name":"wp","href":"https:\/\/api.w.org\/{rel}","templated":true}]}}