{"id":13,"date":"2017-12-13T14:06:09","date_gmt":"2017-12-13T12:06:09","guid":{"rendered":"http:\/\/34.242.2.69\/kuopio\/?page_id=13"},"modified":"2026-04-01T08:16:33","modified_gmt":"2026-04-01T05:16:33","slug":"etusivu","status":"publish","type":"page","link":"https:\/\/paivitys.rauhanyhdistys.fi\/kuopio\/","title":{"rendered":"Etusivu"},"content":{"rendered":"<p><div class=\"fusion-fullwidth fullwidth-box fusion-builder-row-1 nonhundred-percent-fullwidth non-hundred-percent-height-scrolling\" style=\"--awb-border-radius-top-left:0px;--awb-border-radius-top-right:0px;--awb-border-radius-bottom-right:0px;--awb-border-radius-bottom-left:0px;--awb-background-color:rgba(255,220,193,0);--awb-flex-wrap:wrap;\" ><div class=\"fusion-builder-row fusion-row\"><div class=\"fusion-layout-column fusion_builder_column fusion-builder-column-0 fusion_builder_column_1_1 1_1 fusion-one-full fusion-column-first fusion-column-last\" style=\"--awb-bg-size:cover;\"><div class=\"fusion-column-wrapper fusion-flex-column-wrapper-legacy\"><div class=\"fusion-text fusion-text-1\"><p><b>Rauhanyhdistyksen toiminta<\/b><\/p>\n<p>Rauhanyhdistyksen keskeisint\u00e4 toimintaa on seurojen j\u00e4rjest\u00e4minen. Seurat pidet\u00e4\u00e4n yleens\u00e4 keskiviikkoisin, lauantaisin ja sunnuntaisin toimitalolla tai seurakuntien tiloissa. Yhdistyksen toiminnasta on lis\u00e4tietoa <a href=\"https:\/\/paivitys.rauhanyhdistys.fi\/kuopio\/toimintamuodot\/\">Toimintamuodot<\/a>-sivulla. Seuroihin niin kuin muuhunkin toimintaan on vapaa p\u00e4\u00e4sy ja kaikki ovat l\u00e4mpim\u00e4sti tervetulleita!<\/p>\n<p><!--<img decoding=\"async\" src=\"https:\/\/paivitys.rauhanyhdistys.fi\/kuopio\/wp-content\/uploads\/sites\/39\/2026\/03\/Kevatmyyjaiset2026-1200x.png\" alt=\"Kev\u00e4tmyyj\u00e4iset 28.3.2026\" \/>--><br \/>\n<b>Rauhanyhdistys juhlii 90-vuotista toimintaansa<\/b><\/p>\n<p>Pohjois-Savon nelj\u00e4s vanhoillislestadiolainen Rauhanyhdistys, Kuopion ja sen ymp\u00e4rist\u00f6n Rauhanyhdistys perustettiin syksyll\u00e4 1935. T\u00e4n\u00e4\u00e4n yhdistys on Savon suurin ja tekee evankeliumin ty\u00f6t\u00e4 osana Suomen Rauhanyhdistysten Keskusyhdistyksen organisoimaa Keskist\u00e4 aluetta.\u00a0 Rauhanyhdistyksen ensimm\u00e4inen, rukoushuoneeksi nimetty talo sijaitsi keskikaupungin tuntumassa M\u00e4kikatu 10:ss\u00e4 vuosina 1959-1986. Nykyinen Ahmantien toimitalo valmistui 1987 ja se saneerattiin vuonna 2015.<\/p>\n<p>Juhlavuonna 2025 yhdistyksess\u00e4 on 575 j\u00e4sent\u00e4. Sunnuntai-, keskiviikko- ja lauantaiseurat kokoavat t\u00e4t\u00e4kin suuremman seurav\u00e4en. Lapsi- ja nuorisoty\u00f6h\u00f6n osallistuu viikoittain satoja nuoria.<\/p>\n<\/div><div class=\"fusion-title title fusion-title-1 fusion-sep-none fusion-title-text fusion-title-size-one\"><h1 class=\"fusion-title-heading title-heading-left fusion-responsive-typography-calculated\" style=\"margin:0;--fontSize:34;line-height:1.4;\">Tervetuloa Kuopion rauhanyhdistykselle<\/h1><\/div><div class=\"fusion-clearfix\"><\/div><\/div><\/div><\/div><\/div><div class=\"fusion-fullwidth fullwidth-box fusion-builder-row-2 nonhundred-percent-fullwidth non-hundred-percent-height-scrolling\" style=\"--awb-border-radius-top-left:0px;--awb-border-radius-top-right:0px;--awb-border-radius-bottom-right:0px;--awb-border-radius-bottom-left:0px;--awb-background-color:rgba(255,220,193,0);--awb-flex-wrap:wrap;\" ><div class=\"fusion-builder-row fusion-row\"><div class=\"fusion-layout-column fusion_builder_column fusion-builder-column-1 fusion_builder_column_1_1 1_1 fusion-one-full fusion-column-first fusion-column-last\" style=\"--awb-padding-top:1%;--awb-padding-right:1%;--awb-padding-bottom:1%;--awb-padding-left:1%;--awb-bg-color:#cce0ff;--awb-bg-color-hover:#cce0ff;--awb-bg-size:cover;\"><div class=\"fusion-column-wrapper fusion-column-has-shadow fusion-flex-column-wrapper-legacy\"><div class=\"fusion-text fusion-text-2\"><\/div><div class=\"fusion-clearfix\"><\/div><\/div><\/div><\/div><\/div><div class=\"fusion-fullwidth fullwidth-box fusion-builder-row-3 fusion-flex-container nonhundred-percent-fullwidth non-hundred-percent-height-scrolling\" style=\"--awb-border-radius-top-left:0px;--awb-border-radius-top-right:0px;--awb-border-radius-bottom-right:0px;--awb-border-radius-bottom-left:0px;--awb-flex-wrap:wrap;\" ><div class=\"fusion-builder-row fusion-row fusion-flex-align-items-flex-start fusion-flex-content-wrap\" style=\"max-width:1144px;margin-left: calc(-4% \/ 2 );margin-right: calc(-4% \/ 2 );\"><div class=\"fusion-layout-column fusion_builder_column fusion-builder-column-2 fusion_builder_column_1_1 1_1 fusion-flex-column fusion-flex-align-self-center\" style=\"--awb-bg-size:cover;--awb-width-large:100%;--awb-margin-top-large:0px;--awb-spacing-right-large:1.92%;--awb-margin-bottom-large:20px;--awb-spacing-left-large:1.92%;--awb-width-medium:100%;--awb-order-medium:0;--awb-spacing-right-medium:1.92%;--awb-spacing-left-medium:1.92%;--awb-width-small:100%;--awb-order-small:0;--awb-spacing-right-small:1.92%;--awb-spacing-left-small:1.92%;\"><div class=\"fusion-column-wrapper fusion-column-has-shadow fusion-flex-justify-content-flex-start fusion-content-layout-column\"><div class=\"fusion-image-element \" style=\"--awb-caption-title-font-family:var(--h2_typography-font-family);--awb-caption-title-font-weight:var(--h2_typography-font-weight);--awb-caption-title-font-style:var(--h2_typography-font-style);--awb-caption-title-size:var(--h2_typography-font-size);--awb-caption-title-transform:var(--h2_typography-text-transform);--awb-caption-title-line-height:var(--h2_typography-line-height);--awb-caption-title-letter-spacing:var(--h2_typography-letter-spacing);\"><span class=\" fusion-imageframe imageframe-none imageframe-1 hover-type-none\"><a class=\"fusion-no-lightbox\" href=\"https:\/\/kuule.srk.fi\/\" target=\"_blank\" aria-label=\"Myyntiban3\" rel=\"noopener noreferrer\"><img decoding=\"async\" width=\"1440\" height=\"375\" src=\"https:\/\/paivitys.rauhanyhdistys.fi\/kuopio\/wp-content\/uploads\/sites\/39\/2021\/06\/Myyntiban3.jpg\" alt class=\"img-responsive wp-image-456\" srcset=\"https:\/\/paivitys.rauhanyhdistys.fi\/kuopio\/wp-content\/uploads\/sites\/39\/2021\/06\/Myyntiban3-200x52.jpg 200w, https:\/\/paivitys.rauhanyhdistys.fi\/kuopio\/wp-content\/uploads\/sites\/39\/2021\/06\/Myyntiban3-400x104.jpg 400w, https:\/\/paivitys.rauhanyhdistys.fi\/kuopio\/wp-content\/uploads\/sites\/39\/2021\/06\/Myyntiban3-600x156.jpg 600w, https:\/\/paivitys.rauhanyhdistys.fi\/kuopio\/wp-content\/uploads\/sites\/39\/2021\/06\/Myyntiban3-800x208.jpg 800w, https:\/\/paivitys.rauhanyhdistys.fi\/kuopio\/wp-content\/uploads\/sites\/39\/2021\/06\/Myyntiban3-1200x313.jpg 1200w, https:\/\/paivitys.rauhanyhdistys.fi\/kuopio\/wp-content\/uploads\/sites\/39\/2021\/06\/Myyntiban3.jpg 1440w\" sizes=\"(max-width: 1024px) 100vw, (max-width: 640px) 100vw, 1200px\" \/><\/a><\/span><\/div><\/div><\/div><\/div><\/div><div class=\"fusion-fullwidth fullwidth-box fusion-builder-row-4 has-pattern-background has-mask-background nonhundred-percent-fullwidth non-hundred-percent-height-scrolling\" style=\"--awb-border-radius-top-left:0px;--awb-border-radius-top-right:0px;--awb-border-radius-bottom-right:0px;--awb-border-radius-bottom-left:0px;--awb-padding-top:30px;--awb-background-color:#eeeeee;--awb-flex-wrap:wrap;\" ><div class=\"fusion-builder-row fusion-row\"><div class=\"fusion-layout-column fusion_builder_column fusion-builder-column-3 fusion_builder_column_1_2 1_2 fusion-one-half fusion-column-first\" style=\"--awb-bg-size:cover;width:50%;width:calc(50% - ( ( 4% ) * 0.5 ) );margin-right: 4%;\"><div class=\"fusion-column-wrapper fusion-flex-column-wrapper-legacy\"><div class=\"fusion-title title fusion-title-2 fusion-sep-none fusion-title-text fusion-title-size-one\"><h1 class=\"fusion-title-heading title-heading-left fusion-responsive-typography-calculated\" style=\"margin:0;--fontSize:34;line-height:1.4;\">Tulevat tapahtumat<\/h1><\/div>\n<div class=\"fusion-text fusion-text-3\"><p><a href=\"https:\/\/paivitys.rauhanyhdistys.fi\/kuopio\/toimintakalenteri\/\">Seuratapahtumat &gt;&gt;<\/a><br \/>\n<a style=\"font-size: 16px;\" href=\"https:\/\/paivitys.rauhanyhdistys.fi\/kuopio\/toimintakalenteri\/#nuoret\">Nuorisoty\u00f6n tapahtumat &gt;&gt;<\/a><\/p>\n<\/div><div class=\"fusion-title title fusion-title-3 fusion-sep-none fusion-title-text fusion-title-size-one\"><h1 class=\"fusion-title-heading title-heading-left fusion-responsive-typography-calculated\" style=\"margin:0;--fontSize:34;line-height:1.4;\">Kuuntele seuroja<\/h1><\/div><div class=\"fusion-text fusion-text-4\"><p>Kuuntele nettil\u00e4hetyst\u00e4 <a href=\"https:\/\/mixtuur.live\/kuopion-rauhanyhdistys\" target=\"_blank\" rel=\"noopener\">t\u00e4st\u00e4 \u00bb<\/a><\/p>\n<\/div><div class=\"fusion-text fusion-text-5\"><p><a href=\"https:\/\/paivitys.rauhanyhdistys.fi\/kuopio\/seurojen-kuuntelu\/\">Seuraavat nettil\u00e4hetykset &gt;&gt;<\/a><\/p>\n<\/div><div class=\"fusion-clearfix\"><\/div><\/div><\/div><div class=\"fusion-layout-column fusion_builder_column fusion-builder-column-4 fusion_builder_column_1_2 1_2 fusion-one-half fusion-column-last\" style=\"--awb-bg-size:cover;width:50%;width:calc(50% - ( ( 4% ) * 0.5 ) );\"><div class=\"fusion-column-wrapper fusion-flex-column-wrapper-legacy\"><div class=\"fusion-title title fusion-title-4 fusion-sep-none fusion-title-text fusion-title-size-one\"><h1 class=\"fusion-title-heading title-heading-left fusion-responsive-typography-calculated\" style=\"margin:0;--fontSize:34;line-height:1.4;\">Opistojen kurssit<\/h1><\/div><div class=\"fusion-text fusion-text-6\"><p><a href=\"https:\/\/www.lyhytkurssille.fi\/kurssi\/\">Lis\u00e4\u00e4 kursseja &gt;&gt;<\/a><\/p>\n<\/div><div class=\"fusion-title title fusion-title-5 fusion-sep-none fusion-title-text fusion-title-size-one\"><h1 class=\"fusion-title-heading title-heading-left fusion-responsive-typography-calculated\" style=\"margin:0;--fontSize:34;line-height:1.4;\">Leirit Hankasalmella<\/h1><\/div>\n<div class=\"fusion-text fusion-text-7\"><p><a href=\"https:\/\/www.leirille.fi\/leiri\/hankasalmi\/\">Lis\u00e4\u00e4 leirej\u00e4 &gt;&gt;<\/a><\/p>\n<\/div>\n<div id=\"fb-root\"><\/div>\n<div class=\"fb-page\" data-href=\"https:\/\/www.facebook.com\/Kuopion-Rauhanyhdistys-ry-362420861062310\/\" data-tabs=\"timeline\" data-width=\"\" data-height=\"300\" data-small-header=\"true\" data-adapt-container-width=\"true\" data-hide-cover=\"false\" data-show-facepile=\"false\">\n<blockquote class=\"fb-xfbml-parse-ignore\" cite=\"https:\/\/www.facebook.com\/Kuopion-Rauhanyhdistys-ry-362420861062310\/\"><p><a href=\"https:\/\/www.facebook.com\/Kuopion-Rauhanyhdistys-ry-362420861062310\/\">Kuopion Rauhanyhdistys ry<\/a><\/p><\/blockquote>\n<\/div>\n<div class=\"fusion-clearfix\"><\/div><\/div><\/div><\/div><\/div><\/p>\n","protected":false},"excerpt":{"rendered":"","protected":false},"author":1,"featured_media":0,"parent":0,"menu_order":0,"comment_status":"closed","ping_status":"closed","template":"100-width.php","meta":{"footnotes":""},"class_list":["post-13","page","type-page","status-publish","hentry"],"_links":{"self":[{"href":"https:\/\/paivitys.rauhanyhdistys.fi\/kuopio\/wp-json\/wp\/v2\/pages\/13","targetHints":{"allow":["GET"]}}],"collection":[{"href":"https:\/\/paivitys.rauhanyhdistys.fi\/kuopio\/wp-json\/wp\/v2\/pages"}],"about":[{"href":"https:\/\/paivitys.rauhanyhdistys.fi\/kuopio\/wp-json\/wp\/v2\/types\/page"}],"author":[{"embeddable":true,"href":"https:\/\/paivitys.rauhanyhdistys.fi\/kuopio\/wp-json\/wp\/v2\/users\/1"}],"replies":[{"embeddable":true,"href":"https:\/\/paivitys.rauhanyhdistys.fi\/kuopio\/wp-json\/wp\/v2\/comments?post=13"}],"version-history":[{"count":189,"href":"https:\/\/paivitys.rauhanyhdistys.fi\/kuopio\/wp-json\/wp\/v2\/pages\/13\/revisions"}],"predecessor-version":[{"id":673,"href":"https:\/\/paivitys.rauhanyhdistys.fi\/kuopio\/wp-json\/wp\/v2\/pages\/13\/revisions\/673"}],"wp:attachment":[{"href":"https:\/\/paivitys.rauhanyhdistys.fi\/kuopio\/wp-json\/wp\/v2\/media?parent=13"}],"curies":[{"name":"wp","href":"https:\/\/api.w.org\/{rel}","templated":true}]}}