{"id":127,"date":"2018-03-28T00:17:20","date_gmt":"2018-03-27T21:17:20","guid":{"rendered":"http:\/\/paivitys.rauhanyhdistys.fi\/kuopio\/?page_id=127"},"modified":"2025-09-21T11:30:38","modified_gmt":"2025-09-21T08:30:38","slug":"kuukausilahjoitus","status":"publish","type":"page","link":"https:\/\/paivitys.rauhanyhdistys.fi\/kuopio\/kuukausilahjoitus\/","title":{"rendered":"Kuukausilahjoitus"},"content":{"rendered":"<div class=\"fusion-fullwidth fullwidth-box fusion-builder-row-1 nonhundred-percent-fullwidth non-hundred-percent-height-scrolling\" style=\"--awb-border-radius-top-left:0px;--awb-border-radius-top-right:0px;--awb-border-radius-bottom-right:0px;--awb-border-radius-bottom-left:0px;--awb-flex-wrap:wrap;\" ><div class=\"fusion-builder-row fusion-row\"><div class=\"fusion-layout-column fusion_builder_column fusion-builder-column-0 fusion_builder_column_1_1 1_1 fusion-one-full fusion-column-first fusion-column-last\" style=\"--awb-bg-size:cover;\"><div class=\"fusion-column-wrapper fusion-flex-column-wrapper-legacy\"><div class=\"fusion-title title fusion-title-1 fusion-sep-none fusion-title-text fusion-title-size-one\"><h1 class=\"fusion-title-heading title-heading-left fusion-responsive-typography-calculated\" style=\"margin:0;--fontSize:34;line-height:1.4;\">Ryhdy kuukausilahjoittajaksi<\/h1><\/div><div class=\"fusion-text fusion-text-1\"><p>Toimitalon remonttilainan hoito edellytt\u00e4\u00e4 normaaliin toimintaan n\u00e4hden poikkeuksellista ja pitk\u00e4aikaista varojen keruuta. Remontin ohella varoja tarvitaan edelleen normaalin toiminnan kulujen kattamiseen.<\/p>\n<p><strong>Tee kuukausilahjoitus pankissasi ja lahjoita haluamasi summa\u00a0<\/strong><br \/>\n<strong>Kuopion ja ymp\u00e4rist\u00f6n Rauhanyhdistyksen tilille:<\/strong><\/p>\n<p><strong>FI24 5397 0820 0523 89<br \/>\nViitenumero: 40701<\/strong><\/p>\n<p><strong>Kertalahjoituksia voi suorittaa MobilePay:lla numeroon 30148. Valitse kategoria: &#8221;Lahjoitus&#8221;.<\/strong><\/p>\n<p>Rahanker\u00e4yslupa RA\/2020\/677.<\/p>\n<\/div><div class=\"fusion-clearfix\"><\/div><\/div><\/div><\/div><\/div>\n","protected":false},"excerpt":{"rendered":"","protected":false},"author":25,"featured_media":0,"parent":0,"menu_order":0,"comment_status":"closed","ping_status":"closed","template":"","meta":{"footnotes":""},"class_list":["post-127","page","type-page","status-publish","hentry"],"_links":{"self":[{"href":"https:\/\/paivitys.rauhanyhdistys.fi\/kuopio\/wp-json\/wp\/v2\/pages\/127","targetHints":{"allow":["GET"]}}],"collection":[{"href":"https:\/\/paivitys.rauhanyhdistys.fi\/kuopio\/wp-json\/wp\/v2\/pages"}],"about":[{"href":"https:\/\/paivitys.rauhanyhdistys.fi\/kuopio\/wp-json\/wp\/v2\/types\/page"}],"author":[{"embeddable":true,"href":"https:\/\/paivitys.rauhanyhdistys.fi\/kuopio\/wp-json\/wp\/v2\/users\/25"}],"replies":[{"embeddable":true,"href":"https:\/\/paivitys.rauhanyhdistys.fi\/kuopio\/wp-json\/wp\/v2\/comments?post=127"}],"version-history":[{"count":10,"href":"https:\/\/paivitys.rauhanyhdistys.fi\/kuopio\/wp-json\/wp\/v2\/pages\/127\/revisions"}],"predecessor-version":[{"id":133,"href":"https:\/\/paivitys.rauhanyhdistys.fi\/kuopio\/wp-json\/wp\/v2\/pages\/127\/revisions\/133"}],"wp:attachment":[{"href":"https:\/\/paivitys.rauhanyhdistys.fi\/kuopio\/wp-json\/wp\/v2\/media?parent=127"}],"curies":[{"name":"wp","href":"https:\/\/api.w.org\/{rel}","templated":true}]}}