{"id":11,"date":"2017-12-13T14:06:03","date_gmt":"2017-12-13T12:06:03","guid":{"rendered":"http:\/\/34.242.2.69\/kuopio\/?page_id=11"},"modified":"2025-08-26T16:07:13","modified_gmt":"2025-08-26T13:07:13","slug":"toimintakalenteri","status":"publish","type":"page","link":"https:\/\/paivitys.rauhanyhdistys.fi\/kuopio\/toimintakalenteri\/","title":{"rendered":"Toimintakalenteri"},"content":{"rendered":"<p><div class=\"fusion-fullwidth fullwidth-box fusion-builder-row-1 nonhundred-percent-fullwidth non-hundred-percent-height-scrolling\" style=\"--awb-border-radius-top-left:0px;--awb-border-radius-top-right:0px;--awb-border-radius-bottom-right:0px;--awb-border-radius-bottom-left:0px;--awb-flex-wrap:wrap;\" ><div class=\"fusion-builder-row fusion-row\"><div class=\"fusion-layout-column fusion_builder_column fusion-builder-column-0 fusion_builder_column_1_1 1_1 fusion-one-full fusion-column-first fusion-column-last\" style=\"--awb-bg-size:cover;\"><div class=\"fusion-column-wrapper fusion-flex-column-wrapper-legacy\"><div class=\"fusion-text fusion-text-1\"><\/div><div class=\"fusion-clearfix\"><\/div><\/div><\/div><\/div><\/div><div class=\"fusion-fullwidth fullwidth-box fusion-builder-row-2 has-pattern-background has-mask-background nonhundred-percent-fullwidth non-hundred-percent-height-scrolling\" style=\"--awb-border-radius-top-left:0px;--awb-border-radius-top-right:0px;--awb-border-radius-bottom-right:0px;--awb-border-radius-bottom-left:0px;--awb-flex-wrap:wrap;\" ><div class=\"fusion-builder-row fusion-row\"><div class=\"fusion-layout-column fusion_builder_column fusion-builder-column-1 fusion_builder_column_1_1 1_1 fusion-one-full fusion-column-first fusion-column-last\" style=\"--awb-bg-size:cover;\"><div class=\"fusion-column-wrapper fusion-flex-column-wrapper-legacy\"><div class=\"fusion-title title fusion-title-1 fusion-sep-none fusion-title-text fusion-title-size-one\"><h1 class=\"fusion-title-heading title-heading-left fusion-responsive-typography-calculated\" style=\"margin:0;--fontSize:34;line-height:1.4;\">Tulevat tapahtumat<\/h1><\/div><div class=\"fusion-text fusion-text-2\"><p><a href=\"#nuoret\">Nuorten tapahtumat<\/a>, <a href=\"#p\u00e4iv\u00e4kerhot\">p\u00e4iv\u00e4kerhot<\/a> ja <a href=\"#pyh\u00e4koulut\">pyh\u00e4koulut<\/a> l\u00f6ytyv\u00e4t t\u00e4m\u00e4n sivun lopusta.<\/p>\n<p><em>Tapahtumat toimitalolla ellei muuta ilmoitettu.<\/em><\/p>\n<\/div>\t\t\t\t<table class=\"intra\" data-id=\"38\" data-amount=\"60\" data-key=\"type:id:240,type:id:245\" data-features=\"audio,video\"><\/table><div class=\"fusion-clearfix\"><\/div><\/div><\/div><div class=\"fusion-layout-column fusion_builder_column fusion-builder-column-2 fusion_builder_column_1_1 1_1 fusion-one-full fusion-column-first fusion-column-last\" style=\"--awb-bg-size:cover;\"><div class=\"fusion-column-wrapper fusion-flex-column-wrapper-legacy\"><div class=\"fusion-title title fusion-title-2 fusion-sep-none fusion-title-text fusion-title-size-one\"><h1 class=\"fusion-title-heading title-heading-left fusion-responsive-typography-calculated\" style=\"margin:0;--fontSize:34;line-height:1.4;\"><a name=\"nuoret\"><\/a><br \/>\nNuorille<\/h1><\/div><table class=\"intra\" data-id=\"38\" data-amount=\"10\" data-key=\"type:id:242\" data-features=\"audio,video\"><\/table><div class=\"fusion-clearfix\"><\/div><\/div><\/div><\/div><\/div><div class=\"fusion-fullwidth fullwidth-box fusion-builder-row-3 nonhundred-percent-fullwidth non-hundred-percent-height-scrolling\" style=\"--awb-border-radius-top-left:0px;--awb-border-radius-top-right:0px;--awb-border-radius-bottom-right:0px;--awb-border-radius-bottom-left:0px;--awb-flex-wrap:wrap;\" ><div class=\"fusion-builder-row fusion-row\"><div class=\"fusion-layout-column fusion_builder_column fusion-builder-column-3 fusion_builder_column_1_1 1_1 fusion-one-full fusion-column-first fusion-column-last\" style=\"--awb-bg-size:cover;\"><div class=\"fusion-column-wrapper fusion-flex-column-wrapper-legacy\"><div class=\"fusion-title title fusion-title-3 fusion-sep-none fusion-title-text fusion-title-size-one\"><h1 class=\"fusion-title-heading title-heading-left fusion-responsive-typography-calculated\" style=\"margin:0;--fontSize:34;line-height:1.4;\"><p><a name=\"p\u00e4iv\u00e4kerhot\"><\/a><br \/>\nKaverikerho (1.-3.lk)<\/p><\/h1><\/div><table class=\"intra\" data-id=\"38\" data-amount=\"5\" data-key=\"type:id:3032\" data-features=\"audio,video\"><\/table><div class=\"fusion-clearfix\"><\/div><\/div><\/div><div class=\"fusion-layout-column fusion_builder_column fusion-builder-column-4 fusion_builder_column_1_1 1_1 fusion-one-full fusion-column-first fusion-column-last\" style=\"--awb-bg-size:cover;\"><div class=\"fusion-column-wrapper fusion-flex-column-wrapper-legacy\"><div class=\"fusion-title title fusion-title-4 fusion-sep-none fusion-title-text fusion-title-size-one\"><h1 class=\"fusion-title-heading title-heading-left fusion-responsive-typography-calculated\" style=\"margin:0;--fontSize:34;line-height:1.4;\"><a name=\"p\u00e4iv\u00e4kerhot\"><\/a><br \/>\nP\u00e4iv\u00e4kerhot<\/h1><\/div><table class=\"intra toiminta\" data-id=\"38\" data-amount=\"5\" \ndata-key=\"type:id:244\" data-features=\"empty,custom\">\n  <tbody>\n\t<tr>\n\t  \t<td>{{pvm}}<\/td>\n\t\t<td><strong>{{aika}}<\/strong><\/td>\n\t\t<td><em>{{info}}<\/em><\/td>\n\t<\/tr>\n  <\/tbody>\n<\/table><div class=\"fusion-clearfix\"><\/div><\/div><\/div><div class=\"fusion-layout-column fusion_builder_column fusion-builder-column-5 fusion_builder_column_1_1 1_1 fusion-one-full fusion-column-first fusion-column-last\" style=\"--awb-bg-size:cover;\"><div class=\"fusion-column-wrapper fusion-flex-column-wrapper-legacy\"><div class=\"fusion-title title fusion-title-5 fusion-sep-none fusion-title-text fusion-title-size-one\"><h1 class=\"fusion-title-heading title-heading-left fusion-responsive-typography-calculated\" style=\"margin:0;--fontSize:34;line-height:1.4;\"><a name=\"perhekerhot\"><\/a><br \/>\nPerhekerhot<\/h1><\/div><table class=\"intra\" data-id=\"38\" data-amount=\"5\" data-key=\"type:id:3607\" data-features=\"empty\"><\/table><div class=\"fusion-clearfix\"><\/div><\/div><\/div><div class=\"fusion-layout-column fusion_builder_column fusion-builder-column-6 fusion_builder_column_1_1 1_1 fusion-one-full fusion-column-first fusion-column-last\" style=\"--awb-bg-size:cover;\"><div class=\"fusion-column-wrapper fusion-flex-column-wrapper-legacy\"><div class=\"fusion-title title fusion-title-6 fusion-sep-none fusion-title-text fusion-title-size-one\"><h1 class=\"fusion-title-heading title-heading-left fusion-responsive-typography-calculated\" style=\"margin:0;--fontSize:34;line-height:1.4;\"><a name=\"pyh\u00e4koulut\"><\/a><br \/>\nPyh\u00e4koulut<\/h1><\/div><div class=\"fusion-clearfix\"><\/div><\/div><\/div><div class=\"fusion-layout-column fusion_builder_column fusion-builder-column-7 fusion_builder_column_1_2 1_2 fusion-one-half fusion-column-first\" style=\"--awb-bg-size:cover;width:50%;width:calc(50% - ( ( 4% ) * 0.5 ) );margin-right: 4%;\"><div class=\"fusion-column-wrapper fusion-flex-column-wrapper-legacy\"><div class=\"fusion-text fusion-text-3\"><p><u>Keskusta<\/u><\/p>\n<\/div><table class=\"intra toiminta\" data-id=\"38\" data-amount=\"5\" \ndata-key=\"type:id:243&&areas:id:31\" data-features=\"empty,custom\">\n  <tbody>\n\t<tr>\n\t  \t<td>{{pvm}}<\/td>\n\t\t<td><strong>{{aika}}<\/strong><\/td>\n\t\t<td><em>{{info}}<\/em><\/td>\n\t<\/tr>\n  <\/tbody>\n<\/table><div class=\"fusion-clearfix\"><\/div><\/div><\/div><div class=\"fusion-layout-column fusion_builder_column fusion-builder-column-8 fusion_builder_column_1_2 1_2 fusion-one-half fusion-column-last\" style=\"--awb-bg-size:cover;width:50%;width:calc(50% - ( ( 4% ) * 0.5 ) );\"><div class=\"fusion-column-wrapper fusion-flex-column-wrapper-legacy\"><div class=\"fusion-text fusion-text-4\"><p><u>Saaristokaupunki<\/u><\/p>\n<\/div><table class=\"intra toiminta\" data-id=\"38\" data-amount=\"5\" \ndata-key=\"type:id:243&&areas:id:32\" data-features=\"empty,custom\">\n  <tbody>\n\t<tr>\n\t  \t<td>{{pvm}}<\/td>\n\t\t<td><strong>{{aika}}<\/strong><\/td>\n\t\t<td><em>{{info}}<\/em><\/td>\n\t<\/tr>\n  <\/tbody>\n<\/table><div class=\"fusion-clearfix\"><\/div><\/div><\/div><div class=\"fusion-layout-column fusion_builder_column fusion-builder-column-9 fusion_builder_column_1_2 1_2 fusion-one-half fusion-column-first\" style=\"--awb-bg-size:cover;width:50%;width:calc(50% - ( ( 4% ) * 0.5 ) );margin-right: 4%;\"><div class=\"fusion-column-wrapper fusion-flex-column-wrapper-legacy\"><div class=\"fusion-text fusion-text-5\"><p><u>Etel\u00e4-Kuopio A<\/u><\/p>\n<\/div><table class=\"intra toiminta\" data-id=\"38\" data-amount=\"5\" \ndata-key=\"type:id:243&&areas:id:33\" data-features=\"empty,custom\">\n  <tbody>\n\t<tr>\n\t  \t<td>{{pvm}}<\/td>\n\t\t<td><strong>{{aika}}<\/strong><\/td>\n\t\t<td><em>{{info}}<\/em><\/td>\n\t<\/tr>\n  <\/tbody>\n<\/table><div class=\"fusion-clearfix\"><\/div><\/div><\/div><div class=\"fusion-layout-column fusion_builder_column fusion-builder-column-10 fusion_builder_column_1_2 1_2 fusion-one-half fusion-column-last\" style=\"--awb-bg-size:cover;width:50%;width:calc(50% - ( ( 4% ) * 0.5 ) );\"><div class=\"fusion-column-wrapper fusion-flex-column-wrapper-legacy\"><div class=\"fusion-text fusion-text-6\"><p><u>Etel\u00e4-Kuopio B<\/u><\/p>\n<\/div><table class=\"intra toiminta\" data-id=\"38\" data-amount=\"5\" \ndata-key=\"type:id:243&&areas:id:126\" data-features=\"empty,custom\">\n  <tbody>\n\t<tr>\n\t  \t<td>{{pvm}}<\/td>\n\t\t<td><strong>{{aika}}<\/strong><\/td>\n\t\t<td><em>{{info}}<\/em><\/td>\n\t<\/tr>\n  <\/tbody>\n<\/table><div class=\"fusion-clearfix\"><\/div><\/div><\/div><div class=\"fusion-layout-column fusion_builder_column fusion-builder-column-11 fusion_builder_column_1_2 1_2 fusion-one-half fusion-column-first\" style=\"--awb-bg-size:cover;width:50%;width:calc(50% - ( ( 4% ) * 0.5 ) );margin-right: 4%;\"><div class=\"fusion-column-wrapper fusion-flex-column-wrapper-legacy\"><div class=\"fusion-text fusion-text-7\"><p><u>Toivala-Muuruvesi<\/u><\/p>\n<\/div><table class=\"intra toiminta\" data-id=\"38\" data-amount=\"5\" \ndata-key=\"type:id:243&&areas:id:127\" data-features=\"empty,custom\">\n  <tbody>\n\t<tr>\n\t  \t<td>{{pvm}}<\/td>\n\t\t<td><strong>{{aika}}<\/strong><\/td>\n\t\t<td><em>{{info}}<\/em><\/td>\n\t<\/tr>\n  <\/tbody>\n<\/table><div class=\"fusion-clearfix\"><\/div><\/div><\/div><div class=\"fusion-layout-column fusion_builder_column fusion-builder-column-12 fusion_builder_column_1_2 1_2 fusion-one-half fusion-column-last\" style=\"--awb-bg-size:cover;width:50%;width:calc(50% - ( ( 4% ) * 0.5 ) );\"><div class=\"fusion-column-wrapper fusion-flex-column-wrapper-legacy\"><div class=\"fusion-text fusion-text-8\"><p><u>It\u00e4-Siilinj\u00e4rvi<\/u><\/p>\n<\/div><table class=\"intra toiminta\" data-id=\"38\" data-amount=\"5\" data-key=\"type:id:243&&areas:id:128\" data-features=\"empty,custom\">\n  <tbody>\n\t<tr>\n\t  \t<td>{{pvm}}<\/td>\n\t\t<td><strong>{{aika}}<\/strong><\/td>\n\t\t<td><em>{{info}}<\/em><\/td>\n\t<\/tr>\n  <\/tbody>\n<\/table><div class=\"fusion-clearfix\"><\/div><\/div><\/div><div class=\"fusion-layout-column fusion_builder_column fusion-builder-column-13 fusion_builder_column_1_2 1_2 fusion-one-half fusion-column-first\" style=\"--awb-bg-size:cover;width:50%;width:calc(50% - ( ( 4% ) * 0.5 ) );margin-right: 4%;\"><div class=\"fusion-column-wrapper fusion-flex-column-wrapper-legacy\"><div class=\"fusion-text fusion-text-9\"><p><u>L\u00e4nsi-Siilinj\u00e4rvi<\/u><\/p>\n<\/div><table class=\"intra toiminta\" data-id=\"38\" data-amount=\"5\" data-key=\"type:id:243&&areas:id:129\" data-features=\"empty,custom\">\n  <tbody>\n\t<tr>\n\t  \t<td>{{pvm}}<\/td>\n\t\t<td><strong>{{aika}}<\/strong><\/td>\n\t\t<td><em>{{info}}<\/em><\/td>\n\t<\/tr>\n  <\/tbody>\n<\/table><div class=\"fusion-clearfix\"><\/div><\/div><\/div><\/div><\/div><\/p>\n","protected":false},"excerpt":{"rendered":"","protected":false},"author":1,"featured_media":0,"parent":0,"menu_order":0,"comment_status":"closed","ping_status":"closed","template":"","meta":{"footnotes":""},"class_list":["post-11","page","type-page","status-publish","hentry"],"_links":{"self":[{"href":"https:\/\/paivitys.rauhanyhdistys.fi\/kuopio\/wp-json\/wp\/v2\/pages\/11","targetHints":{"allow":["GET"]}}],"collection":[{"href":"https:\/\/paivitys.rauhanyhdistys.fi\/kuopio\/wp-json\/wp\/v2\/pages"}],"about":[{"href":"https:\/\/paivitys.rauhanyhdistys.fi\/kuopio\/wp-json\/wp\/v2\/types\/page"}],"author":[{"embeddable":true,"href":"https:\/\/paivitys.rauhanyhdistys.fi\/kuopio\/wp-json\/wp\/v2\/users\/1"}],"replies":[{"embeddable":true,"href":"https:\/\/paivitys.rauhanyhdistys.fi\/kuopio\/wp-json\/wp\/v2\/comments?post=11"}],"version-history":[{"count":67,"href":"https:\/\/paivitys.rauhanyhdistys.fi\/kuopio\/wp-json\/wp\/v2\/pages\/11\/revisions"}],"predecessor-version":[{"id":650,"href":"https:\/\/paivitys.rauhanyhdistys.fi\/kuopio\/wp-json\/wp\/v2\/pages\/11\/revisions\/650"}],"wp:attachment":[{"href":"https:\/\/paivitys.rauhanyhdistys.fi\/kuopio\/wp-json\/wp\/v2\/media?parent=11"}],"curies":[{"name":"wp","href":"https:\/\/api.w.org\/{rel}","templated":true}]}}