{"id":106,"date":"2018-06-13T15:03:15","date_gmt":"2018-06-13T12:03:15","guid":{"rendered":"http:\/\/paivitys.rauhanyhdistys.fi\/esimerkkiry\/?page_id=106"},"modified":"2025-09-04T09:42:09","modified_gmt":"2025-09-04T06:42:09","slug":"ajankohtaista","status":"publish","type":"page","link":"https:\/\/paivitys.rauhanyhdistys.fi\/kouvola\/ajankohtaista\/","title":{"rendered":"Ajankohtaista"},"content":{"rendered":"<div class=\"fusion-fullwidth fullwidth-box fusion-builder-row-1 nonhundred-percent-fullwidth non-hundred-percent-height-scrolling\" style=\"--awb-border-radius-top-left:0px;--awb-border-radius-top-right:0px;--awb-border-radius-bottom-right:0px;--awb-border-radius-bottom-left:0px;--awb-flex-wrap:wrap;\" ><div class=\"fusion-builder-row fusion-row\"><div class=\"fusion-layout-column fusion_builder_column fusion-builder-column-0 fusion_builder_column_1_1 1_1 fusion-one-full fusion-column-first fusion-column-last\" style=\"--awb-bg-size:cover;\"><div class=\"fusion-column-wrapper fusion-column-has-shadow fusion-flex-column-wrapper-legacy\"><div class=\"fusion-title title fusion-title-1 fusion-sep-none fusion-title-text fusion-title-size-one\"><h1 class=\"fusion-title-heading title-heading-left fusion-responsive-typography-calculated\" style=\"margin:0;--fontSize:34;line-height:1.4;\">Ajankohtaista<\/h1><\/div><div class=\"fusion-text fusion-text-1\"><\/div><div class=\"fusion-blog-shortcode fusion-blog-shortcode-1 fusion-blog-archive fusion-blog-layout-large fusion-blog-pagination\"><div class=\"fusion-posts-container fusion-posts-container-pagination fusion-blog-rollover\" data-pages=\"1\"><article id=\"blog-1-post-799\" class=\"fusion-post-large post-799 post type-post status-publish format-standard hentry category-ajankohtaista\">\n\t<style type=\"text\/css\">\n\t\t\n\t\t\n\t\t\n\t\t\n\t\t\t<\/style>\n\n\n<div class=\"fusion-post-content post-content\"><h2 class=\"blog-shortcode-post-title entry-title\"><a href=\"https:\/\/paivitys.rauhanyhdistys.fi\/kouvola\/2025\/09\/03\/kuusankosken-kirkko-kutsuu-laulamaan-siionin-lauluja-ja-virsi\/\">Kuusankosken kirkko kutsuu laulamaan siionin lauluja ja virsi<\/a><\/h2><div class=\"fusion-post-content-container\"><p>   Kuusankosken kirkko kutsuu laulamaan siionin lauluja ja virsi\u00e4 Tervetuloa tunnelmalliseen lauluiltaan Kuusankosken kirkkoon la 20.9.2025 klo 17. os. Valtakatu 24 45700 Kouvola. Yhteislaulujen s\u00e4estykset: Viena Kontkanen ja lauluryhm\u00e4. Iltahartaus: Jukka Palola. Lauluillan j\u00e4lkeen Kouvolan rauhanyhdistyksell\u00e4 (os. Puhjonm\u00e4entie 2) on tarjolla iltapalaa (10 euroa). Ilta jatkuu iltakyl\u00e4ll\u00e4. Puheenvuoro: Markku [...]<\/p><\/div><\/div><div class=\"fusion-clearfix\"><\/div><div class=\"fusion-meta-info\"><div class=\"fusion-alignleft\"><span class=\"vcard\" style=\"display: none;\"><span class=\"fn\">kalleylimaki<\/span><\/span><span class=\"updated\" style=\"display:none;\">2025-09-11T17:34:24+03:00<\/span><span>3 syyskuun, 2025<\/span><span class=\"fusion-inline-sep\">|<\/span><\/div><div class=\"fusion-alignright\"><a class=\"fusion-read-more\" href=\"https:\/\/paivitys.rauhanyhdistys.fi\/kouvola\/2025\/09\/03\/kuusankosken-kirkko-kutsuu-laulamaan-siionin-lauluja-ja-virsi\/\" aria-label=\"More on Kuusankosken kirkko kutsuu laulamaan siionin lauluja ja virsi\">Lue Lis\u00e4\u00e4<\/a><\/div><\/div><\/article>\n<article id=\"blog-1-post-710\" class=\"fusion-post-large post-710 post type-post status-publish format-standard hentry category-ajankohtaista\">\n\t<style type=\"text\/css\">\n\t\t\n\t\t\n\t\t\n\t\t\n\t\t\t<\/style>\n\n\n<div class=\"fusion-post-content post-content\"><h2 class=\"blog-shortcode-post-title entry-title\"><a href=\"https:\/\/paivitys.rauhanyhdistys.fi\/kouvola\/2023\/04\/18\/miten-lestadiolaisuus-syntyi\/\">Miten lestadiolaisuus syntyi, ja ket\u00e4 ovat lestadiolaiset (17.3.2023)<\/a><\/h2><div class=\"fusion-post-content-container\"><p>Kouvolan seudun rauhanyhdistys juhlii 50-vuotista taivaltaan t\u00e4n\u00e4 kev\u00e4\u00e4n\u00e4. Kuusankosken Puhjonm\u00e4entiell\u00e4 sijaitseva toimintakeskus on seudun vanhoillislestadiolaisten kokoontumispaikka. Mist\u00e4 lestadiolaisuus sai alkunsa? T\u00e4t\u00e4 kysymyst\u00e4 pohtii juhlaesitlm\u00e4ss\u00e4\u00e4n Seppo Lohi, filosofian tohtori ja dosentti, joka on tutkinut Lesatdiolaisuuden historiaa ja levi\u00e4mist\u00e4 Suomessa. -Avaintapahtumalla tarkoitan ns. lestadiolaisten her\u00e4tysten l\u00e4ht\u00f6pistett\u00e4, eli sit\u00e4 milloin, miss\u00e4 ja miten liikkeen [...]<\/p><\/div><\/div><div class=\"fusion-clearfix\"><\/div><div class=\"fusion-meta-info\"><div class=\"fusion-alignleft\"><span class=\"vcard\" style=\"display: none;\"><span class=\"fn\">kalleylimaki<\/span><\/span><span class=\"updated\" style=\"display:none;\">2023-04-19T20:43:40+03:00<\/span><span>18 huhtikuun, 2023<\/span><span class=\"fusion-inline-sep\">|<\/span><\/div><div class=\"fusion-alignright\"><a class=\"fusion-read-more\" href=\"https:\/\/paivitys.rauhanyhdistys.fi\/kouvola\/2023\/04\/18\/miten-lestadiolaisuus-syntyi\/\" aria-label=\"More on Miten lestadiolaisuus syntyi, ja ket\u00e4 ovat lestadiolaiset (17.3.2023)\">Lue Lis\u00e4\u00e4<\/a><\/div><\/div><\/article>\n<article id=\"blog-1-post-700\" class=\"fusion-post-large post-700 post type-post status-publish format-standard hentry category-ajankohtaista\">\n\t<style type=\"text\/css\">\n\t\t\n\t\t\n\t\t\n\t\t\n\t\t\t<\/style>\n\n\n<div class=\"fusion-post-content post-content\"><h2 class=\"blog-shortcode-post-title entry-title\"><a href=\"https:\/\/paivitys.rauhanyhdistys.fi\/kouvola\/2023\/04\/18\/savon-radan-rakennustyo-ja-liikkuvat-kasityolaiset-toivat-lestadiolaisuuden-kouvolaan\/\">Savon radan rakennusty\u00f6 ja liikkuvat k\u00e4sity\u00f6laiset toivat lestadiolaisuuden Kouvolaan (17.3.2023)<\/a><\/h2><div class=\"fusion-post-content-container\"><p>Miten ja milloin liike saapui Kymenlaaksoon? T\u00e4t\u00e4 kysymykseen vastaa Seppo Lohi, filosofian tohtori ja dosentti, joka on tutkinut Lesatdiolaisuuden historiaa ja levi\u00e4mist\u00e4 Suomessa. -Varsinaisesti ensikosketukset Kymenlaaksoon lestadiolaisuus sai 1880-luvulla. Liike eteni liikkuvien k\u00e4sity\u00f6l\u00e4isten, ty\u00f6t\u00e4 etsivien renkien ja mets\u00e4ty\u00f6miesten mukana. Varsinkin Kotkansaarelle nousseet sahalaitokset vetiv\u00e4t pohjoisestakin v\u00e4ke\u00e4. -M\u00e4\u00e4r\u00e4llisesti koko alue j\u00e4in 1800-luvun [...]<\/p><\/div><\/div><div class=\"fusion-clearfix\"><\/div><div class=\"fusion-meta-info\"><div class=\"fusion-alignleft\"><span class=\"vcard\" style=\"display: none;\"><span class=\"fn\">kalleylimaki<\/span><\/span><span class=\"updated\" style=\"display:none;\">2023-04-19T20:40:17+03:00<\/span><span>18 huhtikuun, 2023<\/span><span class=\"fusion-inline-sep\">|<\/span><\/div><div class=\"fusion-alignright\"><a class=\"fusion-read-more\" href=\"https:\/\/paivitys.rauhanyhdistys.fi\/kouvola\/2023\/04\/18\/savon-radan-rakennustyo-ja-liikkuvat-kasityolaiset-toivat-lestadiolaisuuden-kouvolaan\/\" aria-label=\"More on Savon radan rakennusty\u00f6 ja liikkuvat k\u00e4sity\u00f6laiset toivat lestadiolaisuuden Kouvolaan (17.3.2023)\">Lue Lis\u00e4\u00e4<\/a><\/div><\/div><\/article>\n<article id=\"blog-1-post-675\" class=\"fusion-post-large post-675 post type-post status-publish format-standard hentry category-ajankohtaista\">\n\t<style type=\"text\/css\">\n\t\t\n\t\t\n\t\t\n\t\t\n\t\t\t<\/style>\n\n\n<div class=\"fusion-post-content post-content\"><h2 class=\"blog-shortcode-post-title entry-title\"><a href=\"https:\/\/paivitys.rauhanyhdistys.fi\/kouvola\/2023\/04\/03\/juhlakuulutus-3-4-2023\/\">Juhlakuulutus (3.4.2023)<\/a><\/h2><div class=\"fusion-post-content-container\"><p>Rakkaat matkayst\u00e4v\u00e4t. Viet\u00e4mme t\u00e4n\u00e4 vuonna kotisiionimme Kouvolan seudun rauhanyhdistyksen 50-vuotisjuhlavuotta. Juhlap\u00e4iv\u00e4 on su 7.5.2023. Juhlap\u00e4iv\u00e4 alkaa juhlamessulla Kuusankosken kirkossa klo 10.00, jonka j\u00e4lkeen on kutsuvieras- ja kirkkovieraslounas rauhanyhdistyksell\u00e4. Varsinainen juhla alkaa rauhanyhdistyksell\u00e4 klo 13.30. Messuun ja sen j\u00e4lkeen lounaalle osallistuvia pyydet\u00e4\u00e4n ilmoittautumaan viimeist\u00e4\u00e4n 30.4. Tiia Koivistolle tekstiviestill\u00e4 numeroon 050 344 0232. [...]<\/p><\/div><\/div><div class=\"fusion-clearfix\"><\/div><div class=\"fusion-meta-info\"><div class=\"fusion-alignleft\"><span class=\"vcard\" style=\"display: none;\"><span class=\"fn\">kalleylimaki<\/span><\/span><span class=\"updated\" style=\"display:none;\">2023-04-18T20:37:28+03:00<\/span><span>3 huhtikuun, 2023<\/span><span class=\"fusion-inline-sep\">|<\/span><\/div><div class=\"fusion-alignright\"><a class=\"fusion-read-more\" href=\"https:\/\/paivitys.rauhanyhdistys.fi\/kouvola\/2023\/04\/03\/juhlakuulutus-3-4-2023\/\" aria-label=\"More on Juhlakuulutus (3.4.2023)\">Lue Lis\u00e4\u00e4<\/a><\/div><\/div><\/article>\n<article id=\"blog-1-post-644\" class=\"fusion-post-large post-644 post type-post status-publish format-standard hentry category-ajankohtaista tag-kouvolan-seudun-rahanyhdistys\">\n\t<style type=\"text\/css\">\n\t\t\n\t\t\n\t\t\n\t\t\n\t\t\t<\/style>\n\n\n<div class=\"fusion-post-content post-content\"><h2 class=\"blog-shortcode-post-title entry-title\"><a href=\"https:\/\/paivitys.rauhanyhdistys.fi\/kouvola\/2023\/04\/02\/kouvolan-seudun-rauhanyhdistys-50-vuotta\/\">Kouvolan Seudun Rauhanyhdistyksen 50- vuotis p\u00e4iv\u00e4t l\u00e4hestyv\u00e4t. Juhlia viet\u00e4mme 7.5.2023<\/a><\/h2><div class=\"fusion-post-content-container\"><p>Kouvolan seudun rauhanyhdistys juhlii t\u00e4n\u00e4 vuonna 50-vuotista toimintaansa. Vuonna 1972 perustettu yhdistys on jatkoa aikaisemmin Kotkassa toimineelle Kymenlaakson alueen vanhoillislestadiolaisten toimintaa kokoavalle yhdistykselle. Mik\u00e4 on rauhanyhdistys, ket\u00e4 siihen kuuluu ja mist\u00e4 se on tullut? Kouvolan seudun rauhanyhdistyksen toimitalo Puhjonm\u00e4entiell\u00e4 Kuusankoskella Seppo Lohi N\u00e4ihin kysymyksiin vastaa Simon entinen kirkkoherra, teologian maisteri ja [...]<\/p><\/div><\/div><div class=\"fusion-clearfix\"><\/div><div class=\"fusion-meta-info\"><div class=\"fusion-alignleft\"><span class=\"vcard\" style=\"display: none;\"><span class=\"fn\">kalleylimaki<\/span><\/span><span class=\"updated\" style=\"display:none;\">2023-04-03T20:23:25+03:00<\/span><span>2 huhtikuun, 2023<\/span><span class=\"fusion-inline-sep\">|<\/span><span class=\"meta-tags\">Tags: <a href=\"https:\/\/paivitys.rauhanyhdistys.fi\/kouvola\/tag\/kouvolan-seudun-rahanyhdistys\/\" rel=\"tag\">Kouvolan Seudun Rahanyhdistys<\/a><\/span><span class=\"fusion-inline-sep\">|<\/span><\/div><div class=\"fusion-alignright\"><a class=\"fusion-read-more\" href=\"https:\/\/paivitys.rauhanyhdistys.fi\/kouvola\/2023\/04\/02\/kouvolan-seudun-rauhanyhdistys-50-vuotta\/\" aria-label=\"More on Kouvolan Seudun Rauhanyhdistyksen 50- vuotis p\u00e4iv\u00e4t l\u00e4hestyv\u00e4t. Juhlia viet\u00e4mme 7.5.2023\">Lue Lis\u00e4\u00e4<\/a><\/div><\/div><\/article>\n<\/div><\/div><div class=\"fusion-video fusion-youtube fusion-aligncenter\" style=\"--awb-max-width:600px;--awb-max-height:360px;--awb-width:100%;\"><div class=\"video-shortcode\"><div class=\"fluid-width-video-wrapper\" style=\"padding-top:60%;\" ><iframe title=\"YouTube video player 1\" src=\"https:\/\/www.youtube.com\/embed\/G947CvI9oNg?wmode=transparent&autoplay=0\" width=\"600\" height=\"360\" allowfullscreen allow=\"autoplay; clipboard-write; encrypted-media; gyroscope; picture-in-picture;\"><\/iframe><\/div><\/div><\/div><div class=\"fusion-video fusion-youtube fusion-aligncenter\" style=\"--awb-max-width:600px;--awb-max-height:360px;--awb-width:100%;\"><div class=\"video-shortcode\"><div class=\"fluid-width-video-wrapper\" style=\"padding-top:60%;\" ><iframe title=\"YouTube video player 2\" src=\"https:\/\/www.youtube.com\/embed\/leuU-OttMfg?wmode=transparent&autoplay=0\" width=\"600\" height=\"360\" allowfullscreen allow=\"autoplay; clipboard-write; encrypted-media; gyroscope; picture-in-picture;\"><\/iframe><\/div><\/div><\/div><div class=\"fusion-video fusion-youtube fusion-aligncenter\" style=\"--awb-max-width:600px;--awb-max-height:360px;--awb-width:100%;\"><div class=\"video-shortcode\"><div class=\"fluid-width-video-wrapper\" style=\"padding-top:60%;\" ><iframe title=\"YouTube video player 3\" src=\"https:\/\/www.youtube.com\/embed\/YlH1iqs0cBE?wmode=transparent&autoplay=0\" width=\"600\" height=\"360\" allowfullscreen allow=\"autoplay; clipboard-write; encrypted-media; gyroscope; picture-in-picture;\"><\/iframe><\/div><\/div><\/div><div class=\"fusion-video fusion-youtube fusion-aligncenter\" style=\"--awb-max-width:600px;--awb-max-height:360px;--awb-width:100%;\"><div class=\"video-shortcode\"><div class=\"fluid-width-video-wrapper\" style=\"padding-top:60%;\" ><iframe title=\"YouTube video player 4\" src=\"https:\/\/www.youtube.com\/embed\/mVw1L8S3n-Y?wmode=transparent&autoplay=0\" width=\"600\" height=\"360\" allowfullscreen allow=\"autoplay; clipboard-write; encrypted-media; gyroscope; picture-in-picture;\"><\/iframe><\/div><\/div><\/div><div class=\"fusion-clearfix\"><\/div><\/div><\/div><\/div><\/div>\n","protected":false},"excerpt":{"rendered":"","protected":false},"author":64,"featured_media":0,"parent":0,"menu_order":0,"comment_status":"closed","ping_status":"closed","template":"","meta":{"footnotes":""},"class_list":["post-106","page","type-page","status-publish","hentry"],"_links":{"self":[{"href":"https:\/\/paivitys.rauhanyhdistys.fi\/kouvola\/wp-json\/wp\/v2\/pages\/106","targetHints":{"allow":["GET"]}}],"collection":[{"href":"https:\/\/paivitys.rauhanyhdistys.fi\/kouvola\/wp-json\/wp\/v2\/pages"}],"about":[{"href":"https:\/\/paivitys.rauhanyhdistys.fi\/kouvola\/wp-json\/wp\/v2\/types\/page"}],"author":[{"embeddable":true,"href":"https:\/\/paivitys.rauhanyhdistys.fi\/kouvola\/wp-json\/wp\/v2\/users\/64"}],"replies":[{"embeddable":true,"href":"https:\/\/paivitys.rauhanyhdistys.fi\/kouvola\/wp-json\/wp\/v2\/comments?post=106"}],"version-history":[{"count":53,"href":"https:\/\/paivitys.rauhanyhdistys.fi\/kouvola\/wp-json\/wp\/v2\/pages\/106\/revisions"}],"predecessor-version":[{"id":807,"href":"https:\/\/paivitys.rauhanyhdistys.fi\/kouvola\/wp-json\/wp\/v2\/pages\/106\/revisions\/807"}],"wp:attachment":[{"href":"https:\/\/paivitys.rauhanyhdistys.fi\/kouvola\/wp-json\/wp\/v2\/media?parent=106"}],"curies":[{"name":"wp","href":"https:\/\/api.w.org\/{rel}","templated":true}]}}