{"id":731,"date":"2021-04-23T15:57:40","date_gmt":"2021-04-23T12:57:40","guid":{"rendered":"https:\/\/paivitys.rauhanyhdistys.fi\/kokkola\/?page_id=731"},"modified":"2021-04-23T16:05:26","modified_gmt":"2021-04-23T13:05:26","slug":"seurat","status":"publish","type":"page","link":"https:\/\/paivitys.rauhanyhdistys.fi\/kokkola\/seurat\/","title":{"rendered":"Seurat"},"content":{"rendered":"<div class=\"fusion-fullwidth fullwidth-box fusion-builder-row-1 fusion-flex-container nonhundred-percent-fullwidth non-hundred-percent-height-scrolling\" style=\"--awb-border-radius-top-left:0px;--awb-border-radius-top-right:0px;--awb-border-radius-bottom-right:0px;--awb-border-radius-bottom-left:0px;--awb-flex-wrap:wrap;\" ><div class=\"fusion-builder-row fusion-row fusion-flex-align-items-flex-start fusion-flex-content-wrap\" style=\"max-width:1144px;margin-left: calc(-4% \/ 2 );margin-right: calc(-4% \/ 2 );\"><div class=\"fusion-layout-column fusion_builder_column fusion-builder-column-0 fusion_builder_column_1_1 1_1 fusion-flex-column\" style=\"--awb-bg-size:cover;--awb-width-large:100%;--awb-margin-top-large:0px;--awb-spacing-right-large:1.92%;--awb-margin-bottom-large:20px;--awb-spacing-left-large:1.92%;--awb-width-medium:100%;--awb-order-medium:0;--awb-spacing-right-medium:1.92%;--awb-spacing-left-medium:1.92%;--awb-width-small:100%;--awb-order-small:0;--awb-spacing-right-small:1.92%;--awb-spacing-left-small:1.92%;\"><div class=\"fusion-column-wrapper fusion-column-has-shadow fusion-flex-justify-content-flex-start fusion-content-layout-column\"><div class=\"fusion-title title fusion-title-1 fusion-sep-none fusion-title-text fusion-title-size-one\"><h1 class=\"fusion-title-heading title-heading-left fusion-responsive-typography-calculated\" style=\"margin:0;--fontSize:34;line-height:1.4;\">Seurat<\/h1><\/div><div class=\"fusion-text fusion-text-1\"><p>Seuroihin kokoonnutaan yleens\u00e4 tiistaisin, lauantaisin ja sunnuntaisin. Tiistaisin ja lauantaisin on yksi seurapuhe, sunnuntaisin kaksi. Seuroihin ja muuhun toimintaan on vapaa p\u00e4\u00e4sy ja kaikki ovat l\u00e4mpim\u00e4sti tervetulleita. Puheen pit\u00e4\u00e4 maallikkosaarnaaja tai pappi. Puheen j\u00e4lkeen on mahdollisuus k\u00e4ytt\u00e4\u00e4 seuraravintolan palveluja. \u00a0Seuroja j\u00e4rjestet\u00e4\u00e4n oman toimitalon lis\u00e4ksi toimialueen kirkoissa.<\/p>\n<\/div><\/div><\/div><\/div><\/div>\n","protected":false},"excerpt":{"rendered":"","protected":false},"author":167,"featured_media":0,"parent":0,"menu_order":0,"comment_status":"closed","ping_status":"closed","template":"","meta":{"footnotes":""},"class_list":["post-731","page","type-page","status-publish","hentry"],"_links":{"self":[{"href":"https:\/\/paivitys.rauhanyhdistys.fi\/kokkola\/wp-json\/wp\/v2\/pages\/731","targetHints":{"allow":["GET"]}}],"collection":[{"href":"https:\/\/paivitys.rauhanyhdistys.fi\/kokkola\/wp-json\/wp\/v2\/pages"}],"about":[{"href":"https:\/\/paivitys.rauhanyhdistys.fi\/kokkola\/wp-json\/wp\/v2\/types\/page"}],"author":[{"embeddable":true,"href":"https:\/\/paivitys.rauhanyhdistys.fi\/kokkola\/wp-json\/wp\/v2\/users\/167"}],"replies":[{"embeddable":true,"href":"https:\/\/paivitys.rauhanyhdistys.fi\/kokkola\/wp-json\/wp\/v2\/comments?post=731"}],"version-history":[{"count":2,"href":"https:\/\/paivitys.rauhanyhdistys.fi\/kokkola\/wp-json\/wp\/v2\/pages\/731\/revisions"}],"predecessor-version":[{"id":750,"href":"https:\/\/paivitys.rauhanyhdistys.fi\/kokkola\/wp-json\/wp\/v2\/pages\/731\/revisions\/750"}],"wp:attachment":[{"href":"https:\/\/paivitys.rauhanyhdistys.fi\/kokkola\/wp-json\/wp\/v2\/media?parent=731"}],"curies":[{"name":"wp","href":"https:\/\/api.w.org\/{rel}","templated":true}]}}