{"id":9,"date":"2017-12-13T14:05:37","date_gmt":"2017-12-13T12:05:37","guid":{"rendered":"http:\/\/34.242.2.69\/esimerkkiry\/?page_id=9"},"modified":"2025-09-25T23:22:44","modified_gmt":"2025-09-25T20:22:44","slug":"yhteystiedot","status":"publish","type":"page","link":"https:\/\/paivitys.rauhanyhdistys.fi\/kempele\/yhteystiedot\/","title":{"rendered":"Yhteystiedot"},"content":{"rendered":"<p><div class=\"fusion-fullwidth fullwidth-box fusion-builder-row-1 nonhundred-percent-fullwidth non-hundred-percent-height-scrolling\" style=\"--awb-border-radius-top-left:0px;--awb-border-radius-top-right:0px;--awb-border-radius-bottom-right:0px;--awb-border-radius-bottom-left:0px;--awb-flex-wrap:wrap;\" ><div class=\"fusion-builder-row fusion-row\"><div class=\"fusion-layout-column fusion_builder_column fusion-builder-column-0 fusion_builder_column_1_2 1_2 fusion-one-half fusion-column-first\" style=\"--awb-bg-size:cover;width:50%;width:calc(50% - ( ( 4% ) * 0.5 ) );margin-right: 4%;\"><div class=\"fusion-column-wrapper fusion-flex-column-wrapper-legacy\"><div class=\"fusion-title title fusion-title-1 fusion-sep-none fusion-title-text fusion-title-size-one\"><h1 class=\"fusion-title-heading title-heading-left fusion-responsive-typography-calculated\" style=\"margin:0;--fontSize:34;line-height:1.4;\">Osoitteet<\/h1><\/div><div class=\"fusion-text fusion-text-1\"><p>Osoite: Hovintie 15, 90440, Kempele<\/p>\n<p>(ei laskuja t\u00e4h\u00e4n, ks. alempi kohta)<\/p>\n<p>Y-tunnus: 0226695-3<\/p>\n<h2>Tilavaraukset<\/h2>\n<p>tilavaraukset@kempeleenrauhanyhdistys.fi<\/p>\n<h2>Laskutusosoite<\/h2>\n<p>Verkkolaskuosoite: 003702266953<br \/>\nVerkkolaskujen v\u00e4litt\u00e4j\u00e4: Maventa<br \/>\nV\u00e4litt\u00e4j\u00e4tunnus: 003721291126<\/p>\n<p>Mik\u00e4li ette pysty l\u00e4hett\u00e4m\u00e4\u00e4n laskuja s\u00e4hk\u00f6isesti, pyyd\u00e4mme toimittamaan paperiset ostolaskut osoitteella:<br \/>\n<em>Kempeleen Rauhanyhdistys ry<\/em><br \/>\n<em>02266953<\/em><br \/>\n<em>PL 100<\/em><br \/>\n<em>80020 Kollektor Scan<\/em><\/p>\n<p><b>Yhteystietoja:<\/b><\/p>\n<p>sihteeri@kempeleenrauhanyhdistys.fi<\/p>\n<p>puheenjohtaja@kempeleenrauhanyhdistys.fi<\/p>\n<p>taloudenhoitaja@kempeleenrauhanyhdistys.fi<\/p>\n<p>tilavaraukset@kempeleenrauhanyhdistys.fi<\/p>\n<p>tiedotus@kempeleenrauhanyhdistys.fi<\/p>\n<p>tilavaraukset@kempeleenrauhanyhdistys.fi<\/p>\n<p>it-tuki@kempeleenrauhanyhdistys.fi<\/p>\n<\/div><div class=\"fusion-clearfix\"><\/div><\/div><\/div><div class=\"fusion-layout-column fusion_builder_column fusion-builder-column-1 fusion_builder_column_1_2 1_2 fusion-one-half fusion-column-last\" style=\"--awb-bg-size:cover;width:50%;width:calc(50% - ( ( 4% ) * 0.5 ) );\"><div class=\"fusion-column-wrapper fusion-flex-column-wrapper-legacy\"><div class=\"fusion-title title fusion-title-2 fusion-sep-none fusion-title-text fusion-title-size-one\"><h1 class=\"fusion-title-heading title-heading-left fusion-responsive-typography-calculated\" style=\"margin:0;--fontSize:34;line-height:1.4;\">Ota yhteytt\u00e4<\/h1><\/div><div class=\"fusion-text fusion-text-2\"><div class='fluentform ff-default fluentform_wrapper_1 ffs_default_wrap'><form data-form_id=\"1\" id=\"fluentform_1\" class=\"frm-fluent-form fluent_form_1 ff-el-form-top ff_form_instance_1_1 ff-form-loading ffs_default\" data-form_instance=\"ff_form_instance_1_1\" method=\"POST\" ><fieldset  style=\"border: none!important;margin: 0!important;padding: 0!important;background-color: transparent!important;box-shadow: none!important;outline: none!important; min-inline-size: 100%;\">\n                    <legend class=\"ff_screen_reader_title\" style=\"display: block; margin: 0!important;padding: 0!important;height: 0!important;text-indent: -999999px;width: 0!important;overflow:hidden;\">Ota yhteytt\u00e4<\/legend><input type='hidden' name='__fluent_form_embded_post_id' value='9' \/><input type=\"hidden\" id=\"_fluentform_1_fluentformnonce\" name=\"_fluentform_1_fluentformnonce\" value=\"dbd06db0d5\" \/><input type=\"hidden\" name=\"_wp_http_referer\" value=\"\/kempele\/wp-json\/wp\/v2\/pages\/9\" \/><div class='ff-el-group'><div class=\"ff-el-input--label ff-el-is-required asterisk-right\"><label for='ff_1_input_nimi' id='label_ff_1_input_nimi' aria-label=\"Nimi\">Nimi<\/label><\/div><div class='ff-el-input--content'><input type=\"text\" name=\"input_nimi\" class=\"ff-el-form-control\" id=\"ff_1_input_nimi\" data-name=\"input_nimi\"  aria-invalid=\"false\" aria-required=true><\/div><\/div><div class='ff-el-group'><div class=\"ff-el-input--label ff-el-is-required asterisk-right\"><label for='ff_1_input_sahkoposti' id='label_ff_1_input_sahkoposti' aria-label=\"S\u00e4hk\u00f6posti\">S\u00e4hk\u00f6posti<\/label><\/div><div class='ff-el-input--content'><input type=\"email\" name=\"input_sahkoposti\" class=\"ff-el-form-control\" id=\"ff_1_input_sahkoposti\" data-name=\"input_sahkoposti\"  aria-invalid=\"false\" aria-required=true><\/div><\/div><div class='ff-el-group'><div class=\"ff-el-input--label asterisk-right\"><label for='ff_1_input_puhelin' id='label_ff_1_input_puhelin' aria-label=\"Puhelin\">Puhelin<\/label><\/div><div class='ff-el-input--content'><input type=\"text\" name=\"input_puhelin\" class=\"ff-el-form-control\" data-name=\"input_puhelin\" id=\"ff_1_input_puhelin\"  aria-invalid=\"false\" aria-required=false><\/div><\/div><div class='ff-el-group'><div class=\"ff-el-input--label asterisk-right\"><label for='ff_1_input_aihe' id='label_ff_1_input_aihe' aria-label=\"Aihe\">Aihe<\/label><\/div><div class='ff-el-input--content'><input type=\"text\" name=\"input_aihe\" class=\"ff-el-form-control\" id=\"ff_1_input_aihe\" data-name=\"input_aihe\"  aria-invalid=\"false\" aria-required=false><\/div><\/div><div class='ff-el-group'><div class=\"ff-el-input--label asterisk-right\"><label for='ff_1_input_viesti' id='label_ff_1_input_viesti' aria-label=\"Viesti\">Viesti<\/label><\/div><div class='ff-el-input--content'><textarea aria-required=\"false\" aria-labelledby=\"label_ff_1_input_viesti\" name=\"input_viesti\" class=\"ff-el-form-control\" id=\"ff_1_input_viesti\" cols=\"2\" data-name=\"input_viesti\" ><\/textarea><\/div><\/div><div class='ff-el-group ff-text-left ff_submit_btn_wrapper'><button type=\"submit\" class=\"ff-btn ff-btn-submit ff-btn-md ff_btn_style wpf_has_custom_css\"  aria-label=\"L\u00e4het\u00e4\">L\u00e4het\u00e4<\/button><\/div><\/fieldset><\/form><div id='fluentform_1_errors' class='ff-errors-in-stack ff_form_instance_1_1 ff-form-loading_errors ff_form_instance_1_1_errors'><\/div><\/div>            <script type=\"text\/javascript\">\n                window.fluent_form_ff_form_instance_1_1 = {\"id\":\"1\",\"settings\":{\"layout\":{\"labelPlacement\":\"top\",\"asteriskPlacement\":\"asterisk-right\",\"helpMessagePlacement\":\"with_label\",\"errorMessagePlacement\":\"inline\",\"cssClassName\":\"\"},\"restrictions\":{\"denyEmptySubmission\":{\"enabled\":false}}},\"form_instance\":\"ff_form_instance_1_1\",\"form_id_selector\":\"fluentform_1\",\"rules\":{\"input_nimi\":{\"required\":{\"value\":true,\"message\":\"This field is required\",\"global\":false,\"global_message\":\"This field is required\"}},\"input_sahkoposti\":{\"required\":{\"value\":true,\"message\":\"This field is required\",\"global\":false,\"global_message\":\"This field is required\"},\"email\":{\"value\":1,\"message\":\"This field must contain a valid email\",\"global\":false,\"global_message\":\"This field must contain a valid email\"}},\"input_puhelin\":{\"required\":{\"value\":false,\"message\":\"This field is required\",\"global_message\":\"This field is required\",\"global\":true}},\"input_aihe\":{\"required\":{\"value\":false,\"message\":\"This field is required\",\"global\":false,\"global_message\":\"This field is required\"}},\"input_viesti\":{\"required\":{\"value\":false,\"message\":\"This field is required\",\"global\":false,\"global_message\":\"This field is required\"}}},\"debounce_time\":300};\n                            <\/script>\n            \n<\/div><div class=\"fusion-clearfix\"><\/div><\/div><\/div><\/div><\/div><div class=\"fusion-fullwidth fullwidth-box fusion-builder-row-2 nonhundred-percent-fullwidth non-hundred-percent-height-scrolling\" style=\"--awb-border-radius-top-left:0px;--awb-border-radius-top-right:0px;--awb-border-radius-bottom-right:0px;--awb-border-radius-bottom-left:0px;--awb-flex-wrap:wrap;\" ><div class=\"fusion-builder-row fusion-row\"><div class=\"fusion-layout-column fusion_builder_column fusion-builder-column-2 fusion_builder_column_1_1 1_1 fusion-one-full fusion-column-first fusion-column-last\" style=\"--awb-bg-size:cover;\"><div class=\"fusion-column-wrapper fusion-flex-column-wrapper-legacy\">\t\t\t\t\t<script type=\"text\/javascript\">\r\n\t\t\t\t\t\tvar map_fusion_map_69d434dd49dd1;\r\n\t\t\t\t\t\tvar markers = [];\r\n\t\t\t\t\t\tvar counter = 0;\r\n\t\t\t\t\t\t\t\t\t\t\t\t\t\t\t\t\t\t\t\tvar fusionMapNonce = '491dcedb7d';\r\n\t\t\t\t\t\t\t\t\t\t\t\tfunction fusion_run_map_fusion_map_69d434dd49dd1() {\r\n\t\t\t\t\t\t\tjQuery ('#fusion_map_69d434dd49dd1' ).fusion_maps( {\r\n\t\t\t\t\t\t\t\taddresses: [{\"address\":\"Hovintie 15, 90440 Kempele\",\"infobox_content\":\"Hovintie 15, 90440 Kempele\",\"coordinates\":false,\"cache\":true,\"latitude\":\"64.9157822\",\"longitude\":\"25.4985165\"}],\r\n\t\t\t\t\t\t\t\tanimations: false,\r\n\t\t\t\t\t\t\t\tinfobox_background_color: '',\r\n\t\t\t\t\t\t\t\tinfobox_styling: 'default',\r\n\t\t\t\t\t\t\t\tinfobox_text_color: '',\r\n\t\t\t\t\t\t\t\tmap_style: 'default',\r\n\t\t\t\t\t\t\t\tmap_type: 'roadmap',\r\n\t\t\t\t\t\t\t\tmarker_icon: '',\r\n\t\t\t\t\t\t\t\toverlay_color: '',\r\n\t\t\t\t\t\t\t\toverlay_color_hsl: {\"hue\":0,\"sat\":0,\"lum\":100},\r\n\t\t\t\t\t\t\t\tshow_address: true,\r\n\t\t\t\t\t\t\t\tscale_control: true,\r\n\t\t\t\t\t\t\t\tscrollwheel: false,\r\n\t\t\t\t\t\t\t\tzoom: 14,\r\n\t\t\t\t\t\t\t\tzoom_control: true,\r\n\t\t\t\t\t\t\t} );\r\n\t\t\t\t\t\t}\r\n\r\n\t\t\t\t\t\tgoogle.maps.event.addDomListener(window, 'load', fusion_run_map_fusion_map_69d434dd49dd1);\r\n\t\t\t\t\t<\/script>\r\n\t\t\t\t\t<div class=\"shortcode-map fusion-google-map fusion-maps-js-type\" id=\"fusion_map_69d434dd49dd1\"><\/div><div class=\"fusion-clearfix\"><\/div><\/div><\/div><\/div><\/div><\/p>\n","protected":false},"excerpt":{"rendered":"","protected":false},"author":1,"featured_media":0,"parent":0,"menu_order":0,"comment_status":"closed","ping_status":"closed","template":"","meta":{"footnotes":""},"class_list":["post-9","page","type-page","status-publish","hentry"],"_links":{"self":[{"href":"https:\/\/paivitys.rauhanyhdistys.fi\/kempele\/wp-json\/wp\/v2\/pages\/9","targetHints":{"allow":["GET"]}}],"collection":[{"href":"https:\/\/paivitys.rauhanyhdistys.fi\/kempele\/wp-json\/wp\/v2\/pages"}],"about":[{"href":"https:\/\/paivitys.rauhanyhdistys.fi\/kempele\/wp-json\/wp\/v2\/types\/page"}],"author":[{"embeddable":true,"href":"https:\/\/paivitys.rauhanyhdistys.fi\/kempele\/wp-json\/wp\/v2\/users\/1"}],"replies":[{"embeddable":true,"href":"https:\/\/paivitys.rauhanyhdistys.fi\/kempele\/wp-json\/wp\/v2\/comments?post=9"}],"version-history":[{"count":19,"href":"https:\/\/paivitys.rauhanyhdistys.fi\/kempele\/wp-json\/wp\/v2\/pages\/9\/revisions"}],"predecessor-version":[{"id":674,"href":"https:\/\/paivitys.rauhanyhdistys.fi\/kempele\/wp-json\/wp\/v2\/pages\/9\/revisions\/674"}],"wp:attachment":[{"href":"https:\/\/paivitys.rauhanyhdistys.fi\/kempele\/wp-json\/wp\/v2\/media?parent=9"}],"curies":[{"name":"wp","href":"https:\/\/api.w.org\/{rel}","templated":true}]}}