{"id":601,"date":"2023-09-17T01:56:24","date_gmt":"2023-09-16T22:56:24","guid":{"rendered":"https:\/\/paivitys.rauhanyhdistys.fi\/kempele\/?page_id=601"},"modified":"2025-11-30T16:31:59","modified_gmt":"2025-11-30T14:31:59","slug":"rekisteri-ja-tietosuojaseloste","status":"publish","type":"page","link":"https:\/\/paivitys.rauhanyhdistys.fi\/kempele\/yhdistys\/rekisteri-ja-tietosuojaseloste\/","title":{"rendered":"Rekisteri- ja tietosuojaseloste"},"content":{"rendered":"<h1>Rekisteri- ja tietosuojaseloste<\/h1>\n<p>T\u00e4m\u00e4 on Kempeleen rauhanyhdistyksen EU:n yleisen tietosuoja-asetuksen (GDPR) mukainen rekisteri- ja tietosuojaseloste koskien j\u00e4senrekisteri\u00e4. Laadittu 17.09.2023. Viimeisin muutos 17.09.2023.<\/p>\n<p>&nbsp;<\/p>\n<h3>1. Rekisterinpit\u00e4j\u00e4<\/h3>\n<p>Kempeleen rauhanyhdistys ry, Hovintie 15, 90440 Kempele<\/p>\n<p>tietosuoja@kempeleenrauhanyhdistys.fi<\/p>\n<p>&nbsp;<\/p>\n<h3>2. Rekisterist\u00e4 vastaava yhteyshenkil\u00f6<\/h3>\n<p>Tiedotustoimikunta, tietosuoja@kempeleenrauhanyhdistys.fi<\/p>\n<h3>3. Rekisterin nimi<\/h3>\n<p>Yhdistyksen j\u00e4senrekisteri<\/p>\n<h3>4. Oikeusperuste ja henkil\u00f6tietojen k\u00e4sittelyn tarkoitus<\/h3>\n<p>EU:n yleisen tietosuoja-asetuksen mukainen oikeusperuste henkil\u00f6tietojen k\u00e4sittelylle ovat rekisterinpit\u00e4j\u00e4n oikeutettu etu ja laillinen velvoite.<\/p>\n<p>Henkil\u00f6tietojen k\u00e4sittelyn tarkoitus on yhdistyslain (503\/1989) 11 \u00a7 vaatiman j\u00e4senrekisterin yll\u00e4pito, yhdistyksen j\u00e4senten yhteys- ja j\u00e4sentietojen yll\u00e4pito sek\u00e4 j\u00e4senmaksuviestien l\u00e4hetys.<\/p>\n<h3>5. Rekisterin tietosis\u00e4lt\u00f6<\/h3>\n<p>Rekisteriin tallennettavia tietoja ovat: etunimi, sukunimi, yhteystiedot, puhelinnumero, s\u00e4hk\u00f6postiosoite, osoite ja syntym\u00e4vuosi. Muut tiedot tuhotaan v\u00e4litt\u00f6m\u00e4sti j\u00e4seneksi hyv\u00e4ksymisen j\u00e4lkeen.<\/p>\n<h3>6. S\u00e4\u00e4nn\u00f6nmukaiset tietol\u00e4hteet<\/h3>\n<p>Rekisteriin tallennettavat tiedot saadaan asiakkaalta mm. www-lomakkeilla l\u00e4hetetyist\u00e4 viesteist\u00e4, s\u00e4hk\u00f6postitse, puhelimitse, sosiaalisen median palvelujen kautta, sopimuksista, asiakastapaamisista ja muista tilanteista, joissa asiakas luovuttaa tietojaan.<\/p>\n<p>Yritysten ja muiden organisaatioiden yhteyshenkil\u00f6iden tietoja voidaan ker\u00e4t\u00e4 my\u00f6s julkisista l\u00e4hteist\u00e4 kuten verkkosivuilta, hakemistopalveluista ja muilta yrityksilt\u00e4.<\/p>\n<h3>7. Tietojen s\u00e4\u00e4nn\u00f6nmukaiset luovutukset ja tietojen siirto EU:n tai ETA:n ulkopuolelle<\/h3>\n<p>Tietoja ei luovuteta s\u00e4\u00e4nn\u00f6nmukaisesti muille tahoille. Tietoja voidaan julkaista silt\u00e4 osin kuin niin on sovittu asiakkaan kanssa.<\/p>\n<p>Tietoja voidaan siirt\u00e4\u00e4 rekisterinpit\u00e4j\u00e4n toimesta my\u00f6s EU:n tai ETA:n ulkopuolelle.\u00a0Tietoja ei siirret\u00e4 Yhdysvaltoihin ilman rekister\u00f6ityjen nimenomaista suostumusta.<\/p>\n<h3>8. Rekisterin suojauksen periaatteet<\/h3>\n<p>Rekisterin k\u00e4sittelyss\u00e4 noudatetaan huolellisuutta ja tietoj\u00e4rjestelmien avulla k\u00e4sitelt\u00e4v\u00e4t tiedot suojataan asianmukaisesti. Kun rekisteritietoja s\u00e4ilytet\u00e4\u00e4n Internet-palvelimilla, niiden laitteiston fyysisest\u00e4 ja digitaalisesta tietoturvasta huolehditaan asiaankuuluvasti. Rekisterinpit\u00e4j\u00e4 huolehtii siit\u00e4, ett\u00e4 tallennettuja tietoja sek\u00e4 palvelimien k\u00e4ytt\u00f6oikeuksia ja muita henkil\u00f6tietojen turvallisuuden kannalta kriittisi\u00e4 tietoja k\u00e4sitell\u00e4\u00e4n luottamuksellisesti ja vain niiden ty\u00f6ntekij\u00f6iden toimesta, joiden ty\u00f6nkuvaan se kuuluu.<\/p>\n<h3>9. Tarkastusoikeus ja oikeus vaatia tiedon korjaamista<\/h3>\n<p>Jokaisella rekisteriss\u00e4 olevalla henkil\u00f6ll\u00e4 on oikeus tarkistaa rekisteriin tallennetut tietonsa ja vaatia mahdollisen virheellisen tiedon korjaamista tai puutteellisen tiedon t\u00e4ydent\u00e4mist\u00e4. Mik\u00e4li henkil\u00f6 haluaa tarkistaa h\u00e4nest\u00e4 tallennetut tiedot tai vaatia niihin oikaisua, pyynt\u00f6 tulee\u00a0l\u00e4hett\u00e4\u00e4 kirjallisesti\u00a0rekisterinpit\u00e4j\u00e4lle. Rekisterinpit\u00e4j\u00e4 voi pyyt\u00e4\u00e4 tarvittaessa pyynn\u00f6n esitt\u00e4j\u00e4\u00e4 todistamaan henkil\u00f6llisyytens\u00e4. Rekisterinpit\u00e4j\u00e4 vastaa asiakkaalle EU:n tietosuoja-asetuksessa s\u00e4\u00e4detyss\u00e4 ajassa (p\u00e4\u00e4s\u00e4\u00e4nt\u00f6isesti kuukauden kuluessa).<\/p>\n<h3>10. Muut henkil\u00f6tietojen k\u00e4sittelyyn liittyv\u00e4t oikeudet<\/h3>\n<p>Rekisteriss\u00e4 olevalla henkil\u00f6ll\u00e4 on oikeus pyyt\u00e4\u00e4 h\u00e4nt\u00e4 koskevien henkil\u00f6tietojen poistamiseen rekisterist\u00e4 (&#8221;oikeus tulla unohdetuksi&#8221;). Niin ik\u00e4\u00e4n rekister\u00f6idyill\u00e4 on muut\u00a0<a class=\"c10\" href=\"http:\/\/eur-lex.europa.eu\/legal-content\/FI\/TXT\/?uri=CELEX%3A32016R0679#d1e2144-1-1\" target=\"_blank\" rel=\"noopener\">EU:n yleisen tietosuoja-asetuksen mukaiset oikeudet<\/a>\u00a0kuten henkil\u00f6tietojen k\u00e4sittelyn rajoittaminen tietyiss\u00e4 tilanteissa. Pyynn\u00f6t tulee\u00a0l\u00e4hett\u00e4\u00e4 kirjallisesti\u00a0rekisterinpit\u00e4j\u00e4lle. Rekisterinpit\u00e4j\u00e4 voi pyyt\u00e4\u00e4 tarvittaessa pyynn\u00f6n esitt\u00e4j\u00e4\u00e4 todistamaan henkil\u00f6llisyytens\u00e4. Rekisterinpit\u00e4j\u00e4 vastaa asiakkaalle EU:n tietosuoja-asetuksessa s\u00e4\u00e4detyss\u00e4 ajassa (p\u00e4\u00e4s\u00e4\u00e4nt\u00f6isesti kuukauden kuluessa).<\/p>\n","protected":false},"excerpt":{"rendered":"<p>Rekisteri- ja tietosuojaseloste T\u00e4m\u00e4 on Kempeleen rauhanyhdistyksen EU:n yleisen tietosuoja-asetuksen  [&#8230;]<\/p>\n","protected":false},"author":163,"featured_media":0,"parent":15,"menu_order":0,"comment_status":"closed","ping_status":"closed","template":"","meta":{"footnotes":""},"class_list":["post-601","page","type-page","status-publish","hentry"],"_links":{"self":[{"href":"https:\/\/paivitys.rauhanyhdistys.fi\/kempele\/wp-json\/wp\/v2\/pages\/601","targetHints":{"allow":["GET"]}}],"collection":[{"href":"https:\/\/paivitys.rauhanyhdistys.fi\/kempele\/wp-json\/wp\/v2\/pages"}],"about":[{"href":"https:\/\/paivitys.rauhanyhdistys.fi\/kempele\/wp-json\/wp\/v2\/types\/page"}],"author":[{"embeddable":true,"href":"https:\/\/paivitys.rauhanyhdistys.fi\/kempele\/wp-json\/wp\/v2\/users\/163"}],"replies":[{"embeddable":true,"href":"https:\/\/paivitys.rauhanyhdistys.fi\/kempele\/wp-json\/wp\/v2\/comments?post=601"}],"version-history":[{"count":7,"href":"https:\/\/paivitys.rauhanyhdistys.fi\/kempele\/wp-json\/wp\/v2\/pages\/601\/revisions"}],"predecessor-version":[{"id":682,"href":"https:\/\/paivitys.rauhanyhdistys.fi\/kempele\/wp-json\/wp\/v2\/pages\/601\/revisions\/682"}],"up":[{"embeddable":true,"href":"https:\/\/paivitys.rauhanyhdistys.fi\/kempele\/wp-json\/wp\/v2\/pages\/15"}],"wp:attachment":[{"href":"https:\/\/paivitys.rauhanyhdistys.fi\/kempele\/wp-json\/wp\/v2\/media?parent=601"}],"curies":[{"name":"wp","href":"https:\/\/api.w.org\/{rel}","templated":true}]}}