{"id":526,"date":"2021-12-08T10:28:13","date_gmt":"2021-12-08T08:28:13","guid":{"rendered":"https:\/\/paivitys.rauhanyhdistys.fi\/kempele\/?page_id=526"},"modified":"2021-12-08T10:30:34","modified_gmt":"2021-12-08T08:30:34","slug":"lahjoita","status":"publish","type":"page","link":"https:\/\/paivitys.rauhanyhdistys.fi\/kempele\/lahjoita\/","title":{"rendered":"Lahjoita"},"content":{"rendered":"<div class=\"fusion-fullwidth fullwidth-box fusion-builder-row-1 fusion-flex-container nonhundred-percent-fullwidth non-hundred-percent-height-scrolling\" style=\"--awb-border-radius-top-left:0px;--awb-border-radius-top-right:0px;--awb-border-radius-bottom-right:0px;--awb-border-radius-bottom-left:0px;--awb-flex-wrap:wrap;\" ><div class=\"fusion-builder-row fusion-row fusion-flex-align-items-flex-start fusion-flex-content-wrap\" style=\"max-width:1144px;margin-left: calc(-4% \/ 2 );margin-right: calc(-4% \/ 2 );\"><div class=\"fusion-layout-column fusion_builder_column fusion-builder-column-0 fusion_builder_column_1_1 1_1 fusion-flex-column\" style=\"--awb-bg-size:cover;--awb-width-large:100%;--awb-margin-top-large:0px;--awb-spacing-right-large:1.92%;--awb-margin-bottom-large:20px;--awb-spacing-left-large:1.92%;--awb-width-medium:100%;--awb-order-medium:0;--awb-spacing-right-medium:1.92%;--awb-spacing-left-medium:1.92%;--awb-width-small:100%;--awb-order-small:0;--awb-spacing-right-small:1.92%;--awb-spacing-left-small:1.92%;\"><div class=\"fusion-column-wrapper fusion-column-has-shadow fusion-flex-justify-content-flex-start fusion-content-layout-column\"><div class=\"fusion-title title fusion-title-1 fusion-sep-none fusion-title-text fusion-title-size-one\"><h1 class=\"fusion-title-heading title-heading-left fusion-responsive-typography-calculated\" style=\"margin:0;--fontSize:34;line-height:1.4;\"><h1>Lahjoitukset<\/h1><\/h1><\/div><div class=\"fusion-text fusion-text-1\"><p>Lahjoittaminen on helppo ja tehokas tapa hankkia varoja Rauhanyhdistyksen rakennushankkeen lainan maksuun. T\u00e4ll\u00e4 sivulla n\u00e4et lahjoituksen vaihtoehdot ja voit valita itselle mieluisen tavan. Lahjoittaminen on vapaaehtoista.<\/p>\n<p>Rahanker\u00e4yslupa RA\/2021\/532 toimitalon peruskorjauksen ja laajennuksen rahoitukseen, toimitalon yll\u00e4pitokustannuksiin, ym.<\/p>\n<footer class=\"footer-wrapper\">\n<div id=\"footer-container\">\n<div id=\"footer-stripe\"><\/div>\n<\/div>\n<\/footer>\n<\/div><\/div><\/div><div class=\"fusion-layout-column fusion_builder_column fusion-builder-column-1 fusion_builder_column_1_2 1_2 fusion-flex-column\" style=\"--awb-bg-size:cover;--awb-width-large:50%;--awb-margin-top-large:0px;--awb-spacing-right-large:3.84%;--awb-margin-bottom-large:20px;--awb-spacing-left-large:3.84%;--awb-width-medium:100%;--awb-order-medium:0;--awb-spacing-right-medium:1.92%;--awb-spacing-left-medium:1.92%;--awb-width-small:100%;--awb-order-small:0;--awb-spacing-right-small:1.92%;--awb-spacing-left-small:1.92%;\"><div class=\"fusion-column-wrapper fusion-column-has-shadow fusion-flex-justify-content-flex-start fusion-content-layout-column\"><div class=\"fusion-text fusion-text-2\"><h2><b>Kertalahjoitukset MobilePaylla<\/b><\/h2>\n<\/div><div class=\"fusion-text fusion-text-3\"><div class=\"richtext--ttDCX\" data-reactid=\"12\">\n<ul>\n<li>Avaa MobilePay ja paina <strong>l\u00e4het\u00e4<\/strong><\/li>\n<li>Sy\u00f6t\u00e4 haluamasi lahjoitussumma ja paina <b>jatka<\/b><\/li>\n<li><b>Sy\u00f6t\u00e4 MobilePay-numero 23441 vastaanottajaksi<\/b><\/li>\n<li>Viesti:<b> Lahjoitus<\/b><\/li>\n<\/ul>\n<\/div>\n<\/div><\/div><\/div><div class=\"fusion-layout-column fusion_builder_column fusion-builder-column-2 fusion_builder_column_1_2 1_2 fusion-flex-column\" style=\"--awb-bg-size:cover;--awb-width-large:50%;--awb-margin-top-large:0px;--awb-spacing-right-large:3.84%;--awb-margin-bottom-large:20px;--awb-spacing-left-large:3.84%;--awb-width-medium:100%;--awb-order-medium:0;--awb-spacing-right-medium:1.92%;--awb-spacing-left-medium:1.92%;--awb-width-small:100%;--awb-order-small:0;--awb-spacing-right-small:1.92%;--awb-spacing-left-small:1.92%;\"><div class=\"fusion-column-wrapper fusion-column-has-shadow fusion-flex-justify-content-flex-start fusion-content-layout-column\"><div class=\"fusion-text fusion-text-4\"><p><b>Kerta- ja toistuvaislahjoitukset verkkopankissa<\/b><\/p>\n<p>Voit my\u00f6s lahjoittaa luomalla kertamaksun tai toistuvan maksun verkkopankissa<\/p>\n<p>Tilinumero: FI72 1840 3000 0271 81<\/p>\n<p>Saaja: Kempeleen Rauhanyhdistys ry<\/p>\n<p>Viite: 42602<\/p>\n<p>Summa: omavalintainen kk-lahjoitus<\/p>\n<p>Maksusta voi tehd\u00e4 toistuvaislahjoituksen asettamalla verkkopankissa maksun <b>toistuvaksi.<\/b><\/p>\n<\/div><\/div><\/div><\/div><\/div>\n","protected":false},"excerpt":{"rendered":"","protected":false},"author":164,"featured_media":0,"parent":0,"menu_order":0,"comment_status":"closed","ping_status":"closed","template":"","meta":{"footnotes":""},"class_list":["post-526","page","type-page","status-publish","hentry"],"_links":{"self":[{"href":"https:\/\/paivitys.rauhanyhdistys.fi\/kempele\/wp-json\/wp\/v2\/pages\/526","targetHints":{"allow":["GET"]}}],"collection":[{"href":"https:\/\/paivitys.rauhanyhdistys.fi\/kempele\/wp-json\/wp\/v2\/pages"}],"about":[{"href":"https:\/\/paivitys.rauhanyhdistys.fi\/kempele\/wp-json\/wp\/v2\/types\/page"}],"author":[{"embeddable":true,"href":"https:\/\/paivitys.rauhanyhdistys.fi\/kempele\/wp-json\/wp\/v2\/users\/164"}],"replies":[{"embeddable":true,"href":"https:\/\/paivitys.rauhanyhdistys.fi\/kempele\/wp-json\/wp\/v2\/comments?post=526"}],"version-history":[{"count":6,"href":"https:\/\/paivitys.rauhanyhdistys.fi\/kempele\/wp-json\/wp\/v2\/pages\/526\/revisions"}],"predecessor-version":[{"id":535,"href":"https:\/\/paivitys.rauhanyhdistys.fi\/kempele\/wp-json\/wp\/v2\/pages\/526\/revisions\/535"}],"wp:attachment":[{"href":"https:\/\/paivitys.rauhanyhdistys.fi\/kempele\/wp-json\/wp\/v2\/media?parent=526"}],"curies":[{"name":"wp","href":"https:\/\/api.w.org\/{rel}","templated":true}]}}