{"id":521,"date":"2021-12-08T09:52:27","date_gmt":"2021-12-08T07:52:27","guid":{"rendered":"https:\/\/paivitys.rauhanyhdistys.fi\/kempele\/?page_id=521"},"modified":"2024-09-19T10:35:34","modified_gmt":"2024-09-19T07:35:34","slug":"kuuntele","status":"publish","type":"page","link":"https:\/\/paivitys.rauhanyhdistys.fi\/kempele\/kuuntele\/","title":{"rendered":"Kuuntele"},"content":{"rendered":"<div class=\"fusion-fullwidth fullwidth-box fusion-builder-row-1 fusion-flex-container nonhundred-percent-fullwidth non-hundred-percent-height-scrolling\" style=\"--awb-border-radius-top-left:0px;--awb-border-radius-top-right:0px;--awb-border-radius-bottom-right:0px;--awb-border-radius-bottom-left:0px;--awb-flex-wrap:wrap;\" ><div class=\"fusion-builder-row fusion-row fusion-flex-align-items-flex-start fusion-flex-content-wrap\" style=\"max-width:1144px;margin-left: calc(-4% \/ 2 );margin-right: calc(-4% \/ 2 );\"><div class=\"fusion-layout-column fusion_builder_column fusion-builder-column-0 fusion_builder_column_1_1 1_1 fusion-flex-column\" style=\"--awb-bg-size:cover;--awb-width-large:100%;--awb-margin-top-large:0px;--awb-spacing-right-large:1.92%;--awb-margin-bottom-large:20px;--awb-spacing-left-large:1.92%;--awb-width-medium:100%;--awb-order-medium:0;--awb-spacing-right-medium:1.92%;--awb-spacing-left-medium:1.92%;--awb-width-small:100%;--awb-order-small:0;--awb-spacing-right-small:1.92%;--awb-spacing-left-small:1.92%;\"><div class=\"fusion-column-wrapper fusion-column-has-shadow fusion-flex-justify-content-flex-start fusion-content-layout-column\"><div class=\"fusion-title title fusion-title-1 fusion-sep-none fusion-title-text fusion-title-size-one\"><h1 class=\"fusion-title-heading title-heading-left fusion-responsive-typography-calculated\" style=\"margin:0;--fontSize:34;line-height:1.4;\">Kuuntele<\/h1><\/div><div class=\"fusion-text fusion-text-1\"><p>Tarkista l\u00e4hetysajat <a href=\"\/kempele\/toimintakalenteri\">toimintakalenterista<\/a>. Muina aikoina soitetaan testi\u00e4\u00e4nt\u00e4.<\/p>\n<\/div><\/div><\/div><div class=\"fusion-layout-column fusion_builder_column fusion-builder-column-1 fusion_builder_column_1_1 1_1 fusion-flex-column\" style=\"--awb-bg-size:cover;--awb-width-large:100%;--awb-margin-top-large:0px;--awb-spacing-right-large:1.92%;--awb-margin-bottom-large:20px;--awb-spacing-left-large:1.92%;--awb-width-medium:100%;--awb-order-medium:0;--awb-spacing-right-medium:1.92%;--awb-spacing-left-medium:1.92%;--awb-width-small:100%;--awb-order-small:0;--awb-spacing-right-small:1.92%;--awb-spacing-left-small:1.92%;\"><div class=\"fusion-column-wrapper fusion-column-has-shadow fusion-flex-justify-content-flex-start fusion-content-layout-column\"><div class=\"fusion-text fusion-text-2\"><p><!-- Edellinen versio ennen 23.9.2022 iframe src=\"https:\/\/www.radioking.com\/widgets\/player\/player.php?id=283663&c=%231e7fcb&c2=%23ffffff&f=v&i=1&ii=null&p=1&s=1&li=0&popup=1&plc=1&h=365&l=undefined&a=0&v=2\" style=\"border-radius: 5px; width: 275px; height: 365px; min-width: 0; min-height: 365px;\" frameborder=\"0\">\n\nUusi versio:\n--><\/p>\n<p><iframe style=\"border-radius: 5px; width: 275px; height: 365px;\" src=\"https:\/\/player.radioking.io\/radio-kempele\/?c=%231e7fcb&amp;c2=%23ffffff&amp;f=v&amp;i=0&amp;p=1&amp;s=0&amp;li=0&amp;popup=1&amp;plc=1&amp;h=365&amp;l=undefined&amp;v=2\" frameborder=\"0\"><\/iframe><script type=\"text\/javascript\" src=\"https:\/\/player.radioking.io\/scripts\/iframe.bundle.js\"><\/script><\/p>\n<\/div><\/div><\/div><div class=\"fusion-layout-column fusion_builder_column fusion-builder-column-2 fusion_builder_column_1_1 1_1 fusion-flex-column\" style=\"--awb-bg-size:cover;--awb-width-large:100%;--awb-margin-top-large:0px;--awb-spacing-right-large:1.92%;--awb-margin-bottom-large:20px;--awb-spacing-left-large:1.92%;--awb-width-medium:100%;--awb-order-medium:0;--awb-spacing-right-medium:1.92%;--awb-spacing-left-medium:1.92%;--awb-width-small:100%;--awb-order-small:0;--awb-spacing-right-small:1.92%;--awb-spacing-left-small:1.92%;\"><div class=\"fusion-column-wrapper fusion-column-has-shadow fusion-flex-justify-content-flex-start fusion-content-layout-column\"><div class=\"fusion-text fusion-text-3\"><h2><strong>Vaihtoehtoiset kuuntelulinkit<\/strong><\/h2>\n<p><a href=\"https:\/\/listen.radioking.com\/radio\/283663\/stream\/329548\">Kuuntele puhelimella tai tietokoneella<\/a><\/p>\n<p><a href=\"https:\/\/www.radioking.com\/api\/radio\/radio-kempele.m3u\">Kuuntele Itunesilla<\/a><\/p>\n<p><a href=\"https:\/\/www.radioking.com\/api\/radio\/radio-kempele.qtl\">Kuuntele Quick Timella<\/a><\/p>\n<p><a href=\"https:\/\/www.radioking.com\/api\/radio\/radio-kempele.asx\">Kuuntele Windows Media Playerilla<\/a><\/p>\n<\/div><\/div><\/div><\/div><\/div>\n","protected":false},"excerpt":{"rendered":"","protected":false},"author":164,"featured_media":0,"parent":0,"menu_order":0,"comment_status":"closed","ping_status":"closed","template":"","meta":{"footnotes":""},"class_list":["post-521","page","type-page","status-publish","hentry"],"_links":{"self":[{"href":"https:\/\/paivitys.rauhanyhdistys.fi\/kempele\/wp-json\/wp\/v2\/pages\/521","targetHints":{"allow":["GET"]}}],"collection":[{"href":"https:\/\/paivitys.rauhanyhdistys.fi\/kempele\/wp-json\/wp\/v2\/pages"}],"about":[{"href":"https:\/\/paivitys.rauhanyhdistys.fi\/kempele\/wp-json\/wp\/v2\/types\/page"}],"author":[{"embeddable":true,"href":"https:\/\/paivitys.rauhanyhdistys.fi\/kempele\/wp-json\/wp\/v2\/users\/164"}],"replies":[{"embeddable":true,"href":"https:\/\/paivitys.rauhanyhdistys.fi\/kempele\/wp-json\/wp\/v2\/comments?post=521"}],"version-history":[{"count":7,"href":"https:\/\/paivitys.rauhanyhdistys.fi\/kempele\/wp-json\/wp\/v2\/pages\/521\/revisions"}],"predecessor-version":[{"id":656,"href":"https:\/\/paivitys.rauhanyhdistys.fi\/kempele\/wp-json\/wp\/v2\/pages\/521\/revisions\/656"}],"wp:attachment":[{"href":"https:\/\/paivitys.rauhanyhdistys.fi\/kempele\/wp-json\/wp\/v2\/media?parent=521"}],"curies":[{"name":"wp","href":"https:\/\/api.w.org\/{rel}","templated":true}]}}