{"id":109,"date":"2018-02-16T09:12:08","date_gmt":"2018-02-16T07:12:08","guid":{"rendered":"http:\/\/34.242.2.69\/kemi\/?page_id=109"},"modified":"2024-05-16T13:18:46","modified_gmt":"2024-05-16T10:18:46","slug":"historia","status":"publish","type":"page","link":"https:\/\/paivitys.rauhanyhdistys.fi\/keminseutu\/historia\/","title":{"rendered":"Historia"},"content":{"rendered":"<div class=\"fusion-fullwidth fullwidth-box fusion-builder-row-1 nonhundred-percent-fullwidth non-hundred-percent-height-scrolling\" style=\"--awb-border-radius-top-left:0px;--awb-border-radius-top-right:0px;--awb-border-radius-bottom-right:0px;--awb-border-radius-bottom-left:0px;--awb-flex-wrap:wrap;\" ><div class=\"fusion-builder-row fusion-row\"><div class=\"fusion-layout-column fusion_builder_column fusion-builder-column-0 fusion_builder_column_1_1 1_1 fusion-one-full fusion-column-first fusion-column-last\" style=\"--awb-bg-size:cover;\"><div class=\"fusion-column-wrapper fusion-flex-column-wrapper-legacy\"><div class=\"fusion-title title fusion-title-1 fusion-sep-none fusion-title-text fusion-title-size-one\"><h1 class=\"fusion-title-heading title-heading-left fusion-responsive-typography-calculated\" style=\"margin:0;--fontSize:34;line-height:1.4;\">Kemin seudun rauhanyhdistys ry<\/h1><\/div><div class=\"fusion-text fusion-text-1\"><p>Helmikuun 17. p\u00e4iv\u00e4n\u00e4 1889 perustettu Kemin Rauhanyhdistys on Helsingin, Tornion ja Turun Rauhanyhdistysten j\u00e4lkeen nelj\u00e4nneksi vanhin maassamme toimivista 193 rauhanyhdistyksist\u00e4. Kemin Ry perustettiin 20 vuotta Kemin kaupungin perustamisen (5.3.1869) j\u00e4lkeen ja 13 vuotta ennen Kemin kirkon rakentamista (1902) ja Kemin seurakunnan perustamista (1902).<\/p>\n<p>Kemin Rauhanyhdistyksen perustamiskokouksessa 17.2.1889 hyv\u00e4ksyttiin yhdistyksen s\u00e4\u00e4nn\u00f6t ja p\u00e4\u00e4tettiin rauhanyhdistyksen toimitalon hankkimisesta. Kemijokivarresta entisen Hirmulan talon hirsist\u00e4 koottu rakennus pystytettiin Kemin keskustaan Yrj\u00f6nkadun eli nykyisen Sauvosaarenkadun varteen vuonna 1890. Talo, joka on entis\u00f6ity ja peruskorjattu moneen otteeseen, on suojeltu asemakaavalla.<\/p>\n<p>Kemin ja Keminmaan Rauhanyhdistysten yhdistymisen my\u00f6t\u00e4, vanha toimitalo Sauvosaarenkadu:lla on myyty uudelle omistajalle. Seuratoiminta on siirtynyt Keminmaahan Alavainiontie 3.<\/p>\n<p>Vuosikokouksessa 18.2.2024 p\u00e4\u00e4tettiin yhdistyksen nimi vaihtaa Kemin seudun Rauhanyhdistykseksi.<\/p>\n<\/div><div class=\"fusion-clearfix\"><\/div><\/div><\/div><\/div><\/div>\n","protected":false},"excerpt":{"rendered":"","protected":false},"author":5,"featured_media":0,"parent":0,"menu_order":0,"comment_status":"closed","ping_status":"closed","template":"","meta":{"footnotes":""},"class_list":["post-109","page","type-page","status-publish","hentry"],"_links":{"self":[{"href":"https:\/\/paivitys.rauhanyhdistys.fi\/keminseutu\/wp-json\/wp\/v2\/pages\/109","targetHints":{"allow":["GET"]}}],"collection":[{"href":"https:\/\/paivitys.rauhanyhdistys.fi\/keminseutu\/wp-json\/wp\/v2\/pages"}],"about":[{"href":"https:\/\/paivitys.rauhanyhdistys.fi\/keminseutu\/wp-json\/wp\/v2\/types\/page"}],"author":[{"embeddable":true,"href":"https:\/\/paivitys.rauhanyhdistys.fi\/keminseutu\/wp-json\/wp\/v2\/users\/5"}],"replies":[{"embeddable":true,"href":"https:\/\/paivitys.rauhanyhdistys.fi\/keminseutu\/wp-json\/wp\/v2\/comments?post=109"}],"version-history":[{"count":9,"href":"https:\/\/paivitys.rauhanyhdistys.fi\/keminseutu\/wp-json\/wp\/v2\/pages\/109\/revisions"}],"predecessor-version":[{"id":194,"href":"https:\/\/paivitys.rauhanyhdistys.fi\/keminseutu\/wp-json\/wp\/v2\/pages\/109\/revisions\/194"}],"wp:attachment":[{"href":"https:\/\/paivitys.rauhanyhdistys.fi\/keminseutu\/wp-json\/wp\/v2\/media?parent=109"}],"curies":[{"name":"wp","href":"https:\/\/api.w.org\/{rel}","templated":true}]}}