{"id":108,"date":"2018-02-15T12:09:13","date_gmt":"2018-02-15T10:09:13","guid":{"rendered":"http:\/\/34.242.2.69\/karsamaki\/?page_id=108"},"modified":"2018-03-01T15:45:15","modified_gmt":"2018-03-01T13:45:15","slug":"historia","status":"publish","type":"page","link":"https:\/\/paivitys.rauhanyhdistys.fi\/karsamaki\/historia\/","title":{"rendered":"Historia"},"content":{"rendered":"<div class=\"fusion-fullwidth fullwidth-box fusion-builder-row-1 nonhundred-percent-fullwidth non-hundred-percent-height-scrolling\" style=\"--awb-border-radius-top-left:0px;--awb-border-radius-top-right:0px;--awb-border-radius-bottom-right:0px;--awb-border-radius-bottom-left:0px;--awb-flex-wrap:wrap;\" ><div class=\"fusion-builder-row fusion-row\"><div class=\"fusion-layout-column fusion_builder_column fusion-builder-column-0 fusion_builder_column_1_1 1_1 fusion-one-full fusion-column-first fusion-column-last\" style=\"--awb-bg-size:cover;--awb-margin-bottom:0px;\"><div class=\"fusion-column-wrapper fusion-flex-column-wrapper-legacy\"><div class=\"fusion-title title fusion-title-1 fusion-sep-none fusion-title-text fusion-title-size-one\"><h1 class=\"fusion-title-heading title-heading-left fusion-responsive-typography-calculated\" style=\"margin:0;--fontSize:34;line-height:1.4;\"><h1>Katsaus K\u00e4rs\u00e4m\u00e4en rauhanyhdistys ry:n historiaan<\/h1><\/h1><\/div><div class=\"fusion-text fusion-text-1\"><p>K\u00e4rs\u00e4m\u00e4en alueelle el\u00e4v\u00e4 kristillisyys on tullut 1860-luvun tienoilla. Tuolta ajalta ei ole s\u00e4ilynyt kovin paljon tietoa. Vuosi 1906 merkitsi her\u00e4tyksen aikaa K\u00e4rs\u00e4m\u00e4ell\u00e4. Hallanper\u00e4lle Pajalan taloon muuttivat Taneli ja Eveliina Koistila Haapaj\u00e4rven Kuusaalta. He j\u00e4rjestiv\u00e4t seurat, jossa Jumalan sanaa puhutteli kuulijoita. Hankkilan ja Hallan taloista tuli vakituisia seurapaikkoja. Alkuvaiheen seuratoiminta oli vilkasta. Seuroja j\u00e4rjestettiin eri kylill\u00e4 taloissa. Taloissa joissa j\u00e4rjestettiin seuroja oli vartavasten rakennettuja penkkej\u00e4. Seuroissa oli ajan tavan mukaan kaksi puhujaa. tekstinlukijana toimi monasti talon is\u00e4nt\u00e4. Seurojen lopuksi laulettiin Siionin Lauluja ja keskusteltiin.<\/p>\n<p>K\u00e4rs\u00e4m\u00e4en Rauhanyhdistys ry perustettiin 20.12.1927 ja rekister\u00f6itiin 25.2.1928. Yhdistyksen toimintaohjeeksi hyv\u00e4ksyttiin seuraava s\u00e4\u00e4nt\u00f6:\u00a0&#8221;Yhdistyksen toiminnan tarkoituksena on pit\u00e4\u00e4 paikkakunnalla Raamatun ja apostolisen opin perusteella esitelmi\u00e4 ja hartausseuroja, joihin kaikilla on vapaa p\u00e4\u00e4sy, kannattaa ns. vanhaa lestediolaisuutta hengellisyytt\u00e4. Sit\u00e4paitsi, jos tilaisuutta on, pidet\u00e4\u00e4n sunnuntaikoulua lasten opettamiseksi Raamatun tuntemisessa ja hengellisten laulujen laulamisessa.&#8221;<\/p>\n<p>20.5.1928 ko. yhdistys liittyi Suomen Rauhanyhdistyksen Keskusyhdistykseen ja ostettiin Kalle, Juho, Hilma ja Sofia Korkatilta M\u00e4en talo seurapaikaksi. Sota-aikana majoitettiin siirtolaisia yhdistyksen toimitiloissa. Seuratoiminta elpyi v\u00e4litt\u00f6m\u00e4sti sotien j\u00e4lkeen. Vuonna 1946 perustettiin kunnan aluelle Savisel\u00e4n rauhanyhdistys ja 1977 j\u00e4senet liittyiv\u00e4t K\u00e4rs\u00e4m\u00e4en rauhanyhdistykseen.<\/p>\n<p>Vanha toimitalo k\u00e4vi pieneksi ja 1955 p\u00e4\u00e4tettiin rakentaa toimitalo entisen seuratalon paikalle. Rakennetun toimitalon my\u00f6t\u00e4 toiminta vilkastui. Tiloja vuokrattiin my\u00f6s kunnalle kouluk\u00e4ytt\u00f6\u00f6n.<\/p>\n<p>Toiminta monipuolistui 1980- luvulta l\u00e4htien: lasten p\u00e4iv\u00e4kerhotoiminta, raamattuluokkatoiminta, \u00e4itikerho ja el\u00e4kel\u00e4isten kerhot tulivat mukaan toimintaan. Monien vaihtoehtojen ja pohdintojen kautta p\u00e4\u00e4dyttiin j\u00e4lleen vuoden 1991 lopulla rakentamaan uusi toimitalo samalle tontille entisen toimitalon viereen.<\/p>\n<\/div><div class=\"fusion-clearfix\"><\/div><\/div><\/div><\/div><\/div>\n","protected":false},"excerpt":{"rendered":"","protected":false},"author":5,"featured_media":86,"parent":0,"menu_order":0,"comment_status":"closed","ping_status":"closed","template":"","meta":{"footnotes":""},"class_list":["post-108","page","type-page","status-publish","has-post-thumbnail","hentry"],"_links":{"self":[{"href":"https:\/\/paivitys.rauhanyhdistys.fi\/karsamaki\/wp-json\/wp\/v2\/pages\/108","targetHints":{"allow":["GET"]}}],"collection":[{"href":"https:\/\/paivitys.rauhanyhdistys.fi\/karsamaki\/wp-json\/wp\/v2\/pages"}],"about":[{"href":"https:\/\/paivitys.rauhanyhdistys.fi\/karsamaki\/wp-json\/wp\/v2\/types\/page"}],"author":[{"embeddable":true,"href":"https:\/\/paivitys.rauhanyhdistys.fi\/karsamaki\/wp-json\/wp\/v2\/users\/5"}],"replies":[{"embeddable":true,"href":"https:\/\/paivitys.rauhanyhdistys.fi\/karsamaki\/wp-json\/wp\/v2\/comments?post=108"}],"version-history":[{"count":8,"href":"https:\/\/paivitys.rauhanyhdistys.fi\/karsamaki\/wp-json\/wp\/v2\/pages\/108\/revisions"}],"predecessor-version":[{"id":122,"href":"https:\/\/paivitys.rauhanyhdistys.fi\/karsamaki\/wp-json\/wp\/v2\/pages\/108\/revisions\/122"}],"wp:featuredmedia":[{"embeddable":true,"href":"https:\/\/paivitys.rauhanyhdistys.fi\/karsamaki\/wp-json\/wp\/v2\/media\/86"}],"wp:attachment":[{"href":"https:\/\/paivitys.rauhanyhdistys.fi\/karsamaki\/wp-json\/wp\/v2\/media?parent=108"}],"curies":[{"name":"wp","href":"https:\/\/api.w.org\/{rel}","templated":true}]}}