{"id":556,"date":"2022-02-18T22:34:09","date_gmt":"2022-02-18T20:34:09","guid":{"rendered":"https:\/\/paivitys.rauhanyhdistys.fi\/kannus\/?page_id=556"},"modified":"2025-09-15T22:50:24","modified_gmt":"2025-09-15T19:50:24","slug":"lahjoita","status":"publish","type":"page","link":"https:\/\/paivitys.rauhanyhdistys.fi\/kannus\/lahjoita\/","title":{"rendered":"Lahjoita"},"content":{"rendered":"<p><div class=\"fusion-fullwidth fullwidth-box fusion-builder-row-1 nonhundred-percent-fullwidth non-hundred-percent-height-scrolling\" style=\"--awb-border-radius-top-left:0px;--awb-border-radius-top-right:0px;--awb-border-radius-bottom-right:0px;--awb-border-radius-bottom-left:0px;--awb-flex-wrap:wrap;\" ><div class=\"fusion-builder-row fusion-row\"><div class=\"fusion-layout-column fusion_builder_column fusion-builder-column-0 fusion_builder_column_1_1 1_1 fusion-one-full fusion-column-first fusion-column-last\" style=\"--awb-bg-size:cover;\"><div class=\"fusion-column-wrapper fusion-column-has-shadow fusion-flex-column-wrapper-legacy\"><div class=\"fusion-clearfix\"><\/div><\/div><\/div><div class=\"fusion-layout-column fusion_builder_column fusion-builder-column-1 fusion_builder_column_1_2 1_2 fusion-one-half fusion-column-first\" style=\"--awb-bg-size:cover;width:50%;width:calc(50% - ( ( 4% ) * 0.5 ) );margin-right: 4%;\"><div class=\"fusion-column-wrapper fusion-column-has-shadow fusion-flex-column-wrapper-legacy\"><div class=\"fusion-text fusion-text-1\"><p class=\"fusion-responsive-typography-calculated\" data-fontsize=\"16\" data-lineheight=\"24px\"><strong>Voit tehd\u00e4 lahjoituksen Kannuksen rauhanyhdistyksen kautta teht\u00e4v\u00e4lle Jumalan valtakunnan ty\u00f6lle Mobile Pay -sovelluksella tai tilisiirrolla.<\/strong><\/p>\n<p><img decoding=\"async\" class=\"alignnone size-full wp-image-51\" src=\"https:\/\/paivitys.rauhanyhdistys.fi\/kannus\/wp-content\/uploads\/sites\/101\/2017\/12\/icon-lahjoita.png\" alt=\"\" width=\"128\" height=\"128\" srcset=\"https:\/\/paivitys.rauhanyhdistys.fi\/kannus\/wp-content\/uploads\/sites\/101\/2017\/12\/icon-lahjoita-66x66.png 66w, https:\/\/paivitys.rauhanyhdistys.fi\/kannus\/wp-content\/uploads\/sites\/101\/2017\/12\/icon-lahjoita.png 128w\" sizes=\"(max-width: 128px) 100vw, 128px\" \/><\/p>\n<p>Tiedot rahanker\u00e4ysluvasta:\u00a0<a href=\"https:\/\/paivitys.rauhanyhdistys.fi\/kannus\/wp-content\/uploads\/sites\/101\/2022\/02\/Rahankerayslupa_Kannus.pdf\">RA\/2021\/1422<\/a><\/p>\n<p><img decoding=\"async\" class=\"wp-image-59 size-full alignright\" src=\"https:\/\/paivitys.rauhanyhdistys.fi\/kannus\/wp-content\/uploads\/sites\/101\/2017\/12\/icon-tekstivlahjoitus.png\" alt=\"\" width=\"128\" height=\"128\" srcset=\"https:\/\/paivitys.rauhanyhdistys.fi\/kannus\/wp-content\/uploads\/sites\/101\/2017\/12\/icon-tekstivlahjoitus-66x66.png 66w, https:\/\/paivitys.rauhanyhdistys.fi\/kannus\/wp-content\/uploads\/sites\/101\/2017\/12\/icon-tekstivlahjoitus.png 128w\" sizes=\"(max-width: 128px) 100vw, 128px\" \/><\/p>\n<ul>\n<li class=\"fusion-responsive-typography-calculated\" data-fontsize=\"16\" data-lineheight=\"24px\"><strong>Mobile Pay numero:\u00a046984<\/strong><\/li>\n<li data-fontsize=\"16\" data-lineheight=\"24px\">Viesti: <strong>KOLEHTI<\/strong><\/li>\n<li data-fontsize=\"16\" data-lineheight=\"24px\">Lahjoituksen voit tehd\u00e4 haluamallasi summalla.<\/li>\n<\/ul>\n<p>Jos tarvitset apua Mobile Pay -sovelluksen k\u00e4yt\u00f6n aloittamisessa, l\u00f6yd\u00e4t ohjeita <a href=\"https:\/\/www.mobilepay.fi\/asiakastuki\/mobilepay-kayttajille\/aloittaminen\/kayttoonotto\/miten-paasen-alkuun-mobilepayn-kanssa#\">t\u00e4m\u00e4n linkin<\/a> takaa.<\/p>\n<p><strong>Lahjoituksen tekeminen tilisiirrolla:<\/strong><\/p>\n<ul>\n<li>Tilinumero: <strong>FI60 5108 0240 0124 01<\/strong><\/li>\n<li>Maksun saaja: Kannuksen Rauhanyhdistys ry<\/li>\n<li>Viesti: <strong>KOLEHTI<\/strong><\/li>\n<li>Lahjoituksen voit tehd\u00e4 haluamallasi summalla.<\/li>\n<\/ul>\n<\/div><div class=\"fusion-clearfix\"><\/div><\/div><\/div><div class=\"fusion-layout-column fusion_builder_column fusion-builder-column-2 fusion_builder_column_1_2 1_2 fusion-one-half fusion-column-last\" style=\"--awb-bg-size:cover;width:50%;width:calc(50% - ( ( 4% ) * 0.5 ) );\"><div class=\"fusion-column-wrapper fusion-column-has-shadow fusion-flex-column-wrapper-legacy\"><div class=\"fusion-image-element in-legacy-container\" style=\"--awb-max-width:350px;--awb-caption-title-font-family:var(--h2_typography-font-family);--awb-caption-title-font-weight:var(--h2_typography-font-weight);--awb-caption-title-font-style:var(--h2_typography-font-style);--awb-caption-title-size:var(--h2_typography-font-size);--awb-caption-title-transform:var(--h2_typography-text-transform);--awb-caption-title-line-height:var(--h2_typography-line-height);--awb-caption-title-letter-spacing:var(--h2_typography-letter-spacing);\"><span class=\" fusion-imageframe imageframe-none imageframe-1 hover-type-none\"><a class=\"fusion-no-lightbox\" href=\"https:\/\/www.mobilepay.fi\/Yrityksille\/Maksulinkki\/maksulinkki-vastaus?phone=46984&amp;comment=KOLEHTI&amp;lock=1\" target=\"_self\" aria-label=\"Mobilepay 46984\"><img decoding=\"async\" width=\"1022\" height=\"1024\" alt=\"46984\" src=\"https:\/\/paivitys.rauhanyhdistys.fi\/kannus\/wp-content\/uploads\/sites\/101\/2022\/02\/Mobilepay-46984-1022x1024.png\" class=\"img-responsive wp-image-557\" srcset=\"https:\/\/paivitys.rauhanyhdistys.fi\/kannus\/wp-content\/uploads\/sites\/101\/2022\/02\/Mobilepay-46984-200x200.png 200w, https:\/\/paivitys.rauhanyhdistys.fi\/kannus\/wp-content\/uploads\/sites\/101\/2022\/02\/Mobilepay-46984-400x401.png 400w, https:\/\/paivitys.rauhanyhdistys.fi\/kannus\/wp-content\/uploads\/sites\/101\/2022\/02\/Mobilepay-46984-600x601.png 600w, https:\/\/paivitys.rauhanyhdistys.fi\/kannus\/wp-content\/uploads\/sites\/101\/2022\/02\/Mobilepay-46984-800x801.png 800w, https:\/\/paivitys.rauhanyhdistys.fi\/kannus\/wp-content\/uploads\/sites\/101\/2022\/02\/Mobilepay-46984-1200x1202.png 1200w, https:\/\/paivitys.rauhanyhdistys.fi\/kannus\/wp-content\/uploads\/sites\/101\/2022\/02\/Mobilepay-46984.png 1214w\" sizes=\"(max-width: 800px) 100vw, 600px\" \/><\/a><\/span><\/div><div class=\"fusion-text fusion-text-2\"><p>Voit maksaa MobilePaylla helposti klikkaamalla yll\u00e4 olevaa QR koodia.<\/p>\n<\/div><div class=\"fusion-clearfix\"><\/div><\/div><\/div><\/div><\/div><div class=\"fusion-fullwidth fullwidth-box fusion-builder-row-2 fusion-flex-container nonhundred-percent-fullwidth non-hundred-percent-height-scrolling\" style=\"--awb-border-radius-top-left:0px;--awb-border-radius-top-right:0px;--awb-border-radius-bottom-right:0px;--awb-border-radius-bottom-left:0px;--awb-flex-wrap:wrap;\" ><div class=\"fusion-builder-row fusion-row fusion-flex-align-items-flex-start fusion-flex-content-wrap\" style=\"max-width:1144px;margin-left: calc(-4% \/ 2 );margin-right: calc(-4% \/ 2 );\"><div class=\"fusion-layout-column fusion_builder_column fusion-builder-column-3 fusion_builder_column_1_1 1_1 fusion-flex-column\" style=\"--awb-bg-size:cover;--awb-width-large:100%;--awb-margin-top-large:0px;--awb-spacing-right-large:1.92%;--awb-margin-bottom-large:20px;--awb-spacing-left-large:1.92%;--awb-width-medium:100%;--awb-order-medium:0;--awb-spacing-right-medium:1.92%;--awb-spacing-left-medium:1.92%;--awb-width-small:100%;--awb-order-small:0;--awb-spacing-right-small:1.92%;--awb-spacing-left-small:1.92%;\"><div class=\"fusion-column-wrapper fusion-column-has-shadow fusion-flex-justify-content-flex-start fusion-content-layout-column\"><\/div><\/div><\/div><\/div><\/p>\n","protected":false},"excerpt":{"rendered":"","protected":false},"author":146,"featured_media":0,"parent":0,"menu_order":0,"comment_status":"closed","ping_status":"closed","template":"","meta":{"footnotes":""},"class_list":["post-556","page","type-page","status-publish","hentry"],"_links":{"self":[{"href":"https:\/\/paivitys.rauhanyhdistys.fi\/kannus\/wp-json\/wp\/v2\/pages\/556","targetHints":{"allow":["GET"]}}],"collection":[{"href":"https:\/\/paivitys.rauhanyhdistys.fi\/kannus\/wp-json\/wp\/v2\/pages"}],"about":[{"href":"https:\/\/paivitys.rauhanyhdistys.fi\/kannus\/wp-json\/wp\/v2\/types\/page"}],"author":[{"embeddable":true,"href":"https:\/\/paivitys.rauhanyhdistys.fi\/kannus\/wp-json\/wp\/v2\/users\/146"}],"replies":[{"embeddable":true,"href":"https:\/\/paivitys.rauhanyhdistys.fi\/kannus\/wp-json\/wp\/v2\/comments?post=556"}],"version-history":[{"count":15,"href":"https:\/\/paivitys.rauhanyhdistys.fi\/kannus\/wp-json\/wp\/v2\/pages\/556\/revisions"}],"predecessor-version":[{"id":1467,"href":"https:\/\/paivitys.rauhanyhdistys.fi\/kannus\/wp-json\/wp\/v2\/pages\/556\/revisions\/1467"}],"wp:attachment":[{"href":"https:\/\/paivitys.rauhanyhdistys.fi\/kannus\/wp-json\/wp\/v2\/media?parent=556"}],"curies":[{"name":"wp","href":"https:\/\/api.w.org\/{rel}","templated":true}]}}