{"id":9,"date":"2017-12-13T14:05:37","date_gmt":"2017-12-13T12:05:37","guid":{"rendered":"http:\/\/34.242.2.69\/hankasalmi\/?page_id=9"},"modified":"2025-09-02T06:54:21","modified_gmt":"2025-09-02T03:54:21","slug":"yhteystiedot","status":"publish","type":"page","link":"https:\/\/paivitys.rauhanyhdistys.fi\/jyvaskyla\/yhteystiedot\/","title":{"rendered":"Yhteystiedot"},"content":{"rendered":"<p><div class=\"fusion-fullwidth fullwidth-box fusion-builder-row-1 nonhundred-percent-fullwidth non-hundred-percent-height-scrolling\" style=\"--awb-border-radius-top-left:0px;--awb-border-radius-top-right:0px;--awb-border-radius-bottom-right:0px;--awb-border-radius-bottom-left:0px;--awb-flex-wrap:wrap;\" ><div class=\"fusion-builder-row fusion-row\"><div class=\"fusion-layout-column fusion_builder_column fusion-builder-column-0 fusion_builder_column_1_2 1_2 fusion-one-half fusion-column-first\" style=\"--awb-bg-size:cover;width:50%;width:calc(50% - ( ( 4% ) * 0.5 ) );margin-right: 4%;\"><div class=\"fusion-column-wrapper fusion-flex-column-wrapper-legacy\"><div class=\"fusion-title title fusion-title-1 fusion-sep-none fusion-title-text fusion-title-size-one\"><h1 class=\"fusion-title-heading title-heading-left fusion-responsive-typography-calculated\" style=\"margin:0;--fontSize:27;line-height:1.4;\">Yhteystiedot<\/h1><\/div><div class=\"fusion-text fusion-text-1\"><p>Hongikontie 1<br \/>\n40200 Jyv\u00e4skyl\u00e4<\/p>\n<p><strong>\u00a0<\/strong><\/p>\n<p><b>Viestint\u00e4<\/b><br \/>\nviestinta@jklry.net<\/p>\n<p><b>Ravintola \/ Tavaratoimitukset<br \/>\n<\/b>Tavoitettavissa arkisin kello 10\u201314<br \/>\nPuh. 044 505 0653<b><br \/>\n<\/b>ravintola@jklry.net<\/p>\n<p><strong>Vuokra-asiat<br \/>\n<\/strong>kiinteisto@jklry.net<\/p>\n<p><b>Jyv\u00e4skyl\u00e4n Rauhanyhdistys ry:n johtokunta<br \/>\n<\/b>johtokunta@jklry.net<\/p>\n<p><strong>\u00a0\u00a0<\/strong><\/p>\n<div>Tilojen vuokraamisesta lis\u00e4\u00e4 <a href=\"http:\/\/paivitys.rauhanyhdistys.fi\/jyvaskyla\/tilavuokraus\/\">t\u00e4\u00e4ll\u00e4<\/a>.<\/div>\n<\/div><div class=\"fusion-sep-clear\"><\/div><div class=\"fusion-separator fusion-full-width-sep\" style=\"margin-left: auto;margin-right: auto;margin-top:2em;margin-bottom:2em;width:100%;\"><\/div><div class=\"fusion-sep-clear\"><\/div><div class=\"fusion-title title fusion-title-2 fusion-sep-none fusion-title-text fusion-title-size-one\"><h1 class=\"fusion-title-heading title-heading-left fusion-responsive-typography-calculated\" style=\"margin:0;--fontSize:27;line-height:1.4;\">Laskutus<\/h1><\/div><div class=\"fusion-text fusion-text-2\"><p><strong>Operaattori<\/strong>: Apix Messaging Oy (003723327487)<\/p>\n<p><strong>Verkkolaskuosoite<\/strong>: 003701746912<\/p>\n<p><strong>OVT-tunnus<\/strong>: 003701746912<\/p>\n<p><strong>S\u00e4hk\u00f6postiskannauksen osoite<\/strong>: 003701746912@procountor.apix.fi<\/p>\n<p><strong>Paperilaskut<\/strong>: Jyv\u00e4skyl\u00e4n Rauhanyhdistys ry (Apix Skannauspalvelu), PL 16112, 00021 LASKUTUS<\/p>\n<\/div><div class=\"fusion-clearfix\"><\/div><\/div><\/div><div class=\"fusion-layout-column fusion_builder_column fusion-builder-column-1 fusion_builder_column_1_2 1_2 fusion-one-half fusion-column-last\" style=\"--awb-bg-size:cover;width:50%;width:calc(50% - ( ( 4% ) * 0.5 ) );\"><div class=\"fusion-column-wrapper fusion-flex-column-wrapper-legacy\"><div class=\"fusion-title title fusion-title-3 fusion-sep-none fusion-title-text fusion-title-size-one\"><h1 class=\"fusion-title-heading title-heading-left fusion-responsive-typography-calculated\" style=\"margin:0;--fontSize:27;line-height:1.4;\">Ota yhteytt\u00e4<\/h1><\/div><div class='fluentform ff-default fluentform_wrapper_1 ffs_default_wrap'><form data-form_id=\"1\" id=\"fluentform_1\" class=\"frm-fluent-form fluent_form_1 ff-el-form-top ff_form_instance_1_1 ff-form-loading ffs_default\" data-form_instance=\"ff_form_instance_1_1\" method=\"POST\" ><fieldset  style=\"border: none!important;margin: 0!important;padding: 0!important;background-color: transparent!important;box-shadow: none!important;outline: none!important; min-inline-size: 100%;\">\n                    <legend class=\"ff_screen_reader_title\" style=\"display: block; margin: 0!important;padding: 0!important;height: 0!important;text-indent: -999999px;width: 0!important;overflow:hidden;\">Ota yhteytt\u00e4<\/legend><input type='hidden' name='__fluent_form_embded_post_id' value='9' \/><input type=\"hidden\" id=\"_fluentform_1_fluentformnonce\" name=\"_fluentform_1_fluentformnonce\" value=\"8330990cb3\" \/><input type=\"hidden\" name=\"_wp_http_referer\" value=\"\/jyvaskyla\/wp-json\/wp\/v2\/pages\/9\" \/><div class='ff-el-group'><div class=\"ff-el-input--label ff-el-is-required asterisk-right\"><label for='ff_1_input_nimi' id='label_ff_1_input_nimi' aria-label=\"Nimi\">Nimi<\/label><\/div><div class='ff-el-input--content'><input type=\"text\" name=\"input_nimi\" class=\"ff-el-form-control\" id=\"ff_1_input_nimi\" data-name=\"input_nimi\"  aria-invalid=\"false\" aria-required=true><\/div><\/div><div class='ff-el-group'><div class=\"ff-el-input--label ff-el-is-required asterisk-right\"><label for='ff_1_input_sahkoposti' id='label_ff_1_input_sahkoposti' aria-label=\"S\u00e4hk\u00f6posti\">S\u00e4hk\u00f6posti<\/label><\/div><div class='ff-el-input--content'><input type=\"email\" name=\"input_sahkoposti\" class=\"ff-el-form-control\" id=\"ff_1_input_sahkoposti\" data-name=\"input_sahkoposti\"  aria-invalid=\"false\" aria-required=true><\/div><\/div><div class='ff-el-group'><div class=\"ff-el-input--label asterisk-right\"><label for='ff_1_input_puhelin' id='label_ff_1_input_puhelin' aria-label=\"Puhelin\">Puhelin<\/label><\/div><div class='ff-el-input--content'><input type=\"text\" name=\"input_puhelin\" class=\"ff-el-form-control\" data-name=\"input_puhelin\" id=\"ff_1_input_puhelin\"  aria-invalid=\"false\" aria-required=false><\/div><\/div><div class='ff-el-group'><div class=\"ff-el-input--label asterisk-right\"><label for='ff_1_input_aihe' id='label_ff_1_input_aihe' aria-label=\"Aihe\">Aihe<\/label><\/div><div class='ff-el-input--content'><input type=\"text\" name=\"input_aihe\" class=\"ff-el-form-control\" id=\"ff_1_input_aihe\" data-name=\"input_aihe\"  aria-invalid=\"false\" aria-required=false><\/div><\/div><div class='ff-el-group'><div class=\"ff-el-input--label asterisk-right\"><label for='ff_1_input_viesti' id='label_ff_1_input_viesti' aria-label=\"Viesti\">Viesti<\/label><\/div><div class='ff-el-input--content'><textarea aria-required=\"false\" aria-labelledby=\"label_ff_1_input_viesti\" name=\"input_viesti\" class=\"ff-el-form-control\" id=\"ff_1_input_viesti\" cols=\"2\" data-name=\"input_viesti\" ><\/textarea><\/div><\/div><div class='ff-el-group ff-text-left ff_submit_btn_wrapper'><button type=\"submit\" class=\"ff-btn ff-btn-submit ff-btn-md ff_btn_style wpf_has_custom_css\"  aria-label=\"L\u00e4het\u00e4\">L\u00e4het\u00e4<\/button><\/div><\/fieldset><\/form><div id='fluentform_1_errors' class='ff-errors-in-stack ff_form_instance_1_1 ff-form-loading_errors ff_form_instance_1_1_errors'><\/div><\/div>            <script type=\"text\/javascript\">\n                window.fluent_form_ff_form_instance_1_1 = {\"id\":\"1\",\"settings\":{\"layout\":{\"labelPlacement\":\"top\",\"asteriskPlacement\":\"asterisk-right\",\"helpMessagePlacement\":\"with_label\",\"errorMessagePlacement\":\"inline\",\"cssClassName\":\"\"},\"restrictions\":{\"denyEmptySubmission\":{\"enabled\":false}}},\"form_instance\":\"ff_form_instance_1_1\",\"form_id_selector\":\"fluentform_1\",\"rules\":{\"input_nimi\":{\"required\":{\"value\":true,\"message\":\"This field is required\",\"global\":false,\"global_message\":\"This field is required\"}},\"input_sahkoposti\":{\"required\":{\"value\":true,\"message\":\"This field is required\",\"global\":false,\"global_message\":\"This field is required\"},\"email\":{\"value\":1,\"message\":\"This field must contain a valid email\",\"global\":false,\"global_message\":\"This field must contain a valid email\"}},\"input_puhelin\":{\"required\":{\"value\":false,\"message\":\"This field is required\",\"global_message\":\"This field is required\",\"global\":true}},\"input_aihe\":{\"required\":{\"value\":false,\"message\":\"This field is required\",\"global\":false,\"global_message\":\"This field is required\"}},\"input_viesti\":{\"required\":{\"value\":false,\"message\":\"This field is required\",\"global\":false,\"global_message\":\"This field is required\"}}},\"debounce_time\":300};\n                            <\/script>\n            <div class=\"fusion-modal modal fade modal-1 tietosuoja\" tabindex=\"-1\" role=\"dialog\" aria-labelledby=\"modal-heading-1\" aria-hidden=\"true\" style=\"--awb-border-color:#ebebeb;--awb-background:#f6f6f6;\"><div class=\"modal-dialog modal-lg\" role=\"document\"><div class=\"modal-content fusion-modal-content\"><div class=\"modal-header\"><button class=\"close\" type=\"button\" data-dismiss=\"modal\" aria-hidden=\"true\" aria-label=\"Close\">&times;<\/button><h3 class=\"modal-title\" id=\"modal-heading-1\" data-dismiss=\"modal\" aria-hidden=\"true\">Tietosuoja- ja rekisteriseloste<\/h3><\/div><div class=\"modal-body fusion-clearfix\">\n<p><strong>1.\u00a0<\/strong><strong>Rekisterinpit\u00e4j\u00e4n yhteystiedot<\/strong><\/p>\n<p>Jyv\u00e4skyl\u00e4n Rauhanyhdistys ry<br \/>\nY-tunnus: 0174691-2<br \/>\nHongikontie 1, 40200 Jyv\u00e4skyl\u00e4<\/p>\n<p><strong>2.\u00a0<\/strong><strong>Yhteyshenkil\u00f6 rekisteri\u00e4 koskevissa asioissa<\/strong><\/p>\n<p>Mik\u00e4li rekister\u00f6idyll\u00e4 on kysytt\u00e4v\u00e4\u00e4 henkil\u00f6tietojen k\u00e4sittelyst\u00e4 tai h\u00e4n haluaa k\u00e4ytt\u00e4\u00e4 oikeuksiaan rekister\u00f6ityn\u00e4, voi ottaa yhteytt\u00e4 yhteyshenkil\u00f6\u00f6n seuraavaan s\u00e4hk\u00f6postiosoitteeseen:<\/p>\n<p>tiedotus@jklry.net<\/p>\n<p><strong>3.\u00a0<\/strong><strong>Henkil\u00f6tietojen k\u00e4sittelyn tarkoitus\u00a0<\/strong><\/p>\n<p>Rauhanyhdistys k\u00e4sittelee henkil\u00f6tietoja rekister\u00f6idyn suostumuksen perusteella tarvittavan yhteydenpidon tarpeisiin.<\/p>\n<p>Tietoja k\u00e4ytet\u00e4\u00e4n s\u00e4hk\u00f6postilomakkeesta l\u00e4hetettyjen viesteihin vastaamiseen. Rekisteriin tietoja ker\u00e4tt\u00e4ess\u00e4 noudatetaan tietosuoja-asetuksen 5 artiklan mukaisia henkil\u00f6tietojen k\u00e4sittely\u00e4 koskevia periaatteita.<\/p>\n<p><strong>4.\u00a0<\/strong><strong>Kuvaus rekister\u00f6ityjen ryhmist\u00e4 ja henkil\u00f6tietoryhmist\u00e4<\/strong><\/p>\n<p>Rekisteriin ker\u00e4t\u00e4\u00e4n seuraavia tietoja, jotka rekister\u00f6ity itse on luovuttanut:<\/p>\n<p>a) Nimi<\/p>\n<p>b) S\u00e4hk\u00f6postiosoite<\/p>\n<p>c) Puhelinnumero (valinnainen)<\/p>\n<p>d) Mahdolliset rekister\u00f6idyn viestiss\u00e4 itse mainitsemat tiedot<\/p>\n<p><strong>5.\u00a0<\/strong><strong>Tietojen luovutukset ja siirrot<\/strong><\/p>\n<p>Rauhanyhdistys voi siirt\u00e4\u00e4 rekister\u00f6idyn henkil\u00f6tietoja asiaa k\u00e4sitteleville yhteisty\u00f6taholle rekister\u00f6idyn suostumuksella.<\/p>\n<p>Rekister\u00f6idyn henkil\u00f6tietoja voidaan lain mukaan luovuttaa kolmansille osapuolille my\u00f6s ilman rekister\u00f6idyn suostumusta, kun laki tai viranomaism\u00e4\u00e4r\u00e4ys velvoittaa luovuttamaan tietoja.<\/p>\n<p>Rekister\u00f6idyn henkil\u00f6tietoja ei luovuteta tai siirret\u00e4 Euroopan unionin (&#8221;EU&#8221;) tai Euroopan talousalueen (&#8221;ETA&#8221;) ulkopuolelle.<\/p>\n<p><strong>6. <\/strong><strong>Rekisterin suojaus<\/strong><\/p>\n<p>Rekisterin k\u00e4ytt\u00f6oikeus edellytt\u00e4\u00e4 erikseen my\u00f6nnetty\u00e4 k\u00e4ytt\u00e4j\u00e4tunnusta ja salasanaa. Rekisterin k\u00e4ytt\u00f6\u00e4 ja sis\u00e4\u00e4nkirjautumisia valvotaan.<\/p>\n<p>Tietoj\u00e4rjestelm\u00e4t ovat palomuurein, salasanoin ja vaadituin teknisin keinoin suojattuja.<\/p>\n<\/div><div class=\"modal-footer\"><button class=\"fusion-button button-default button-medium button default medium\" type=\"button\" data-dismiss=\"modal\">Close<\/button><\/div><\/div><\/div><\/div><div class=\"fusion-clearfix\"><\/div><\/div><\/div><\/div><\/div><div class=\"fusion-fullwidth fullwidth-box fusion-builder-row-2 nonhundred-percent-fullwidth non-hundred-percent-height-scrolling\" style=\"--awb-border-radius-top-left:0px;--awb-border-radius-top-right:0px;--awb-border-radius-bottom-right:0px;--awb-border-radius-bottom-left:0px;--awb-flex-wrap:wrap;\" ><div class=\"fusion-builder-row fusion-row\"><div class=\"fusion-layout-column fusion_builder_column fusion-builder-column-2 fusion_builder_column_1_1 1_1 fusion-one-full fusion-column-first fusion-column-last\" style=\"--awb-bg-size:cover;\"><div class=\"fusion-column-wrapper fusion-flex-column-wrapper-legacy\"><div class=\"fusion-sep-clear\"><\/div><div class=\"fusion-separator fusion-full-width-sep\" style=\"margin-left: auto;margin-right: auto;margin-top:3em;width:100%;\"><\/div><div class=\"fusion-sep-clear\"><\/div>\t\t\t\t\t<script type=\"text\/javascript\">\r\n\t\t\t\t\t\tvar map_fusion_map_69d12876e27ad;\r\n\t\t\t\t\t\tvar markers = [];\r\n\t\t\t\t\t\tvar counter = 0;\r\n\t\t\t\t\t\t\t\t\t\t\t\t\t\t\t\t\t\t\t\tvar fusionMapNonce = 'f8539dc6db';\r\n\t\t\t\t\t\t\t\t\t\t\t\tfunction fusion_run_map_fusion_map_69d12876e27ad() {\r\n\t\t\t\t\t\t\tjQuery ('#fusion_map_69d12876e27ad' ).fusion_maps( {\r\n\t\t\t\t\t\t\t\taddresses: [{\"address\":\"Hongikontie 1, 40200 Jyv\\u00e4skyl\\u00e4\",\"infobox_content\":\"Hongikontie 1, 40200 Jyv\\u00e4skyl\\u00e4\",\"coordinates\":false,\"cache\":true,\"latitude\":\"62.25490420000001\",\"longitude\":\"25.748924399999964\"}],\r\n\t\t\t\t\t\t\t\tanimations: false,\r\n\t\t\t\t\t\t\t\tinfobox_background_color: '',\r\n\t\t\t\t\t\t\t\tinfobox_styling: 'default',\r\n\t\t\t\t\t\t\t\tinfobox_text_color: '',\r\n\t\t\t\t\t\t\t\tmap_style: 'default',\r\n\t\t\t\t\t\t\t\tmap_type: 'roadmap',\r\n\t\t\t\t\t\t\t\tmarker_icon: '',\r\n\t\t\t\t\t\t\t\toverlay_color: '',\r\n\t\t\t\t\t\t\t\toverlay_color_hsl: {\"hue\":0,\"sat\":0,\"lum\":100},\r\n\t\t\t\t\t\t\t\tshow_address: true,\r\n\t\t\t\t\t\t\t\tscale_control: true,\r\n\t\t\t\t\t\t\t\tscrollwheel: false,\r\n\t\t\t\t\t\t\t\tzoom: 14,\r\n\t\t\t\t\t\t\t\tzoom_control: true,\r\n\t\t\t\t\t\t\t} );\r\n\t\t\t\t\t\t}\r\n\r\n\t\t\t\t\t\tgoogle.maps.event.addDomListener(window, 'load', fusion_run_map_fusion_map_69d12876e27ad);\r\n\t\t\t\t\t<\/script>\r\n\t\t\t\t\t<div class=\"shortcode-map fusion-google-map fusion-maps-js-type\" id=\"fusion_map_69d12876e27ad\"><\/div><div class=\"fusion-clearfix\"><\/div><\/div><\/div><\/div><\/div><\/p>\n","protected":false},"excerpt":{"rendered":"","protected":false},"author":1,"featured_media":0,"parent":0,"menu_order":0,"comment_status":"closed","ping_status":"closed","template":"","meta":{"footnotes":""},"class_list":["post-9","page","type-page","status-publish","hentry"],"_links":{"self":[{"href":"https:\/\/paivitys.rauhanyhdistys.fi\/jyvaskyla\/wp-json\/wp\/v2\/pages\/9","targetHints":{"allow":["GET"]}}],"collection":[{"href":"https:\/\/paivitys.rauhanyhdistys.fi\/jyvaskyla\/wp-json\/wp\/v2\/pages"}],"about":[{"href":"https:\/\/paivitys.rauhanyhdistys.fi\/jyvaskyla\/wp-json\/wp\/v2\/types\/page"}],"author":[{"embeddable":true,"href":"https:\/\/paivitys.rauhanyhdistys.fi\/jyvaskyla\/wp-json\/wp\/v2\/users\/1"}],"replies":[{"embeddable":true,"href":"https:\/\/paivitys.rauhanyhdistys.fi\/jyvaskyla\/wp-json\/wp\/v2\/comments?post=9"}],"version-history":[{"count":57,"href":"https:\/\/paivitys.rauhanyhdistys.fi\/jyvaskyla\/wp-json\/wp\/v2\/pages\/9\/revisions"}],"predecessor-version":[{"id":1640,"href":"https:\/\/paivitys.rauhanyhdistys.fi\/jyvaskyla\/wp-json\/wp\/v2\/pages\/9\/revisions\/1640"}],"wp:attachment":[{"href":"https:\/\/paivitys.rauhanyhdistys.fi\/jyvaskyla\/wp-json\/wp\/v2\/media?parent=9"}],"curies":[{"name":"wp","href":"https:\/\/api.w.org\/{rel}","templated":true}]}}