{"id":333,"date":"2019-10-22T12:22:16","date_gmt":"2019-10-22T09:22:16","guid":{"rendered":"http:\/\/paivitys.rauhanyhdistys.fi\/jyvaskyla\/?page_id=333"},"modified":"2024-11-12T13:09:43","modified_gmt":"2024-11-12T11:09:43","slug":"ajankohtaista","status":"publish","type":"page","link":"https:\/\/paivitys.rauhanyhdistys.fi\/jyvaskyla\/ajankohtaista\/","title":{"rendered":"Ajankohtaista"},"content":{"rendered":"<div class=\"fusion-fullwidth fullwidth-box fusion-builder-row-1 nonhundred-percent-fullwidth non-hundred-percent-height-scrolling\" style=\"--awb-border-radius-top-left:0px;--awb-border-radius-top-right:0px;--awb-border-radius-bottom-right:0px;--awb-border-radius-bottom-left:0px;--awb-flex-wrap:wrap;\" ><div class=\"fusion-builder-row fusion-row\"><div class=\"fusion-layout-column fusion_builder_column fusion-builder-column-0 fusion_builder_column_1_1 1_1 fusion-one-full fusion-column-first fusion-column-last\" style=\"--awb-bg-size:cover;\"><div class=\"fusion-column-wrapper fusion-flex-column-wrapper-legacy\"><div class=\"fusion-text fusion-text-1\"><h1>Ajankohtaista<\/h1>\n<\/div><div class=\"fusion-blog-shortcode fusion-blog-shortcode-1 fusion-blog-archive fusion-blog-layout-large fusion-blog-pagination\"><div class=\"fusion-posts-container fusion-posts-container-pagination\" data-pages=\"16\"><article id=\"blog-1-post-1669\" class=\"fusion-post-large post-1669 post type-post status-publish format-standard hentry category-ajankohtaista\">\n\t<style type=\"text\/css\">\n\t\t\n\t\t\n\t\t\n\t\t\n\t\t\t<\/style>\n\n\n<div class=\"fusion-post-content post-content\"><h2 class=\"blog-shortcode-post-title entry-title\"><a href=\"https:\/\/paivitys.rauhanyhdistys.fi\/jyvaskyla\/2026\/01\/30\/saantomaarainen-vuosikokous-15-2-2\/\">S\u00e4\u00e4nt\u00f6m\u00e4\u00e4r\u00e4inen VUOSIKOKOUS 15.2.<\/a><\/h2><div class=\"fusion-post-content-container\"><p>Jyv\u00e4skyl\u00e4n Rauhanyhdistys ry:n s\u00e4\u00e4nt\u00f6m\u00e4\u00e4r\u00e4inen VUOSIKOKOUS pidet\u00e4\u00e4n toimitalolla sunnuntaina 15.2.2026 klo 16.00. Esill\u00e4 ovat s\u00e4\u00e4nt\u00f6jen m\u00e4\u00e4r\u00e4\u00e4m\u00e4t asiat.\u00a0 Tervetuloa! Johtokunta<\/p><\/div><\/div><div class=\"fusion-clearfix\"><\/div><div class=\"fusion-meta-info\"><div class=\"fusion-alignleft\"><span class=\"vcard\" style=\"display: none;\"><span class=\"fn\">Joni<\/span><\/span><span class=\"updated\" style=\"display:none;\">2026-01-30T23:25:35+02:00<\/span><span>30.1.2026<\/span><span class=\"fusion-inline-sep\">|<\/span>Categories: <a href=\"https:\/\/paivitys.rauhanyhdistys.fi\/jyvaskyla\/category\/ajankohtaista\/\" rel=\"category tag\">Ajankohtaista<\/a><span class=\"fusion-inline-sep\">|<\/span><\/div><div class=\"fusion-alignright\"><a class=\"fusion-read-more\" href=\"https:\/\/paivitys.rauhanyhdistys.fi\/jyvaskyla\/2026\/01\/30\/saantomaarainen-vuosikokous-15-2-2\/\" aria-label=\"More on S\u00e4\u00e4nt\u00f6m\u00e4\u00e4r\u00e4inen VUOSIKOKOUS 15.2.\">Lue Lis\u00e4\u00e4<\/a><\/div><\/div><\/article>\n<article id=\"blog-1-post-1662\" class=\"fusion-post-large post-1662 post type-post status-publish format-standard has-post-thumbnail hentry category-ajankohtaista\">\n\t<style type=\"text\/css\">\n\t\t\n\t\t\n\t\t\n\t\t\n\t\t\t<\/style>\n\n\n\t\t\t<div class=\"fusion-flexslider flexslider fusion-flexslider-loading fusion-post-slideshow\" style=\"\">\n\t\t<ul class=\"slides\">\n\t\t\t\n\t\t\t\t\t\t\t\t\t\t\t\t\t\t<li><div  class=\"fusion-image-wrapper\" aria-haspopup=\"true\">\n\t\t\t\t\t\t\t<a href=\"https:\/\/paivitys.rauhanyhdistys.fi\/jyvaskyla\/2025\/11\/16\/miesten-saunailta-laukaan-tupaswillassa-27-11\/\" aria-label=\"Miesten saunailta Laukaan Tupaswillassa 27.11.2025\">\n\t\t\t\t\t\t\t<img decoding=\"async\" width=\"400\" height=\"340\" src=\"https:\/\/paivitys.rauhanyhdistys.fi\/jyvaskyla\/wp-content\/uploads\/sites\/85\/2022\/11\/Tupaswillan-sauna.jpg\" class=\"attachment-full size-full wp-post-image\" alt=\"\" srcset=\"https:\/\/paivitys.rauhanyhdistys.fi\/jyvaskyla\/wp-content\/uploads\/sites\/85\/2022\/11\/Tupaswillan-sauna-200x170.jpg 200w, https:\/\/paivitys.rauhanyhdistys.fi\/jyvaskyla\/wp-content\/uploads\/sites\/85\/2022\/11\/Tupaswillan-sauna.jpg 400w\" sizes=\"(max-width: 800px) 100vw, 400px\" \/>\t\t\t<\/a>\n\t\t\t\t\t\t\t<\/div>\n<\/li>\n\t\t\t\n\t\t\t\n\t\t\t\t\t\t\t\t\t\t\t\t\t\t\t\t\t\t\t\t\t\t\t\t\t\t\t\t\t\t\t\t\t\t\t\t\t\t\t\t\t\t\t\t\t\t\t\t\t\t\t\t\t\t\t\t\t\t\t\t\t\t\t\t\t\t\t\t<\/ul>\n\t<\/div>\n\t<div class=\"fusion-post-content post-content\"><h2 class=\"blog-shortcode-post-title entry-title\"><a href=\"https:\/\/paivitys.rauhanyhdistys.fi\/jyvaskyla\/2025\/11\/16\/miesten-saunailta-laukaan-tupaswillassa-27-11\/\">Miesten saunailta Laukaan Tupaswillassa 27.11.2025<\/a><\/h2><div class=\"fusion-post-content-container\"><p>Jyv\u00e4skyl\u00e4n rauhanyhdistys j\u00e4rjest\u00e4\u00e4 miesten savusaunaillan Laukaan Tupaswillassa torstaina 27.11. klo 18:00. Ohjelmassa: \u25cf saunomista ja makkaranpaistoa \u25cf iltapala \u25cf yhteislauluja, leppoisaa yhdess\u00e4oloa ja iltahartaus Illan hinta 30\u20ac\/osallistuja Sitovat ilmoittautumiset t\u00e4m\u00e4n linkin kautta viimeist\u00e4\u00e4n ma 24.11. Iltaan mahtuu 120 ensiksi ilmoittautunutta. Tervetuloa!<\/p><\/div><\/div><div class=\"fusion-clearfix\"><\/div><div class=\"fusion-meta-info\"><div class=\"fusion-alignleft\"><span class=\"vcard\" style=\"display: none;\"><span class=\"fn\">tapiokantola<\/span><\/span><span class=\"updated\" style=\"display:none;\">2025-11-16T12:40:12+02:00<\/span><span>16.11.2025<\/span><span class=\"fusion-inline-sep\">|<\/span>Categories: <a href=\"https:\/\/paivitys.rauhanyhdistys.fi\/jyvaskyla\/category\/ajankohtaista\/\" rel=\"category tag\">Ajankohtaista<\/a><span class=\"fusion-inline-sep\">|<\/span><\/div><div class=\"fusion-alignright\"><a class=\"fusion-read-more\" href=\"https:\/\/paivitys.rauhanyhdistys.fi\/jyvaskyla\/2025\/11\/16\/miesten-saunailta-laukaan-tupaswillassa-27-11\/\" aria-label=\"More on Miesten saunailta Laukaan Tupaswillassa 27.11.2025\">Lue Lis\u00e4\u00e4<\/a><\/div><\/div><\/article>\n<article id=\"blog-1-post-1649\" class=\"fusion-post-large post-1649 post type-post status-publish format-standard has-post-thumbnail hentry category-ajankohtaista\">\n\t<style type=\"text\/css\">\n\t\t\n\t\t\n\t\t\n\t\t\n\t\t\t<\/style>\n\n\n\t\t\t<div class=\"fusion-flexslider flexslider fusion-flexslider-loading fusion-post-slideshow\" style=\"\">\n\t\t<ul class=\"slides\">\n\t\t\t\n\t\t\t\t\t\t\t\t\t\t\t\t\t\t<li><div  class=\"fusion-image-wrapper\" aria-haspopup=\"true\">\n\t\t\t\t\t\t\t<a href=\"https:\/\/paivitys.rauhanyhdistys.fi\/jyvaskyla\/2025\/09\/20\/aikuisten-frisbeegolf-ja-laavuilta-pe-26-9\/\" aria-label=\"Aikuisten frisbeegolf- ja laavuilta Pe  26.9\">\n\t\t\t\t\t\t\t<img decoding=\"async\" width=\"1131\" height=\"1600\" src=\"https:\/\/paivitys.rauhanyhdistys.fi\/jyvaskyla\/wp-content\/uploads\/sites\/85\/2025\/09\/IMG-20250920-WA0001.jpg\" class=\"attachment-full size-full wp-post-image\" alt=\"\" srcset=\"https:\/\/paivitys.rauhanyhdistys.fi\/jyvaskyla\/wp-content\/uploads\/sites\/85\/2025\/09\/IMG-20250920-WA0001-200x283.jpg 200w, https:\/\/paivitys.rauhanyhdistys.fi\/jyvaskyla\/wp-content\/uploads\/sites\/85\/2025\/09\/IMG-20250920-WA0001-400x566.jpg 400w, https:\/\/paivitys.rauhanyhdistys.fi\/jyvaskyla\/wp-content\/uploads\/sites\/85\/2025\/09\/IMG-20250920-WA0001-600x849.jpg 600w, https:\/\/paivitys.rauhanyhdistys.fi\/jyvaskyla\/wp-content\/uploads\/sites\/85\/2025\/09\/IMG-20250920-WA0001-800x1132.jpg 800w, https:\/\/paivitys.rauhanyhdistys.fi\/jyvaskyla\/wp-content\/uploads\/sites\/85\/2025\/09\/IMG-20250920-WA0001.jpg 1131w\" sizes=\"(max-width: 800px) 100vw, 1131px\" \/>\t\t\t<\/a>\n\t\t\t\t\t\t\t<\/div>\n<\/li>\n\t\t\t\n\t\t\t\n\t\t\t\t\t\t\t\t\t\t\t\t\t\t\t\t\t\t\t\t\t\t\t\t\t\t\t\t\t\t\t\t\t\t\t\t\t\t\t\t\t\t\t\t\t\t\t\t\t\t\t\t\t\t\t\t\t\t\t\t\t\t\t\t\t\t\t\t<\/ul>\n\t<\/div>\n\t<div class=\"fusion-post-content post-content\"><h2 class=\"blog-shortcode-post-title entry-title\"><a href=\"https:\/\/paivitys.rauhanyhdistys.fi\/jyvaskyla\/2025\/09\/20\/aikuisten-frisbeegolf-ja-laavuilta-pe-26-9\/\">Aikuisten frisbeegolf- ja laavuilta Pe  26.9<\/a><\/h2><div class=\"fusion-post-content-container\"><p><\/p><\/div><\/div><div class=\"fusion-clearfix\"><\/div><div class=\"fusion-meta-info\"><div class=\"fusion-alignleft\"><span class=\"vcard\" style=\"display: none;\"><span class=\"fn\">jklrynettisivut<\/span><\/span><span class=\"updated\" style=\"display:none;\">2025-09-20T14:51:30+03:00<\/span><span>20.9.2025<\/span><span class=\"fusion-inline-sep\">|<\/span>Categories: <a href=\"https:\/\/paivitys.rauhanyhdistys.fi\/jyvaskyla\/category\/ajankohtaista\/\" rel=\"category tag\">Ajankohtaista<\/a><span class=\"fusion-inline-sep\">|<\/span><\/div><div class=\"fusion-alignright\"><a class=\"fusion-read-more\" href=\"https:\/\/paivitys.rauhanyhdistys.fi\/jyvaskyla\/2025\/09\/20\/aikuisten-frisbeegolf-ja-laavuilta-pe-26-9\/\" aria-label=\"More on Aikuisten frisbeegolf- ja laavuilta Pe  26.9\">Lue Lis\u00e4\u00e4<\/a><\/div><\/div><\/article>\n<article id=\"blog-1-post-1643\" class=\"fusion-post-large post-1643 post type-post status-publish format-standard hentry category-ajankohtaista\">\n\t<style type=\"text\/css\">\n\t\t\n\t\t\n\t\t\n\t\t\n\t\t\t<\/style>\n\n\n<div class=\"fusion-post-content post-content\"><h2 class=\"blog-shortcode-post-title entry-title\"><a href=\"https:\/\/paivitys.rauhanyhdistys.fi\/jyvaskyla\/2025\/09\/07\/kiinteistoilta-25-9-klo-18-jyvaskylan-rauhanyhdistys\/\">Kiinteist\u00f6ilta 25.9. klo 18 Jyv\u00e4skyl\u00e4n rauhanyhdistys<\/a><\/h2><div class=\"fusion-post-content-container\"><p>Johtokunta j\u00e4rjest\u00e4\u00e4 rauhanyhdistyksen j\u00e4senille kiinteist\u00f6illan, jossa esitell\u00e4\u00e4n rauhanyhdistyksen toimitalon ja muiden kiinteist\u00f6jen nykytilaa ja tulevaisuudenn\u00e4kymi\u00e4 sek\u00e4 keskustella niist\u00e4 yhdess\u00e4. Illan kiinteist\u00f6ihin liittyv\u00e4 puheenvuoro l\u00e4hetet\u00e4\u00e4n my\u00f6s Youtuben kautta. Tervetuloa!<\/p><\/div><\/div><div class=\"fusion-clearfix\"><\/div><div class=\"fusion-meta-info\"><div class=\"fusion-alignleft\"><span class=\"vcard\" style=\"display: none;\"><span class=\"fn\">jklrynettisivut<\/span><\/span><span class=\"updated\" style=\"display:none;\">2025-09-07T15:13:55+03:00<\/span><span>7.9.2025<\/span><span class=\"fusion-inline-sep\">|<\/span>Categories: <a href=\"https:\/\/paivitys.rauhanyhdistys.fi\/jyvaskyla\/category\/ajankohtaista\/\" rel=\"category tag\">Ajankohtaista<\/a><span class=\"fusion-inline-sep\">|<\/span><\/div><div class=\"fusion-alignright\"><a class=\"fusion-read-more\" href=\"https:\/\/paivitys.rauhanyhdistys.fi\/jyvaskyla\/2025\/09\/07\/kiinteistoilta-25-9-klo-18-jyvaskylan-rauhanyhdistys\/\" aria-label=\"More on Kiinteist\u00f6ilta 25.9. klo 18 Jyv\u00e4skyl\u00e4n rauhanyhdistys\">Lue Lis\u00e4\u00e4<\/a><\/div><\/div><\/article>\n<article id=\"blog-1-post-1534\" class=\"fusion-post-large post-1534 post type-post status-publish format-standard hentry category-ajankohtaista\">\n\t<style type=\"text\/css\">\n\t\t\n\t\t\n\t\t\n\t\t\n\t\t\t<\/style>\n\n\n<div class=\"fusion-post-content post-content\"><h2 class=\"blog-shortcode-post-title entry-title\"><a href=\"https:\/\/paivitys.rauhanyhdistys.fi\/jyvaskyla\/2025\/06\/14\/juhannusseurat-hankasalmella-20-21-6\/\">Juhannusseurat Hankasalmella 20.-21.6.<\/a><\/h2><div class=\"fusion-post-content-container\"><p>Tervetuloa juhannusseuroihin Hankasalmelle 20.\u201321.6. \u00a0 Olet l\u00e4mpim\u00e4sti tervetullut Hankasalmen leirikeskukselle juhannusseuroihin! Seurat alkavat perjantaina 20.6. kello 17 ja p\u00e4\u00e4ttyv\u00e4t lauantaina kello 16. S\u00e4\u00e4n salliessa perjantai iltana puheenvuoron j\u00e4lkeen poltetaan juhannuskokko. \u00a0 \u00a0 Juhannusseurojen ohjelma: \u00a0 Perjantai 20.6. 17\u00a0\u00a0\u00a0\u00a0Seurat 19\u00a0\u00a0\u00a0\u00a0Seurat 20.45\u00a0\u00a0\u00a0\u00a0Leirity\u00f6ryhm\u00e4n puheenvuoro 21\u00a0\u00a0\u00a0\u00a0Puheenvuoro \"Onko Jumala todella sanonut n\u00e4in\" Juhannuskokko (s\u00e4\u00e4varaus) \u00a0...<\/p><\/div><\/div><div class=\"fusion-clearfix\"><\/div><div class=\"fusion-meta-info\"><div class=\"fusion-alignleft\"><span class=\"vcard\" style=\"display: none;\"><span class=\"fn\">jklrynettisivut<\/span><\/span><span class=\"updated\" style=\"display:none;\">2025-06-14T21:53:10+03:00<\/span><span>14.6.2025<\/span><span class=\"fusion-inline-sep\">|<\/span>Categories: <a href=\"https:\/\/paivitys.rauhanyhdistys.fi\/jyvaskyla\/category\/ajankohtaista\/\" rel=\"category tag\">Ajankohtaista<\/a><span class=\"fusion-inline-sep\">|<\/span><\/div><div class=\"fusion-alignright\"><a class=\"fusion-read-more\" href=\"https:\/\/paivitys.rauhanyhdistys.fi\/jyvaskyla\/2025\/06\/14\/juhannusseurat-hankasalmella-20-21-6\/\" aria-label=\"More on Juhannusseurat Hankasalmella 20.-21.6.\">Lue Lis\u00e4\u00e4<\/a><\/div><\/div><\/article>\n<article id=\"blog-1-post-1530\" class=\"fusion-post-large post-1530 post type-post status-publish format-standard has-post-thumbnail hentry category-ajankohtaista category-tiedotuslehti\">\n\t<style type=\"text\/css\">\n\t\t\n\t\t\n\t\t\n\t\t\n\t\t\t<\/style>\n\n\n\t\t\t<div class=\"fusion-flexslider flexslider fusion-flexslider-loading fusion-post-slideshow\" style=\"\">\n\t\t<ul class=\"slides\">\n\t\t\t\n\t\t\t\t\t\t\t\t\t\t\t\t\t\t<li><div  class=\"fusion-image-wrapper\" aria-haspopup=\"true\">\n\t\t\t\t\t\t\t<a href=\"https:\/\/paivitys.rauhanyhdistys.fi\/jyvaskyla\/2025\/06\/01\/jyva-tiedotuslehti-1-2025\/\" aria-label=\"Jyv\u00e4 tiedotuslehti 1\/2025\">\n\t\t\t\t\t\t\t<img decoding=\"async\" width=\"930\" height=\"548\" src=\"https:\/\/paivitys.rauhanyhdistys.fi\/jyvaskyla\/wp-content\/uploads\/sites\/85\/2023\/04\/tiedotuslehti.png\" class=\"attachment-full size-full wp-post-image\" alt=\"\" srcset=\"https:\/\/paivitys.rauhanyhdistys.fi\/jyvaskyla\/wp-content\/uploads\/sites\/85\/2023\/04\/tiedotuslehti-200x118.png 200w, https:\/\/paivitys.rauhanyhdistys.fi\/jyvaskyla\/wp-content\/uploads\/sites\/85\/2023\/04\/tiedotuslehti-400x236.png 400w, https:\/\/paivitys.rauhanyhdistys.fi\/jyvaskyla\/wp-content\/uploads\/sites\/85\/2023\/04\/tiedotuslehti-600x354.png 600w, https:\/\/paivitys.rauhanyhdistys.fi\/jyvaskyla\/wp-content\/uploads\/sites\/85\/2023\/04\/tiedotuslehti-800x471.png 800w, https:\/\/paivitys.rauhanyhdistys.fi\/jyvaskyla\/wp-content\/uploads\/sites\/85\/2023\/04\/tiedotuslehti.png 930w\" sizes=\"(max-width: 800px) 100vw, 930px\" \/>\t\t\t<\/a>\n\t\t\t\t\t\t\t<\/div>\n<\/li>\n\t\t\t\n\t\t\t\n\t\t\t\t\t\t\t\t\t\t\t\t\t\t\t\t\t\t\t\t\t\t\t\t\t\t\t\t\t\t\t\t\t\t\t\t\t\t\t\t\t\t\t\t\t\t\t\t\t\t\t\t\t\t\t\t\t\t\t\t\t\t\t\t\t\t\t\t<\/ul>\n\t<\/div>\n\t<div class=\"fusion-post-content post-content\"><h2 class=\"blog-shortcode-post-title entry-title\"><a href=\"https:\/\/paivitys.rauhanyhdistys.fi\/jyvaskyla\/2025\/06\/01\/jyva-tiedotuslehti-1-2025\/\">Jyv\u00e4 tiedotuslehti 1\/2025<\/a><\/h2><div class=\"fusion-post-content-container\"><p>Jyv\u00e4 tiedotuslehti 1\/2025 l\u00f6ytyy pdf-tiedostona t\u00e4m\u00e4n linkin takaa.<\/p><\/div><\/div><div class=\"fusion-clearfix\"><\/div><div class=\"fusion-meta-info\"><div class=\"fusion-alignleft\"><span class=\"vcard\" style=\"display: none;\"><span class=\"fn\">Joni<\/span><\/span><span class=\"updated\" style=\"display:none;\">2025-06-01T22:27:52+03:00<\/span><span>1.6.2025<\/span><span class=\"fusion-inline-sep\">|<\/span>Categories: <a href=\"https:\/\/paivitys.rauhanyhdistys.fi\/jyvaskyla\/category\/ajankohtaista\/\" rel=\"category tag\">Ajankohtaista<\/a>, <a href=\"https:\/\/paivitys.rauhanyhdistys.fi\/jyvaskyla\/category\/tiedotuslehti\/\" rel=\"category tag\">Tiedotuslehti<\/a><span class=\"fusion-inline-sep\">|<\/span><\/div><div class=\"fusion-alignright\"><a class=\"fusion-read-more\" href=\"https:\/\/paivitys.rauhanyhdistys.fi\/jyvaskyla\/2025\/06\/01\/jyva-tiedotuslehti-1-2025\/\" aria-label=\"More on Jyv\u00e4 tiedotuslehti 1\/2025\">Lue Lis\u00e4\u00e4<\/a><\/div><\/div><\/article>\n<\/div><div class=\"pagination clearfix\"><span class=\"current\">1<\/span><a href=\"https:\/\/paivitys.rauhanyhdistys.fi\/jyvaskyla\/wp-json\/wp\/v2\/pages\/333\/page\/2\/\" class=\"inactive\">2<\/a><a class=\"pagination-next\" rel=\"next\" href=\"https:\/\/paivitys.rauhanyhdistys.fi\/jyvaskyla\/wp-json\/wp\/v2\/pages\/333\/page\/2\/\"><span class=\"page-text\">Seuraava<\/span><span class=\"page-next\"><\/span><\/a><\/div><div class=\"fusion-clearfix\"><\/div><\/div><div class=\"fusion-clearfix\"><\/div><\/div><\/div><\/div><\/div>\n","protected":false},"excerpt":{"rendered":"","protected":false},"author":118,"featured_media":0,"parent":0,"menu_order":0,"comment_status":"closed","ping_status":"closed","template":"","meta":{"footnotes":""},"class_list":["post-333","page","type-page","status-publish","hentry"],"_links":{"self":[{"href":"https:\/\/paivitys.rauhanyhdistys.fi\/jyvaskyla\/wp-json\/wp\/v2\/pages\/333","targetHints":{"allow":["GET"]}}],"collection":[{"href":"https:\/\/paivitys.rauhanyhdistys.fi\/jyvaskyla\/wp-json\/wp\/v2\/pages"}],"about":[{"href":"https:\/\/paivitys.rauhanyhdistys.fi\/jyvaskyla\/wp-json\/wp\/v2\/types\/page"}],"author":[{"embeddable":true,"href":"https:\/\/paivitys.rauhanyhdistys.fi\/jyvaskyla\/wp-json\/wp\/v2\/users\/118"}],"replies":[{"embeddable":true,"href":"https:\/\/paivitys.rauhanyhdistys.fi\/jyvaskyla\/wp-json\/wp\/v2\/comments?post=333"}],"version-history":[{"count":9,"href":"https:\/\/paivitys.rauhanyhdistys.fi\/jyvaskyla\/wp-json\/wp\/v2\/pages\/333\/revisions"}],"predecessor-version":[{"id":1414,"href":"https:\/\/paivitys.rauhanyhdistys.fi\/jyvaskyla\/wp-json\/wp\/v2\/pages\/333\/revisions\/1414"}],"wp:attachment":[{"href":"https:\/\/paivitys.rauhanyhdistys.fi\/jyvaskyla\/wp-json\/wp\/v2\/media?parent=333"}],"curies":[{"name":"wp","href":"https:\/\/api.w.org\/{rel}","templated":true}]}}