{"id":224,"date":"2018-11-29T19:47:04","date_gmt":"2018-11-29T17:47:04","guid":{"rendered":"http:\/\/paivitys.rauhanyhdistys.fi\/jyvaskyla\/?page_id=224"},"modified":"2025-11-01T15:36:11","modified_gmt":"2025-11-01T13:36:11","slug":"nettiseurat","status":"publish","type":"page","link":"https:\/\/paivitys.rauhanyhdistys.fi\/jyvaskyla\/nettiseurat\/","title":{"rendered":"Kuuntele seuroja"},"content":{"rendered":"<p><div class=\"fusion-fullwidth fullwidth-box fusion-builder-row-1 nonhundred-percent-fullwidth non-hundred-percent-height-scrolling\" style=\"--awb-border-radius-top-left:0px;--awb-border-radius-top-right:0px;--awb-border-radius-bottom-right:0px;--awb-border-radius-bottom-left:0px;--awb-flex-wrap:wrap;\" ><div class=\"fusion-builder-row fusion-row\"><div class=\"fusion-layout-column fusion_builder_column fusion-builder-column-0 fusion_builder_column_1_1 1_1 fusion-one-full fusion-column-first fusion-column-last\" style=\"--awb-bg-size:cover;\"><div class=\"fusion-column-wrapper fusion-flex-column-wrapper-legacy\"><div class=\"fusion-title title fusion-title-1 fusion-sep-none fusion-title-text fusion-title-size-one\"><h1 class=\"fusion-title-heading title-heading-left fusion-responsive-typography-calculated\" style=\"margin:0;--fontSize:27;line-height:1.4;\">Kuuntele seuroja<\/h1><\/div><div class=\"fusion-clearfix\"><\/div><\/div><\/div><\/div><\/div><div class=\"fusion-fullwidth fullwidth-box fusion-builder-row-2 nonhundred-percent-fullwidth non-hundred-percent-height-scrolling\" style=\"--awb-border-radius-top-left:0px;--awb-border-radius-top-right:0px;--awb-border-radius-bottom-right:0px;--awb-border-radius-bottom-left:0px;--awb-flex-wrap:wrap;\" ><div class=\"fusion-builder-row fusion-row\"><div class=\"fusion-layout-column fusion_builder_column fusion-builder-column-1 fusion_builder_column_1_2 1_2 fusion-one-half fusion-column-first\" style=\"--awb-bg-size:cover;width:50%;width:calc(50% - ( ( 4% ) * 0.5 ) );margin-right: 4%;\"><div class=\"fusion-column-wrapper fusion-flex-column-wrapper-legacy\"><div class=\"fusion-text fusion-text-1\" style=\"--awb-font-size:1em;\"><h2><strong>Nettiradion soitin<\/strong><\/h2>\n<p>Nettiradiol\u00e4hetykset keskiviikkoisin, lauantaisin ja sunnuntaisin<\/p>\n<\/div><html lang=\"fi\">\n<!-- 2018 Uusi audioplayeri JKLRY Nettiseuroille -->\n<head>\n\t<meta charset=\"UTF-8\">\n<\/head>\n<audio id=\"streamAudio\" preload=\"true\">\n\t<source src=\"https:\/\/jklry.net:8443\/jklry.mp3\" onerror=\"srcError()\">\n    <source src=\"https:\/\/jklry.net:8443\/jklry.m3u\" onerror=\"srcError()\">\n<\/audio>\n<br>\n<div id=\"audioplayer\" style=\"max-width:100%;height:auto;\" align=\"center\">\n\t<img decoding=\"async\" id=\"infoButton\" src=\"https:\/\/paivitys.rauhanyhdistys.fi\/jyvaskyla\/wp-content\/uploads\/sites\/85\/2018\/11\/info.png\" onclick=\"infoFunction()\">\n\t<p id=\"headerText\" class=\"unselectable\">Seuraradio<\/p>\n\t<button id=\"playButton\" class=\"play\"><\/button>\n\t<p id=\"autoText\" class=\"unselectable\">K\u00e4ynnist\u00e4 automaattisesti\n\t<input type=\"checkbox\" id=\"autoCheckbox\" onclick=\"autoStart()\"><\/p>\n\t<div class=\"slidecontainer\">\n\t\t<input type=\"range\" min=\"0\" max=\"100\" value=\"100\" class=\"slider\" id=\"volRange\">\n\t\t<p id=\"volNum\" class=\"unselectable\" ><\/p>\n\t<\/div>\n\t<span id=\"infoText\" class=\"unselectable\" align=\"left\"> <b>K\u00e4ynnist\u00e4 automaattisesti:<\/b> <br>Soitin aloittaa toistamisen heti l\u00e4hetyksen k\u00e4ynnistytty\u00e4,<br>sek\u00e4 jatkaa automaattisesti l\u00e4hetyksen jatkuessa.<br><br><\/span>\n<\/div>\n<br><br>\n<link rel=\"stylesheet\" href=\"https:\/\/fonts.googleapis.com\/css?family=Roboto:light\">\n<style>\n#audioplayer{\n    width: 350px;\n    height: 350px;\n    margin: 1px auto auto auto;\n\tborder: 1px solid #ffffff;\n\tborder-radius: 25px;\n\tmargin-left:10px;\n\tbackground-image: url('https:\/\/paivitys.rauhanyhdistys.fi\/jyvaskyla\/wp-content\/uploads\/sites\/85\/2017\/12\/ry_hero.jpg');\n  \tbackground-position: 5%;\n  \tbackground-size: cover;\n}\n#infoButton{\n\twidth:20px;\n\theight:20px;\n\tfloat:right;\n\tmargin-right:15px;\n\tmargin-top:15px;}\n#infoText{\n\tfont-family: 'Roboto';\n\tfont-size: 15px;\n\tfloat:left;\n\tmargin-left:20px;\n\tmargin-top:30px;\n    text-shadow: 0px -1px 14px #fff;\n\tdisplay: none;}\n#headerText{\n\tfont-family: 'Roboto';\n\tfont-size: 40px;\n\tmargin-bottom: 1px;\n\tmargin-top: 50px;\n  \tcolor:#191919;\n\ttext-shadow: -1px -1px 1px #aaa,\n             0px 4px 1px rgba(0,0,0,0.1),\n             4px 4px 5px rgba(0,0,0,0.1),\n             0px 0px 7px rgba(0,0,0,0.1);}\n#playButton{\n    height:200px; \n    width: 200px;\n    border: none;\n    background-size: 50% 50%;\n    background-repeat: no-repeat;\n    background-position: center;\n\tmargin-top: -15px;\n    outline:none;}\n.play{background: url('https:\/\/paivitys.rauhanyhdistys.fi\/jyvaskyla\/wp-content\/uploads\/sites\/85\/2018\/11\/play.png') ;}\n.pause{background: url('https:\/\/paivitys.rauhanyhdistys.fi\/jyvaskyla\/wp-content\/uploads\/sites\/85\/2018\/11\/pause.png') ;}\n.autoplay{background: url('https:\/\/paivitys.rauhanyhdistys.fi\/jyvaskyla\/wp-content\/uploads\/sites\/85\/2018\/11\/autoplay.png') ;}\n#autoText{\n\tfont-family: 'Roboto';\n\tfont-size: 18px;\n\tfloat:left;\n  \ttext-shadow: 7px 8px 20px #FFFFFF, \n      7px -3px 20px #FFFFFF, 7px -14px 20px #FFFFFF, \n      -4px -14px 20px #FFFFFF, -4px 4px 20px #FFFFFF, \n      -4px 19px 20px #FFFFFF, -17px 19px 20px #FFFFFF, \n      -17px -13px 20px #FFFFFF, 17px -13px 20px #FFFFFF, \n      17px 4px 20px #FFFFFF, 17px 21px 20px #FFFFFF, \n      1px 1px 20px #FFFFFF, 1px 1px 20px #FFFFFF, \n      1px 1px 20px #FFFFFF, 1px 1px 20px #FFFFFF, \n      1px 1px 20px #FFFFFF, 1px 1px 14px #FFFFFF, \n      1px 1px 14px #FFFFFF;\n  \tcolor: #000;\n\tmargin-left: 8%;\n\tmargin-top: 1px;}\n#autoCheckbox{\n\twidth:15;\n\theight:15;}\n.slidecontainer {\n    width: 100%;}\n.slider {\n    -webkit-appearance: none;\n    width: 85%;\n    height: 15px;\n    border-radius: 5px;\n    background: #d3d3d3;\n    outline: none;\n    opacity: 0.7;\n    -webkit-transition: .2s;\n    transition: opacity .2s;\n\tmargin-top: -30px;}\n.slider:hover {opacity: 1;}\n.slider::-webkit-slider-thumb {\n    -webkit-appearance: none;\n    appearance: none;\n    width: 20px;\n    height: 15px;\n    border-radius: 30%;\n    background: #000000;\n    cursor: pointer;}\n.slider::-moz-range-thumb {\n    width: 20px;\n    height: 15px;\n    border-radius: 30%;\n    background: #000000;\n    cursor: pointer;}\n#volNum{\n\tfont-family: 'Roboto';\n\tfont-size: 18px;\n\tdisplay: none;\n    margin-left:20px;}\n.unselectable {\n    -webkit-touch-callout: none;\n    -webkit-user-select: none;\n    -khtml-user-select: none;\n    -moz-user-select: none;\n    -ms-user-select: none;\n    user-select: none;}\n<\/style>\n<script>\nvar streamAudio = document.getElementById('streamAudio');\nvar playButton = document.getElementById('playButton');\nvar volSlider = document.getElementById(\"volRange\");\nvar volOutput = document.getElementById(\"volNum\");\nvar infotext = document.getElementById(\"infoText\");\nvar autoChkbox = document.getElementById(\"autoCheckbox\");\nvar autoTimerUpd;\nvolOutput.innerHTML = volSlider.value;\nvolSlider.oninput = function() {\n\tstreamAudio.volume = ((this.value)\/100);\n\tvolOutput.innerHTML = (this.value);\n\tvolOutput.style.margin = ((this.value)*3.3+25);\n\tvolOutput.style.marginTop = \"10px\";\n\t\/\/volOutput.style.display = \"inline\";\n}\nfunction infoFunction() {\n\tif (infotext.style.display === \"contents\") {\n\t\tinfotext.style.display = \"none\";\n\t} else {\n\t\tinfotext.style.display = \"contents\";\n\t}\n}\nfunction srcError(){\n\tvar timerVar = setTimeout(function(){streamAudio.load();}, 5000)\n}\nfunction autoStart(){\n\tif (autoChkbox.checked == true){\n\t\tstreamAudio.autoplay = true;\n\t\tplayButton.className = \"\";\n        playButton.className = \"autoplay\";\n\t\tautoTimerUpd = setInterval(reloadAudio, 10000)\n\t} else {\n\t\tstreamAudio.autoplay = false;\n\t\tplayButton.className = \"\";\n\t\tif (streamAudio.paused == true) {\n        playButton.className = \"play\";\n\t\t} else {\n\t\tplayButton.className = \"pause\";\n\t\t}\n\t}\n}\nfunction reloadAudio(){\n\tif ( streamAudio.paused == true){\n\t\tstreamAudio.load();\n\t\tstreamAudio.play;\n\t}\n}\nplayButton.addEventListener(\"click\", play);\nfunction play() {\n    if (streamAudio.paused) {\n        streamAudio.play();\n        playButton.className = \"\";\n        playButton.className = \"pause\";\n    } else {\n        streamAudio.pause();\n        playButton.className = \"\";\n        playButton.className = \"play\";\n    }\n}\n<\/script>\n<\/html><div class=\"fusion-text fusion-text-2\"><h2><strong>Youtube Livel\u00e4hetykset<\/strong><\/h2>\n<p>P\u00e4\u00e4set katsomaan l\u00e4hetyksi\u00e4 <a href=\"https:\/\/m.youtube.com\/channel\/UCG1XuC1zK1aYUZKo41LW5FA\">t\u00e4m\u00e4n linkin<\/a> kautta.<\/p>\n<p>Viittomakieliset l\u00e4hetykset <a href=\"https:\/\/www.youtube.com\/@viittomakieliset_seurat\/streams\" target=\"_blank\" rel=\"noopener\">SRK viittomakieli -kanavalla<\/a>.<\/p>\n<\/div><div class=\"fusion-text fusion-text-3\"><p><script src=\"https:\/\/apis.google.com\/js\/platform.js\"><\/script><\/p>\n<div class=\"g-ytsubscribe\" data-channelid=\"UCG1XuC1zK1aYUZKo41LW5FA\" data-layout=\"full\" data-count=\"hidden\"><\/div>\n<\/div><div class=\"fusion-clearfix\"><\/div><\/div><\/div><div class=\"fusion-layout-column fusion_builder_column fusion-builder-column-2 fusion_builder_column_1_2 1_2 fusion-one-half fusion-column-last\" style=\"--awb-bg-size:cover;width:50%;width:calc(50% - ( ( 4% ) * 0.5 ) );\"><div class=\"fusion-column-wrapper fusion-flex-column-wrapper-legacy\"><div class=\"fusion-text fusion-text-4\" style=\"--awb-font-size:1em;\"><h2><strong>Tulevia l\u00e4hetyksi\u00e4<\/strong><\/h2>\n<p>T\u00e4st\u00e4 voit tarkistaa l\u00e4hetysten ajankohdan<\/p>\n<\/div><table class=\"intra\" data-id=\"29\" data-amount=\"5\" data-key=\"web_stream_available:true\" data-features=\"video\"><\/table><div class=\"fusion-sep-clear\"><\/div><div class=\"fusion-separator fusion-full-width-sep\" style=\"margin-left: auto;margin-right: auto;margin-bottom:100px;width:100%;\"><\/div><div class=\"fusion-sep-clear\"><\/div><div class=\"fusion-text fusion-text-5\"><h2><strong>Kolehti<\/strong><\/h2>\n<p>Voit osallistua kolehtiin <a href=\"https:\/\/paivitys.rauhanyhdistys.fi\/jyvaskyla\/lahjoita\/\" target=\"_blank\" rel=\"noopener noreferrer\">lahjoitussivulla<\/a> mainituilla tavoilla. Samalta sivulta l\u00f6yd\u00e4t my\u00f6s rahanker\u00e4ysluvan tiedot.<\/p>\n<\/div><div class=\"fusion-sep-clear\"><\/div><div class=\"fusion-separator fusion-full-width-sep\" style=\"margin-left: auto;margin-right: auto;margin-bottom:100px;width:100%;\"><\/div><div class=\"fusion-sep-clear\"><\/div><div class=\"fusion-text fusion-text-6\"><p>Voit l\u00e4hett\u00e4\u00e4 palautetta osoitteeseen <a href=\"mailto:radio@jklry.net\">radio@jklry.net<\/a><\/p>\n<\/div><!--\n<p>\n\n    <label for=\"nettiradio\">\n        Nettiradiol\u00e4hetys\n    <\/label>\n\n    <br\/>\n\n    <audio\n        id=\"nettiradio\"\n        controls\n        src=\"https:\/\/jklry.net:8443\/jklry.mp3\">\n        Your browser does not support the <code>audio<\/code> element.\n    <\/audio>\n<\/p>\n--><div class=\"fusion-clearfix\"><\/div><\/div><\/div><\/div><\/div><div class=\"fusion-fullwidth fullwidth-box fusion-builder-row-3 fusion-flex-container has-pattern-background has-mask-background nonhundred-percent-fullwidth non-hundred-percent-height-scrolling\" style=\"--awb-border-radius-top-left:0px;--awb-border-radius-top-right:0px;--awb-border-radius-bottom-right:0px;--awb-border-radius-bottom-left:0px;--awb-flex-wrap:wrap;\" ><div class=\"fusion-builder-row fusion-row fusion-flex-align-items-flex-start fusion-flex-content-wrap\" style=\"max-width:1144px;margin-left: calc(-4% \/ 2 );margin-right: calc(-4% \/ 2 );\"><div class=\"fusion-layout-column fusion_builder_column fusion-builder-column-3 fusion_builder_column_1_1 1_1 fusion-flex-column\" style=\"--awb-bg-size:cover;--awb-width-large:100%;--awb-margin-top-large:0px;--awb-spacing-right-large:1.92%;--awb-margin-bottom-large:20px;--awb-spacing-left-large:1.92%;--awb-width-medium:100%;--awb-order-medium:0;--awb-spacing-right-medium:1.92%;--awb-spacing-left-medium:1.92%;--awb-width-small:100%;--awb-order-small:0;--awb-spacing-right-small:1.92%;--awb-spacing-left-small:1.92%;\"><div class=\"fusion-column-wrapper fusion-column-has-shadow fusion-flex-justify-content-flex-start fusion-content-layout-column\"><div class=\"fusion-separator\" style=\"align-self: center;margin-left: auto;margin-right: auto;margin-top:20px;margin-bottom:20px;width:100%;max-width:0px;\"><\/div><\/div><\/div><\/div><\/div><\/p>\n","protected":false},"excerpt":{"rendered":"","protected":false},"author":118,"featured_media":0,"parent":0,"menu_order":0,"comment_status":"closed","ping_status":"closed","template":"","meta":{"footnotes":""},"class_list":["post-224","page","type-page","status-publish","hentry"],"_links":{"self":[{"href":"https:\/\/paivitys.rauhanyhdistys.fi\/jyvaskyla\/wp-json\/wp\/v2\/pages\/224","targetHints":{"allow":["GET"]}}],"collection":[{"href":"https:\/\/paivitys.rauhanyhdistys.fi\/jyvaskyla\/wp-json\/wp\/v2\/pages"}],"about":[{"href":"https:\/\/paivitys.rauhanyhdistys.fi\/jyvaskyla\/wp-json\/wp\/v2\/types\/page"}],"author":[{"embeddable":true,"href":"https:\/\/paivitys.rauhanyhdistys.fi\/jyvaskyla\/wp-json\/wp\/v2\/users\/118"}],"replies":[{"embeddable":true,"href":"https:\/\/paivitys.rauhanyhdistys.fi\/jyvaskyla\/wp-json\/wp\/v2\/comments?post=224"}],"version-history":[{"count":103,"href":"https:\/\/paivitys.rauhanyhdistys.fi\/jyvaskyla\/wp-json\/wp\/v2\/pages\/224\/revisions"}],"predecessor-version":[{"id":440,"href":"https:\/\/paivitys.rauhanyhdistys.fi\/jyvaskyla\/wp-json\/wp\/v2\/pages\/224\/revisions\/440"}],"wp:attachment":[{"href":"https:\/\/paivitys.rauhanyhdistys.fi\/jyvaskyla\/wp-json\/wp\/v2\/media?parent=224"}],"curies":[{"name":"wp","href":"https:\/\/api.w.org\/{rel}","templated":true}]}}