{"id":204,"date":"2018-11-12T14:51:56","date_gmt":"2018-11-12T12:51:56","guid":{"rendered":"http:\/\/paivitys.rauhanyhdistys.fi\/jyvaskyla\/?page_id=204"},"modified":"2022-03-26T21:23:38","modified_gmt":"2022-03-26T19:23:38","slug":"lahjoita","status":"publish","type":"page","link":"https:\/\/paivitys.rauhanyhdistys.fi\/jyvaskyla\/lahjoita\/","title":{"rendered":"Lahjoita"},"content":{"rendered":"<p><div class=\"fusion-fullwidth fullwidth-box fusion-builder-row-1 nonhundred-percent-fullwidth non-hundred-percent-height-scrolling\" style=\"--awb-border-radius-top-left:0px;--awb-border-radius-top-right:0px;--awb-border-radius-bottom-right:0px;--awb-border-radius-bottom-left:0px;--awb-flex-wrap:wrap;\" ><div class=\"fusion-builder-row fusion-row\"><div class=\"fusion-layout-column fusion_builder_column fusion-builder-column-0 fusion_builder_column_1_1 1_1 fusion-one-full fusion-column-first fusion-column-last\" style=\"--awb-bg-size:cover;\"><div class=\"fusion-column-wrapper fusion-flex-column-wrapper-legacy\"><div class=\"fusion-title title fusion-title-1 fusion-sep-none fusion-title-text fusion-title-size-one\"><h1 class=\"fusion-title-heading title-heading-left fusion-responsive-typography-calculated\" style=\"margin:0;--fontSize:27;line-height:1.4;\">Tue toimintaa lahjoittamalla<\/h1><\/div><div class=\"fusion-text fusion-text-1\"><p>Voit tukea Jyv\u00e4skyl\u00e4n Rauhanyhdistys ry:n toimintaa rahalahjoituksella. Rahan lahjoittaminen on mahdollista tilisiirrolla tai\u00a0<a href=\"https:\/\/mobilepay.fi\/fi-fi\/pages\/pay.aspx?phone=0035821361\" target=\"_blank\" rel=\"noopener noreferrer\">MobilePay<\/a>-palvelun kautta. Rahanker\u00e4ysluvan RA\/2020\/991 tarkemmat tiedot l\u00f6ytyv\u00e4t sivun alareunasta.<\/p>\n<\/div><div class=\"fusion-clearfix\"><\/div><\/div><\/div><\/div><\/div><div class=\"fusion-fullwidth fullwidth-box fusion-builder-row-2 nonhundred-percent-fullwidth non-hundred-percent-height-scrolling\" style=\"--awb-border-radius-top-left:0px;--awb-border-radius-top-right:0px;--awb-border-radius-bottom-right:0px;--awb-border-radius-bottom-left:0px;--awb-flex-wrap:wrap;\" ><div class=\"fusion-builder-row fusion-row\"><div class=\"fusion-layout-column fusion_builder_column fusion-builder-column-1 fusion_builder_column_1_2 1_2 fusion-one-half fusion-column-first\" style=\"--awb-bg-size:cover;width:50%;width:calc(50% - ( ( 4% ) * 0.5 ) );margin-right: 4%;\"><div class=\"fusion-column-wrapper fusion-flex-column-wrapper-legacy\"><div class=\"fusion-title title fusion-title-2 fusion-sep-none fusion-title-text fusion-title-size-one\"><h1 class=\"fusion-title-heading title-heading-left fusion-responsive-typography-calculated\" style=\"margin:0;--fontSize:27;line-height:1.4;\">Tilisiirto<\/h1><\/div><div class=\"fusion-text fusion-text-2\"><p><strong>Tilinumero: FI86 5290 0220 4937 93 OKOYFIHH<\/strong><br \/>\nHalutessasi voit k\u00e4ytt\u00e4\u00e4 viitenumeroa 5555.<\/p>\n<\/div><div class=\"fusion-text fusion-text-3\"><p>Alla olevilla viivakoodeilla voit nopeuttaa<br \/>\nverkkopankissa tai mobiilipankissa maksamista:<\/p>\n<p><strong>Virtuaaliviivakoodi<\/strong><\/p>\n<div id=\"viivakoodi\" style=\"margin-top: -10px\">486529002204937930000200000000000000000011111111150901<\/div>\n<p><img decoding=\"async\" class=\"alignnone wp-image-260\" src=\"http:\/\/paivitys.rauhanyhdistys.fi\/jyvaskyla\/wp-content\/uploads\/sites\/85\/2018\/12\/vk-300x47.jpg\" alt=\"\" width=\"402\" height=\"63\" srcset=\"https:\/\/paivitys.rauhanyhdistys.fi\/jyvaskyla\/wp-content\/uploads\/sites\/85\/2018\/12\/vk-200x31.jpg 200w, https:\/\/paivitys.rauhanyhdistys.fi\/jyvaskyla\/wp-content\/uploads\/sites\/85\/2018\/12\/vk-300x47.jpg 300w, https:\/\/paivitys.rauhanyhdistys.fi\/jyvaskyla\/wp-content\/uploads\/sites\/85\/2018\/12\/vk-400x63.jpg 400w, https:\/\/paivitys.rauhanyhdistys.fi\/jyvaskyla\/wp-content\/uploads\/sites\/85\/2018\/12\/vk.jpg 600w\" sizes=\"(max-width: 402px) 100vw, 402px\" \/><\/p>\n<p><img decoding=\"async\" class=\"alignnone size-full wp-image-287\" src=\"http:\/\/paivitys.rauhanyhdistys.fi\/jyvaskyla\/wp-content\/uploads\/sites\/85\/2019\/01\/PankkiJKLRY.png\" alt=\"\" width=\"300\" height=\"300\" srcset=\"https:\/\/paivitys.rauhanyhdistys.fi\/jyvaskyla\/wp-content\/uploads\/sites\/85\/2019\/01\/PankkiJKLRY-66x66.png 66w, https:\/\/paivitys.rauhanyhdistys.fi\/jyvaskyla\/wp-content\/uploads\/sites\/85\/2019\/01\/PankkiJKLRY-150x150.png 150w, https:\/\/paivitys.rauhanyhdistys.fi\/jyvaskyla\/wp-content\/uploads\/sites\/85\/2019\/01\/PankkiJKLRY-200x200.png 200w, https:\/\/paivitys.rauhanyhdistys.fi\/jyvaskyla\/wp-content\/uploads\/sites\/85\/2019\/01\/PankkiJKLRY.png 300w\" sizes=\"(max-width: 300px) 100vw, 300px\" \/><\/p>\n<\/div><style>#viivakoodi{font-size:14px;}@media screen and (max-width: 420px) {#viivakoodi{font-size:10px;}}<\/style><div class=\"fusion-clearfix\"><\/div><\/div><\/div><div class=\"fusion-layout-column fusion_builder_column fusion-builder-column-2 fusion_builder_column_1_2 1_2 fusion-one-half fusion-column-last\" style=\"--awb-bg-size:cover;width:50%;width:calc(50% - ( ( 4% ) * 0.5 ) );\"><div class=\"fusion-column-wrapper fusion-flex-column-wrapper-legacy\"><div class=\"fusion-title title fusion-title-3 fusion-sep-none fusion-title-text fusion-title-size-one\"><h1 class=\"fusion-title-heading title-heading-left fusion-responsive-typography-calculated\" style=\"margin:0;--fontSize:27;line-height:1.4;\">MobilePay<\/h1><\/div><div class=\"fusion-text fusion-text-4\"><p><strong>MobilePay-lyhytnumero:\u00a0<a href=\"https:\/\/mobilepay.fi\/fi-fi\/pages\/pay.aspx?phone=0035821361\" target=\"_blank\" rel=\"noopener noreferrer\">21361<\/a><\/strong><\/p>\n<p><img decoding=\"async\" class=\"alignnone size-medium wp-image-286\" src=\"http:\/\/paivitys.rauhanyhdistys.fi\/jyvaskyla\/wp-content\/uploads\/sites\/85\/2019\/01\/MobilePJKLRY-300x300.png\" alt=\"\" width=\"300\" height=\"300\" srcset=\"https:\/\/paivitys.rauhanyhdistys.fi\/jyvaskyla\/wp-content\/uploads\/sites\/85\/2019\/01\/MobilePJKLRY-66x66.png 66w, https:\/\/paivitys.rauhanyhdistys.fi\/jyvaskyla\/wp-content\/uploads\/sites\/85\/2019\/01\/MobilePJKLRY-150x150.png 150w, https:\/\/paivitys.rauhanyhdistys.fi\/jyvaskyla\/wp-content\/uploads\/sites\/85\/2019\/01\/MobilePJKLRY-200x200.png 200w, https:\/\/paivitys.rauhanyhdistys.fi\/jyvaskyla\/wp-content\/uploads\/sites\/85\/2019\/01\/MobilePJKLRY-300x300.png 300w, https:\/\/paivitys.rauhanyhdistys.fi\/jyvaskyla\/wp-content\/uploads\/sites\/85\/2019\/01\/MobilePJKLRY-400x400.png 400w, https:\/\/paivitys.rauhanyhdistys.fi\/jyvaskyla\/wp-content\/uploads\/sites\/85\/2019\/01\/MobilePJKLRY-600x600.png 600w, https:\/\/paivitys.rauhanyhdistys.fi\/jyvaskyla\/wp-content\/uploads\/sites\/85\/2019\/01\/MobilePJKLRY.png 686w\" sizes=\"(max-width: 300px) 100vw, 300px\" \/><\/p>\n<p>MobilePay-sovelluksen voit asentaa k\u00e4nnykk\u00e4\u00e4si\u00a0<a href=\"https:\/\/play.google.com\/store\/apps\/details?id=fi.danskebank.mobilepay&amp;hl=fi\" target=\"_blank\" rel=\"noopener noreferrer\">Play Kaupasta<\/a>\u00a0tai<br \/>\n<a href=\"https:\/\/itunes.apple.com\/fi\/app\/mobilepay-fi\/id768172577?l=fi&amp;mt=8\" target=\"_blank\" rel=\"noopener noreferrer\">App Storesta<\/a>. Sovellus sis\u00e4lt\u00e4\u00e4 yksityiskohtaisen k\u00e4yt\u00f6n opastuksen.<\/p>\n<\/div><div class=\"fusion-clearfix\"><\/div><\/div><\/div><div class=\"fusion-layout-column fusion_builder_column fusion-builder-column-3 fusion_builder_column_1_2 1_2 fusion-one-half fusion-column-first\" style=\"--awb-bg-size:cover;width:50%;width:calc(50% - ( ( 4% ) * 0.5 ) );margin-right: 4%;\"><div class=\"fusion-column-wrapper fusion-flex-column-wrapper-legacy\"><div class=\"fusion-title title fusion-title-4 fusion-sep-none fusion-title-text fusion-title-size-one\"><h1 class=\"fusion-title-heading title-heading-left fusion-responsive-typography-calculated\" style=\"margin:0;--fontSize:27;line-height:1.4;\">Puhelin<\/h1><\/div><div class=\"fusion-text fusion-text-5\"><p>Voit lahjoittaa soittamalla numeroon<\/p>\n<p>0600 14199<\/p>\n<p>Puhelun hinta, eli lahjoitussumma on 10,01 \u20ac. Sen lis\u00e4ksi veloitetaan operaattorikohtainen paikallisverkkomaksu.<br \/>\nHuom! Muista kuunnella lyhyt nauhoite loppuun, jotta lahjoitus aktivoituu.<\/p>\n<\/div><div class=\"fusion-clearfix\"><\/div><\/div><\/div><\/div><\/div><div class=\"fusion-fullwidth fullwidth-box fusion-builder-row-3 nonhundred-percent-fullwidth non-hundred-percent-height-scrolling\" style=\"--awb-border-radius-top-left:0px;--awb-border-radius-top-right:0px;--awb-border-radius-bottom-right:0px;--awb-border-radius-bottom-left:0px;--awb-flex-wrap:wrap;\" ><div class=\"fusion-builder-row fusion-row\"><div class=\"fusion-layout-column fusion_builder_column fusion-builder-column-4 fusion_builder_column_1_1 1_1 fusion-one-full fusion-column-first fusion-column-last\" style=\"--awb-bg-size:cover;\"><div class=\"fusion-column-wrapper fusion-flex-column-wrapper-legacy\"><div class=\"fusion-title title fusion-title-5 fusion-sep-none fusion-title-text fusion-title-size-one\"><h1 class=\"fusion-title-heading title-heading-left fusion-responsive-typography-calculated\" style=\"margin:0;--fontSize:27;line-height:1.4;\">Rahanker\u00e4ysluvan tiedot<\/h1><\/div><div class=\"fusion-text fusion-text-6\"><ul>\n<li><i>rahanker\u00e4ysluvan saaja:<\/i>\u00a0Jyv\u00e4skyl\u00e4n Rauhanyhdistys ry<\/li>\n<li><i>rahanker\u00e4ysluvan my\u00f6nt\u00e4j\u00e4:<\/i>\u00a0Poliisihallitus<\/li>\n<li><i>luvan numero ja my\u00f6nt\u00e4misajankohta: RA\/2020\/991<\/i>, 19.08.2020<\/li>\n<li><i>ker\u00e4yksen toimeenpanoaika:<\/i> 04.11.2020 alkaen<\/li>\n<li><i>ker\u00e4tt\u00e4vien varojen k\u00e4ytt\u00f6tarkoitus:<\/i>\u00a0Lapsi- ja nuorisoty\u00f6n kuluihin; rauhanyhdistyksen toimitalon kuluihin; yhdistyksen tiedotuskuluihin; radio- ja internetl\u00e4hetysten toimittamisesta ja tuottamisesta aiheutuviin kustannuksiin; diakoniaty\u00f6h\u00f6n, jonka ensisijaisena kohteena ovat lapset ja lapsiperheet<\/li>\n<li><i>aika, jonka kuluessa ker\u00e4tt\u00e4v\u00e4t varat on tarkoitus k\u00e4ytt\u00e4\u00e4:<\/i>\u00a0Ei erillist\u00e4 m\u00e4\u00e4r\u00e4yst\u00e4<\/li>\n<li><i>k\u00e4yt\u00e4nn\u00f6n toimeenpanija:<\/i>\u00a0Luvan saaja<\/li>\n<\/ul>\n<\/div><div class=\"fusion-clearfix\"><\/div><\/div><\/div><\/div><\/div><\/p>\n","protected":false},"excerpt":{"rendered":"","protected":false},"author":5,"featured_media":0,"parent":0,"menu_order":0,"comment_status":"closed","ping_status":"closed","template":"","meta":{"footnotes":""},"class_list":["post-204","page","type-page","status-publish","hentry"],"_links":{"self":[{"href":"https:\/\/paivitys.rauhanyhdistys.fi\/jyvaskyla\/wp-json\/wp\/v2\/pages\/204","targetHints":{"allow":["GET"]}}],"collection":[{"href":"https:\/\/paivitys.rauhanyhdistys.fi\/jyvaskyla\/wp-json\/wp\/v2\/pages"}],"about":[{"href":"https:\/\/paivitys.rauhanyhdistys.fi\/jyvaskyla\/wp-json\/wp\/v2\/types\/page"}],"author":[{"embeddable":true,"href":"https:\/\/paivitys.rauhanyhdistys.fi\/jyvaskyla\/wp-json\/wp\/v2\/users\/5"}],"replies":[{"embeddable":true,"href":"https:\/\/paivitys.rauhanyhdistys.fi\/jyvaskyla\/wp-json\/wp\/v2\/comments?post=204"}],"version-history":[{"count":23,"href":"https:\/\/paivitys.rauhanyhdistys.fi\/jyvaskyla\/wp-json\/wp\/v2\/pages\/204\/revisions"}],"predecessor-version":[{"id":1000,"href":"https:\/\/paivitys.rauhanyhdistys.fi\/jyvaskyla\/wp-json\/wp\/v2\/pages\/204\/revisions\/1000"}],"wp:attachment":[{"href":"https:\/\/paivitys.rauhanyhdistys.fi\/jyvaskyla\/wp-json\/wp\/v2\/media?parent=204"}],"curies":[{"name":"wp","href":"https:\/\/api.w.org\/{rel}","templated":true}]}}