{"id":15,"date":"2017-12-13T14:06:19","date_gmt":"2017-12-13T12:06:19","guid":{"rendered":"http:\/\/34.242.2.69\/hankasalmi\/?page_id=15"},"modified":"2018-09-11T10:44:25","modified_gmt":"2018-09-11T07:44:25","slug":"toimintamuodot","status":"publish","type":"page","link":"https:\/\/paivitys.rauhanyhdistys.fi\/jyvaskyla\/toimintamuodot\/","title":{"rendered":"Toimintamuodot"},"content":{"rendered":"<div class=\"fusion-fullwidth fullwidth-box fusion-builder-row-1 nonhundred-percent-fullwidth non-hundred-percent-height-scrolling\" style=\"--awb-border-radius-top-left:0px;--awb-border-radius-top-right:0px;--awb-border-radius-bottom-right:0px;--awb-border-radius-bottom-left:0px;--awb-flex-wrap:wrap;\" ><div class=\"fusion-builder-row fusion-row\"><div class=\"fusion-layout-column fusion_builder_column fusion-builder-column-0 fusion_builder_column_1_2 1_2 fusion-one-half fusion-column-first\" style=\"--awb-bg-size:cover;width:50%;width:calc(50% - ( ( 4% ) * 0.5 ) );margin-right: 4%;\"><div class=\"fusion-column-wrapper fusion-flex-column-wrapper-legacy\"><div class=\"fusion-title title fusion-title-1 fusion-sep-none fusion-title-text fusion-title-size-one\"><h1 class=\"fusion-title-heading title-heading-left fusion-responsive-typography-calculated\" style=\"margin:0;--fontSize:27;line-height:1.4;\"><h1 class=\"content-box-heading\">Seurat<\/h1><\/h1><\/div><div class=\"fusion-text fusion-text-1\"><div class=\"heading icon-left\">\n<p><span style=\"font-size: 16px\">Seuroja j\u00e4rjestet\u00e4\u00e4n yleens\u00e4 keskiviikkoisin, lauantaisin ja sunnuntaisin. <\/span>Seuraohjelma koostuu seurapuheista, virsist\u00e4 ja Siionin lauluista. Seurojen tarkoitus on rohkaista ja tukea sanankuulijaa uskonel\u00e4m\u00e4ss\u00e4 sek\u00e4 kutsua Jumalan valtakuntaan sen ulkopuolella el\u00e4vi\u00e4 ihmisi\u00e4.<\/p>\n<p class=\"content-box-heading\"><span style=\"font-size: 16px\">Keskiviikko- ja lauantaiseuroissa on yksi seurapuhe, sunnuntaiseuroissa kaksi seurapuhetta. Puheen pit\u00e4\u00e4 pappi tai maallikkosaarnaaja.\u00a0<\/span>Ensimm\u00e4isen puheen j\u00e4lkeen on yleens\u00e4 kahviv\u00e4liaika. \u00a0Seuroja j\u00e4rjestet\u00e4\u00e4n oman toimitalon lis\u00e4ksi toimialueen kirkoissa ja muissa seurakunnan tiloissa sek\u00e4 kodeissa ja palvelutaloissa.<\/p>\n<\/div>\n<\/div><div class=\"fusion-clearfix\"><\/div><\/div><\/div><div class=\"fusion-layout-column fusion_builder_column fusion-builder-column-1 fusion_builder_column_1_2 1_2 fusion-one-half fusion-column-last\" style=\"--awb-bg-size:cover;width:50%;width:calc(50% - ( ( 4% ) * 0.5 ) );\"><div class=\"fusion-column-wrapper fusion-flex-column-wrapper-legacy\"><div class=\"fusion-title title fusion-title-2 fusion-sep-none fusion-title-text fusion-title-size-one\"><h1 class=\"fusion-title-heading title-heading-left fusion-responsive-typography-calculated\" style=\"margin:0;--fontSize:27;line-height:1.4;\"><h1 class=\"content-box-heading\">Raamattuluokka<\/h1><\/h1><\/div><div class=\"fusion-text fusion-text-2\"><div class=\"heading icon-left\">\n<p class=\"content-box-heading\">Raamattuluokkatoiminta on kohdistettu 4.-8.-luokkalaisille, alle rippikouluik\u00e4isille lapsille ja nuorille. Sen tavoitteena on tuoda Raamatun kertomukset tutuiksi sek\u00e4 tukea varhaisnuorten uskonel\u00e4m\u00e4\u00e4 ja kotien kristillist\u00e4 kasvatusta.<\/p>\n<\/div>\n<\/div><div class=\"fusion-clearfix\"><\/div><\/div><\/div><div class=\"fusion-layout-column fusion_builder_column fusion-builder-column-2 fusion_builder_column_1_2 1_2 fusion-one-half fusion-column-first\" style=\"--awb-bg-size:cover;width:50%;width:calc(50% - ( ( 4% ) * 0.5 ) );margin-right: 4%;\"><div class=\"fusion-column-wrapper fusion-flex-column-wrapper-legacy\"><div class=\"fusion-title title fusion-title-3 fusion-sep-none fusion-title-text fusion-title-size-one\"><h1 class=\"fusion-title-heading title-heading-left fusion-responsive-typography-calculated\" style=\"margin:0;--fontSize:27;line-height:1.4;\">P\u00e4iv\u00e4kerho ja pyh\u00e4koulu<\/h1><\/div><div class=\"fusion-text fusion-text-3\"><p>Lapsille j\u00e4rjestet\u00e4\u00e4n pyh\u00e4kouluja ja p\u00e4iv\u00e4kerhoja, joissa perusajatuksena on Jeesuksen antaman opetusk\u00e4skyn toteuttaminen.\u00a0Pyh\u00e4koulun tavoite on tutustuttaa pienet lapset Raamatun kertomuksiin ja uskon peruskysymyksiin sek\u00e4 toimia kasvatusty\u00f6ss\u00e4 vanhempien tukena. P\u00e4iv\u00e4kerho on tarkoitettu alle kouluik\u00e4isille lapsille. P\u00e4iv\u00e4kerhossa askarrellaan, leikit\u00e4\u00e4n ja hiljennyt\u00e4\u00e4n hartaushetkeen. Opettajina toimivat teht\u00e4v\u00e4\u00e4n kutsutut henkil\u00f6t, jotka uskovat samalla tavalla lasten ja heid\u00e4n perheidens\u00e4 kanssa.<\/p>\n<\/div><div class=\"fusion-clearfix\"><\/div><\/div><\/div><div class=\"fusion-layout-column fusion_builder_column fusion-builder-column-3 fusion_builder_column_1_2 1_2 fusion-one-half fusion-column-last\" style=\"--awb-bg-size:cover;width:50%;width:calc(50% - ( ( 4% ) * 0.5 ) );\"><div class=\"fusion-column-wrapper fusion-flex-column-wrapper-legacy\"><div class=\"fusion-title title fusion-title-4 fusion-sep-none fusion-title-text fusion-title-size-one\"><h1 class=\"fusion-title-heading title-heading-left fusion-responsive-typography-calculated\" style=\"margin:0;--fontSize:27;line-height:1.4;\">Perhe- ja diakoniaty\u00f6<\/h1><\/div><div class=\"fusion-text fusion-text-4\"><p>Diakoniaty\u00f6ss\u00e4 keskeist\u00e4 on auttaa ja tukea l\u00e4himm\u00e4isi\u00e4 erilaisissa el\u00e4m\u00e4ntilanteissa. Perhe- ja diakoniatoimikunta\u00a0tukee perheit\u00e4 organisoimalla lastenhoito- ja muuta apua. Toimikunta\u00a0j\u00e4rjest\u00e4\u00e4 k\u00e4yntej\u00e4 ja vierailuja vanhusten koteihin. Mahdollisia avuntarvitsijoita ohjataan hakemaan ja k\u00e4ytt\u00e4m\u00e4\u00e4n yhteiskunnan ja seurakunnan avustuspalveluja.<\/p>\n<\/div><div class=\"fusion-clearfix\"><\/div><\/div><\/div><div class=\"fusion-layout-column fusion_builder_column fusion-builder-column-4 fusion_builder_column_1_2 1_2 fusion-one-half fusion-column-first\" style=\"--awb-bg-size:cover;width:50%;width:calc(50% - ( ( 4% ) * 0.5 ) );margin-right: 4%;\"><div class=\"fusion-column-wrapper fusion-flex-column-wrapper-legacy\"><div class=\"fusion-title title fusion-title-5 fusion-sep-none fusion-title-text fusion-title-size-one\"><h1 class=\"fusion-title-heading title-heading-left fusion-responsive-typography-calculated\" style=\"margin:0;--fontSize:27;line-height:1.4;\">Nuorten perjantai<\/h1><\/div><div class=\"fusion-text fusion-text-5\"><p>Nuorten perjantai on rippikoulun k\u00e4yneille nuorille suunnattu toimintamuoto, joka lis\u00e4\u00e4 nuorten yhteenkuuluvuutta yhteisen tekemisen, pelien ja leikkien\u00a0kautta.\u00a0Iltaan sis\u00e4ltyy keskusteleva uskontotuokio, jonka aiheet nousevat nuorten\u00a0el\u00e4m\u00e4npiirist\u00e4.<\/p>\n<\/div><div class=\"fusion-clearfix\"><\/div><\/div><\/div><div class=\"fusion-layout-column fusion_builder_column fusion-builder-column-5 fusion_builder_column_1_2 1_2 fusion-one-half fusion-column-last\" style=\"--awb-bg-size:cover;width:50%;width:calc(50% - ( ( 4% ) * 0.5 ) );\"><div class=\"fusion-column-wrapper fusion-flex-column-wrapper-legacy\"><div class=\"fusion-title title fusion-title-6 fusion-sep-none fusion-title-text fusion-title-size-one\"><h1 class=\"fusion-title-heading title-heading-left fusion-responsive-typography-calculated\" style=\"margin:0;--fontSize:27;line-height:1.4;\">Muu toiminta<\/h1><\/div><div class=\"fusion-text fusion-text-6\"><p>Muita toimintamuotoja ovat mm. naisten- ja miestenillat, aviopuolisop\u00e4iv\u00e4t sek\u00e4 varttuneen v\u00e4en tiistaikerhot.<\/p>\n<\/div><div class=\"fusion-clearfix\"><\/div><\/div><\/div><\/div><\/div>\n","protected":false},"excerpt":{"rendered":"","protected":false},"author":1,"featured_media":0,"parent":0,"menu_order":0,"comment_status":"closed","ping_status":"closed","template":"","meta":{"footnotes":""},"class_list":["post-15","page","type-page","status-publish","hentry"],"_links":{"self":[{"href":"https:\/\/paivitys.rauhanyhdistys.fi\/jyvaskyla\/wp-json\/wp\/v2\/pages\/15","targetHints":{"allow":["GET"]}}],"collection":[{"href":"https:\/\/paivitys.rauhanyhdistys.fi\/jyvaskyla\/wp-json\/wp\/v2\/pages"}],"about":[{"href":"https:\/\/paivitys.rauhanyhdistys.fi\/jyvaskyla\/wp-json\/wp\/v2\/types\/page"}],"author":[{"embeddable":true,"href":"https:\/\/paivitys.rauhanyhdistys.fi\/jyvaskyla\/wp-json\/wp\/v2\/users\/1"}],"replies":[{"embeddable":true,"href":"https:\/\/paivitys.rauhanyhdistys.fi\/jyvaskyla\/wp-json\/wp\/v2\/comments?post=15"}],"version-history":[{"count":19,"href":"https:\/\/paivitys.rauhanyhdistys.fi\/jyvaskyla\/wp-json\/wp\/v2\/pages\/15\/revisions"}],"predecessor-version":[{"id":152,"href":"https:\/\/paivitys.rauhanyhdistys.fi\/jyvaskyla\/wp-json\/wp\/v2\/pages\/15\/revisions\/152"}],"wp:attachment":[{"href":"https:\/\/paivitys.rauhanyhdistys.fi\/jyvaskyla\/wp-json\/wp\/v2\/media?parent=15"}],"curies":[{"name":"wp","href":"https:\/\/api.w.org\/{rel}","templated":true}]}}