{"id":13,"date":"2017-12-13T14:06:09","date_gmt":"2017-12-13T12:06:09","guid":{"rendered":"http:\/\/34.242.2.69\/jamsa\/?page_id=13"},"modified":"2025-08-25T12:40:01","modified_gmt":"2025-08-25T09:40:01","slug":"etusivu","status":"publish","type":"page","link":"https:\/\/paivitys.rauhanyhdistys.fi\/jamsa\/","title":{"rendered":"Etusivu"},"content":{"rendered":"<p><div class=\"fusion-fullwidth fullwidth-box fusion-builder-row-1 nonhundred-percent-fullwidth non-hundred-percent-height-scrolling\" style=\"--awb-border-radius-top-left:0px;--awb-border-radius-top-right:0px;--awb-border-radius-bottom-right:0px;--awb-border-radius-bottom-left:0px;--awb-flex-wrap:wrap;\" ><div class=\"fusion-builder-row fusion-row\"><div class=\"fusion-layout-column fusion_builder_column fusion-builder-column-0 fusion_builder_column_1_1 1_1 fusion-one-full fusion-column-first fusion-column-last\" style=\"--awb-bg-size:cover;\"><div class=\"fusion-column-wrapper fusion-flex-column-wrapper-legacy\"><div class=\"fusion-title title fusion-title-1 fusion-sep-none fusion-title-text fusion-title-size-one\"><h1 class=\"fusion-title-heading title-heading-left fusion-responsive-typography-calculated\" style=\"margin:0;--fontSize:34;line-height:1.4;\">Tervetuloa J\u00e4ms\u00e4n rauhanyhdistyksen sivuille<\/h1><\/div><div class=\"fusion-clearfix\"><\/div><\/div><\/div><div class=\"fusion-layout-column fusion_builder_column fusion-builder-column-1 fusion_builder_column_1_1 1_1 fusion-one-full fusion-column-first fusion-column-last fusion-no-small-visibility\" style=\"--awb-bg-size:cover;\"><div class=\"fusion-column-wrapper fusion-flex-column-wrapper-legacy\"><div class=\"fusion-text fusion-text-1\"><p>J\u00e4ms\u00e4n Rauhanyhdistyksen tarkoituksena on her\u00e4tt\u00e4\u00e4 ja elvytt\u00e4\u00e4 kristillist\u00e4 uskonel\u00e4m\u00e4\u00e4 sek\u00e4 edist\u00e4\u00e4 kristillisi\u00e4 el\u00e4m\u00e4ntapoja, raittiutta ja is\u00e4nmaallisuutta. Yhdistyksen j\u00e4senet kuuluvat\u00a0<a href=\"http:\/\/www.evl.fi\/\" target=\"_blank\" rel=\"noopener noreferrer\">Suomen evankelis-luterilaisen kirkon<\/a>\u00a0sis\u00e4ll\u00e4 toimivaan vanhoillislestadiolaiseen her\u00e4tysliikkeeseen, ja yhdistys on\u00a0<a href=\"http:\/\/www.srk.fi\/\" target=\"_blank\" rel=\"noopener noreferrer\">Suomen Rauhanyhdistysten Keskusyhdistyksen<\/a>\u00a0j\u00e4senyhdistys.<\/p>\n<p>Toimintamuotoina ovat viikoittain j\u00e4rjestett\u00e4v\u00e4t seurat sek\u00e4 laaja nuorisoty\u00f6 p\u00e4iv\u00e4kerhon, pyh\u00e4koulun ja raamattuluokan kautta. Kaiken toiminnan ydin on evankeliumin saarna, p\u00e4\u00e4st\u00f6n sana; Sinun syntisi on Jeesuksen nimess\u00e4 ja veress\u00e4 anteeksi annettu. T\u00e4m\u00e4 sovintosaarna Jeesuksen opetuslapsilleen antaman Pyh\u00e4n Hengen vaikuttamana (Joh. 20:21-23),\u00a0 tuo kuolemattomalle sielulle rauhan.<\/p>\n<p>Rauhanyhdistyksen keskeisint\u00e4 toimintaa on seurojen j\u00e4rjest\u00e4minen. Seurojen ohjella toimintakalenterista l\u00f6ytyv\u00e4t tiedot lasten ja nuorten pyh\u00e4kouluista, p\u00e4iv\u00e4kerhoista, raamattuluokista ja nuortenilloista. Aikuiset saavat tiedon aviopari-illoista ja tiistaikerhoista. Kaikkia kutsutaan seuroihin sek\u00e4 yhteisiin juhliin ja myyj\u00e4isiin.<\/p>\n<p>Kaikkiin tilaisuuksiimme\u00a0on vapaa p\u00e4\u00e4sy ja jokainen syd\u00e4mellisesti tervetullut<em>. \u00a0<\/em><\/p>\n<p><em><a href=\"http:\/\/www.jamsanopisto.fi\/\" target=\"_blank\" rel=\"noopener noreferrer\">J\u00e4ms\u00e4n Kristillisen Kansanopiston kotisivut<\/a>.<\/em><\/p>\n<p><em>Tervetuloa my\u00f6s J\u00e4ms\u00e4n Kr. Kansanopiston\u00a0<a href=\"http:\/\/www.lyhytkurssille.fi\/kurssi\/jamsa\" target=\"_blank\" rel=\"noopener noreferrer\">lyhytkursseille<\/a>!<\/em><\/p>\n<\/div><div class=\"fusion-clearfix\"><\/div><\/div><\/div><\/div><\/div><div class=\"fusion-fullwidth fullwidth-box fusion-builder-row-2 nonhundred-percent-fullwidth non-hundred-percent-height-scrolling\" style=\"--awb-border-radius-top-left:0px;--awb-border-radius-top-right:0px;--awb-border-radius-bottom-right:0px;--awb-border-radius-bottom-left:0px;--awb-padding-top:30px;--awb-background-color:#eeeeee;--awb-flex-wrap:wrap;\" ><div class=\"fusion-builder-row fusion-row\"><div class=\"fusion-layout-column fusion_builder_column fusion-builder-column-2 fusion_builder_column_1_2 1_2 fusion-one-half fusion-column-first\" style=\"--awb-bg-size:cover;width:50%;width:calc(50% - ( ( 4% ) * 0.5 ) );margin-right: 4%;\"><div class=\"fusion-column-wrapper fusion-flex-column-wrapper-legacy\"><div class=\"fusion-title title fusion-title-2 fusion-sep-none fusion-title-text fusion-title-size-one\"><h1 class=\"fusion-title-heading title-heading-left fusion-responsive-typography-calculated\" style=\"margin:0;--fontSize:34;line-height:1.4;\">Tulevat tapahtumat<\/h1><\/div><table class=\"intra\" data-id=\"97\" data-amount=\"10\" data-features=\"audio,video\"><\/table>\n<div class=\"fusion-text fusion-text-2\"><p><a href=\"https:\/\/paivitys.rauhanyhdistys.fi\/jamsa\/toimintakalenteri\/\">katso lis\u00e4\u00e4 toimintakalenterista<\/a><\/p>\n<\/div><div class=\"fusion-clearfix\"><\/div><\/div><\/div><div class=\"fusion-layout-column fusion_builder_column fusion-builder-column-3 fusion_builder_column_1_2 1_2 fusion-one-half fusion-column-last\" style=\"--awb-bg-size:cover;width:50%;width:calc(50% - ( ( 4% ) * 0.5 ) );\"><div class=\"fusion-column-wrapper fusion-flex-column-wrapper-legacy\"><div class=\"fusion-title title fusion-title-3 fusion-sep-none fusion-title-text fusion-title-size-one\"><h1 class=\"fusion-title-heading title-heading-left fusion-responsive-typography-calculated\" style=\"margin:0;--fontSize:34;line-height:1.4;\">J\u00e4ms\u00e4n opiston kurssit<\/h1><\/div><table class=\"kurle\" data-id=\"1\" data-amount=\"5\"><\/table>\n<div class=\"fusion-text fusion-text-3\"><p><a href=\"https:\/\/www.lyhytkurssille.fi\/kurssi\/jamsa\/\">Lis\u00e4\u00e4 kursseja<\/a><\/p>\n<\/div><div class=\"fusion-title title fusion-title-4 fusion-sep-none fusion-title-text fusion-title-size-one\"><h1 class=\"fusion-title-heading title-heading-left fusion-responsive-typography-calculated\" style=\"margin:0;--fontSize:34;line-height:1.4;\">Leirit Hankasalmella<\/h1><\/div><table class=\"kurle\" data-id=\"5\" data-amount=\"5\"><\/table>\n<div class=\"fusion-text fusion-text-4\"><p><a href=\"https:\/\/www.leirille.fi\/leiri\/hankasalmi\/\">Lis\u00e4\u00e4 leirej\u00e4<\/a><\/p>\n<\/div><div class=\"fusion-clearfix\"><\/div><\/div><\/div><\/div><\/div><\/p>\n","protected":false},"excerpt":{"rendered":"","protected":false},"author":1,"featured_media":0,"parent":0,"menu_order":0,"comment_status":"closed","ping_status":"closed","template":"100-width.php","meta":{"footnotes":""},"class_list":["post-13","page","type-page","status-publish","hentry"],"_links":{"self":[{"href":"https:\/\/paivitys.rauhanyhdistys.fi\/jamsa\/wp-json\/wp\/v2\/pages\/13","targetHints":{"allow":["GET"]}}],"collection":[{"href":"https:\/\/paivitys.rauhanyhdistys.fi\/jamsa\/wp-json\/wp\/v2\/pages"}],"about":[{"href":"https:\/\/paivitys.rauhanyhdistys.fi\/jamsa\/wp-json\/wp\/v2\/types\/page"}],"author":[{"embeddable":true,"href":"https:\/\/paivitys.rauhanyhdistys.fi\/jamsa\/wp-json\/wp\/v2\/users\/1"}],"replies":[{"embeddable":true,"href":"https:\/\/paivitys.rauhanyhdistys.fi\/jamsa\/wp-json\/wp\/v2\/comments?post=13"}],"version-history":[{"count":52,"href":"https:\/\/paivitys.rauhanyhdistys.fi\/jamsa\/wp-json\/wp\/v2\/pages\/13\/revisions"}],"predecessor-version":[{"id":147,"href":"https:\/\/paivitys.rauhanyhdistys.fi\/jamsa\/wp-json\/wp\/v2\/pages\/13\/revisions\/147"}],"wp:attachment":[{"href":"https:\/\/paivitys.rauhanyhdistys.fi\/jamsa\/wp-json\/wp\/v2\/media?parent=13"}],"curies":[{"name":"wp","href":"https:\/\/api.w.org\/{rel}","templated":true}]}}