{"id":13,"date":"2017-12-13T14:06:09","date_gmt":"2017-12-13T12:06:09","guid":{"rendered":"http:\/\/34.242.2.69\/halsua\/?page_id=13"},"modified":"2026-02-22T20:02:57","modified_gmt":"2026-02-22T18:02:57","slug":"etusivu","status":"publish","type":"page","link":"https:\/\/paivitys.rauhanyhdistys.fi\/halsua\/","title":{"rendered":"Etusivu"},"content":{"rendered":"<p><div class=\"fusion-fullwidth fullwidth-box fusion-builder-row-1 nonhundred-percent-fullwidth non-hundred-percent-height-scrolling\" style=\"--awb-border-radius-top-left:0px;--awb-border-radius-top-right:0px;--awb-border-radius-bottom-right:0px;--awb-border-radius-bottom-left:0px;--awb-flex-wrap:wrap;\" ><div class=\"fusion-builder-row fusion-row\"><div class=\"fusion-layout-column fusion_builder_column fusion-builder-column-0 fusion_builder_column_1_1 1_1 fusion-one-full fusion-column-first fusion-column-last\" style=\"--awb-bg-blend:overlay;--awb-bg-size:cover;\"><div class=\"fusion-column-wrapper fusion-flex-column-wrapper-legacy\"><div class=\"fusion-title title fusion-title-1 fusion-sep-none fusion-title-text fusion-title-size-one\"><h1 class=\"fusion-title-heading title-heading-left fusion-responsive-typography-calculated\" style=\"margin:0;--fontSize:34;line-height:1.4;\">Tervetuloa Halsuan ja sen ymp\u00e4rist\u00f6n rauhanyhdistyksen kotisivuille. <span style=\"line-height: 0; font-size: 25px;\" data-fusion-font=\"true\">N\u00e4ilt\u00e4 sivuilta l\u00f6yd\u00e4t tietoa rauhanyhdistyksen toiminnasta.<\/span><br \/>\n<span style=\"line-height: 0; font-size: 25px;\" data-fusion-font=\"true\"><span style=\"font-size: 20px;\" data-fusion-font=\"true\">Rauhanyhdistyksen keskeisint\u00e4 toimintaa on seurojen j\u00e4rjest\u00e4minen. Seurat pidet\u00e4\u00e4n yleens\u00e4 sunnuntaisin seurakuntien tiloissa. Yhdistyksen seuroista ja muusta toiminnasta saat tietoa toimintakalenterista . Seuroihin niin kuin muuhunkin toimintaan on vapaa p\u00e4\u00e4sy ja olette kaikki l\u00e4mpim\u00e4sti tervetulleita.<\/span><\/span><br \/>\n<span style=\"font-size: 20px;\" data-fusion-font=\"true\"> Tervetuloa tilaisuksiin!<br \/>\n<\/span><\/p>\n<div><span style=\"font-size: 20px;\" data-fusion-font=\"true\">Voit my\u00f6s kuunnella muiden rauhanyhdistysten seuroja mm. SRK:n verkkosivujen kautta osoitteesta :<\/span><a style=\"font-size: 20px;\" href=\"https:\/\/www.srk.fi\/fi\/work-areas\/seurat\/kuuntele-seuroja\/\" target=\"_blank\" rel=\"noopener\" data-fusion-font=\"true\">srk.fi\/\u2026ork-areas\/seurat\/kuuntele-seuroja<\/a><span style=\"font-size: 20px;\" data-fusion-font=\"true\"> Tai: <\/span><a style=\"font-size: 20px;\" href=\"https:\/\/www.nettiseurat.info\/\" data-fusion-font=\"true\">https:\/\/www.nettiseurat.info\/<\/a><span style=\"font-size: 20px;\" data-fusion-font=\"true\"> -sivuston kautta. Seuroja voit kuunnella my\u00f6s tallenteilta SRK:n sivuilla olevasta saarna-arkistosta osoitteesta: <\/span><a style=\"font-size: 20px;\" href=\"https:\/\/www.srk.fi\/fi\/work-areas\/seurat\/saarna-arkisto\/\" data-fusion-font=\"true\">https:\/\/www.srk.fi\/fi\/work-areas\/seurat\/saarna-arkisto\/<\/a><span style=\"font-size: 20px;\" data-fusion-font=\"true\"><span style=\"font-size: 20px;\" data-fusion-font=\"true\">. <\/span><\/span><\/div>\n<div>\n<p><span style=\"font-size: 20px;\" data-fusion-font=\"true\"><span style=\"font-size: 20px;\" data-fusion-font=\"true\">You can read more about our faith and listen to sermons in English here:<\/span><\/span><a style=\"font-size: 20px; background-color: rgba(0, 0, 0, 0);\" href=\"https:\/\/kingdomofpeace.net\/\">https:\/\/kingdomofpeace.net<\/a><\/p>\n<\/div>\n<div>\n<p><a href=\"http:\/\/kesaseuraradio.fi\/\" target=\"_blank\" rel=\"noopener noreferrer\">Kes\u00e4isin: Kes\u00e4seuraradio<\/a><\/p>\n<h2 class=\"mini-block-heading\">SRK:n verkkokauppa palvelee osoitteessa <a href=\"https:\/\/www.julkaisumyymala.fi\/\">julkaisumyym\u00e4l\u00e4.fi<\/a><\/h2>\n<\/div><\/h1><\/div><div class=\"fusion-clearfix\"><\/div><\/div><\/div><div class=\"fusion-layout-column fusion_builder_column fusion-builder-column-1 fusion_builder_column_1_1 1_1 fusion-one-full fusion-column-first fusion-column-last fusion-no-small-visibility\" style=\"--awb-bg-blend:overlay;--awb-bg-size:cover;\"><div class=\"fusion-column-wrapper fusion-flex-column-wrapper-legacy\"><div class=\"fusion-text fusion-text-1\"><p>Yhdistyksen toimialueena<span style=\"color: var(--awb-text-color); font-family: var(--awb-text-font-family); font-size: var(--awb-font-size); font-style: var(--awb-text-font-style); font-weight: var(--awb-text-font-weight); letter-spacing: var(--awb-letter-spacing); text-align: var(--awb-content-alignment); text-transform: var(--awb-text-transform); background-color: var(--awb-bg-color-hover);\"> on Halsua ,Veteli ja Kaustinen. N\u00e4ilt\u00e4 sivuilta l\u00f6yd\u00e4t tietoa seuroista , lauluseuroista ja pyh\u00e4kouluista\/raamattuluokista. N\u00e4ilt\u00e4 sivuilta l\u00f6ytyy my\u00f6s tietoa Kristillisyyden leireist\u00e4 ja kursseista . Kaikkia kutsutaan mukaan seuroihin sek\u00e4 osallistumaan kaikkeen rauhanyhdistyksen toimintaan. Tervetuloa!<\/span><\/p>\n<\/div><div class=\"fusion-clearfix\"><\/div><\/div><\/div><\/div><\/div><div class=\"fusion-fullwidth fullwidth-box fusion-builder-row-2 nonhundred-percent-fullwidth non-hundred-percent-height-scrolling\" style=\"--awb-border-radius-top-left:0px;--awb-border-radius-top-right:0px;--awb-border-radius-bottom-right:0px;--awb-border-radius-bottom-left:0px;--awb-padding-top:30px;--awb-background-color:#eeeeee;--awb-flex-wrap:wrap;\" ><div class=\"fusion-builder-row fusion-row\"><div class=\"fusion-layout-column fusion_builder_column fusion-builder-column-2 fusion_builder_column_1_2 1_2 fusion-one-half fusion-column-first\" style=\"--awb-bg-blend:overlay;--awb-bg-size:cover;width:50%;width:calc(50% - ( ( 4% ) * 0.5 ) );margin-right: 4%;\"><div class=\"fusion-column-wrapper fusion-flex-column-wrapper-legacy\"><div class=\"fusion-title title fusion-title-2 fusion-sep-none fusion-title-text fusion-title-size-one\"><h1 class=\"fusion-title-heading title-heading-left fusion-responsive-typography-calculated\" style=\"margin:0;--fontSize:34;line-height:1.4;\">Tulevat tapahtumat<\/h1><\/div>\n<div class=\"fusion-text fusion-text-2\" style=\"--awb-text-color:var(--awb-color6);\"><p>K<a href=\"https:\/\/paivitys.rauhanyhdistys.fi\/halsua\/toimintakalenteri\/\">atso lis\u00e4\u00e4 toimintakalenterista<\/a><\/p>\n<\/div><div class=\"fusion-clearfix\"><\/div><\/div><\/div><div class=\"fusion-layout-column fusion_builder_column fusion-builder-column-3 fusion_builder_column_1_2 1_2 fusion-one-half fusion-column-last\" style=\"--awb-bg-blend:overlay;--awb-bg-size:cover;width:50%;width:calc(50% - ( ( 4% ) * 0.5 ) );\"><div class=\"fusion-column-wrapper fusion-flex-column-wrapper-legacy\"><div class=\"fusion-title title fusion-title-3 fusion-sep-none fusion-title-text fusion-title-size-one\"><h1 class=\"fusion-title-heading title-heading-left fusion-responsive-typography-calculated\" style=\"margin:0;--fontSize:34;line-height:1.4;\">Reisj\u00e4rven opiston kurssit<\/h1><\/div>\n<div class=\"fusion-text fusion-text-3\"><p><a href=\"https:\/\/www.lyhytkurssille.fi\/kurssi\/reisjarvi\/\">Lis\u00e4\u00e4 kursseja<\/a><\/p>\n<\/div><div class=\"fusion-title title fusion-title-4 fusion-sep-none fusion-title-text fusion-title-size-one\"><h1 class=\"fusion-title-heading title-heading-left fusion-responsive-typography-calculated\" style=\"margin:0;--fontSize:34;line-height:1.4;\">Leirit Kalliossa<\/h1><\/div>\n<div class=\"fusion-text fusion-text-4\"><p><a href=\"https:\/\/www.leirille.fi\/leiri\/hankasalmi\/\">Lis\u00e4\u00e4 leirej\u00e4<\/a><\/p>\n<\/div><div class=\"fusion-clearfix\"><\/div><\/div><\/div><\/div><\/div><\/p>\n","protected":false},"excerpt":{"rendered":"","protected":false},"author":1,"featured_media":0,"parent":0,"menu_order":0,"comment_status":"closed","ping_status":"closed","template":"100-width.php","meta":{"footnotes":""},"class_list":["post-13","page","type-page","status-publish","hentry"],"_links":{"self":[{"href":"https:\/\/paivitys.rauhanyhdistys.fi\/halsua\/wp-json\/wp\/v2\/pages\/13","targetHints":{"allow":["GET"]}}],"collection":[{"href":"https:\/\/paivitys.rauhanyhdistys.fi\/halsua\/wp-json\/wp\/v2\/pages"}],"about":[{"href":"https:\/\/paivitys.rauhanyhdistys.fi\/halsua\/wp-json\/wp\/v2\/types\/page"}],"author":[{"embeddable":true,"href":"https:\/\/paivitys.rauhanyhdistys.fi\/halsua\/wp-json\/wp\/v2\/users\/1"}],"replies":[{"embeddable":true,"href":"https:\/\/paivitys.rauhanyhdistys.fi\/halsua\/wp-json\/wp\/v2\/comments?post=13"}],"version-history":[{"count":85,"href":"https:\/\/paivitys.rauhanyhdistys.fi\/halsua\/wp-json\/wp\/v2\/pages\/13\/revisions"}],"predecessor-version":[{"id":277,"href":"https:\/\/paivitys.rauhanyhdistys.fi\/halsua\/wp-json\/wp\/v2\/pages\/13\/revisions\/277"}],"wp:attachment":[{"href":"https:\/\/paivitys.rauhanyhdistys.fi\/halsua\/wp-json\/wp\/v2\/media?parent=13"}],"curies":[{"name":"wp","href":"https:\/\/api.w.org\/{rel}","templated":true}]}}