{"id":388,"date":"2021-01-31T10:35:53","date_gmt":"2021-01-31T08:35:53","guid":{"rendered":"https:\/\/paivitys.rauhanyhdistys.fi\/haapavesi\/?page_id=388"},"modified":"2025-01-04T11:57:27","modified_gmt":"2025-01-04T09:57:27","slug":"vuosikokous","status":"publish","type":"page","link":"https:\/\/paivitys.rauhanyhdistys.fi\/haapavesi\/vuosikokous\/","title":{"rendered":"Vuosikokous"},"content":{"rendered":"<div class=\"fusion-fullwidth fullwidth-box fusion-builder-row-1 fusion-flex-container nonhundred-percent-fullwidth non-hundred-percent-height-scrolling fusion-no-medium-visibility fusion-no-large-visibility\" style=\"--awb-border-radius-top-left:0px;--awb-border-radius-top-right:0px;--awb-border-radius-bottom-right:0px;--awb-border-radius-bottom-left:0px;--awb-flex-wrap:wrap;\" ><div class=\"fusion-builder-row fusion-row fusion-flex-align-items-flex-start fusion-flex-content-wrap\" style=\"max-width:1144px;margin-left: calc(-4% \/ 2 );margin-right: calc(-4% \/ 2 );\"><div class=\"fusion-layout-column fusion_builder_column fusion-builder-column-0 fusion_builder_column_1_1 1_1 fusion-flex-column\" style=\"--awb-bg-size:cover;--awb-width-large:100%;--awb-margin-top-large:0px;--awb-spacing-right-large:1.92%;--awb-margin-bottom-large:20px;--awb-spacing-left-large:1.92%;--awb-width-medium:100%;--awb-order-medium:0;--awb-spacing-right-medium:1.92%;--awb-spacing-left-medium:1.92%;--awb-width-small:100%;--awb-order-small:0;--awb-spacing-right-small:1.92%;--awb-spacing-left-small:1.92%;\"><div class=\"fusion-column-wrapper fusion-column-has-shadow fusion-flex-justify-content-flex-start fusion-content-layout-column\"><div class=\"fusion-text fusion-text-1\"><h3 style=\"text-align: left\">Haapaveden Rauhanyhdistys r.y.<\/h3>\n<p style=\"text-align: left\"><strong>S\u00e4\u00e4nt\u00f6m\u00e4\u00e4r\u00e4inen<\/strong><\/p>\n<h2 style=\"text-align: left\">VUOSIKOKOUS<\/h2>\n<p style=\"text-align: left\">Rauhanyhdistyksell\u00e4<\/p>\n<h3 style=\"text-align: left\">Su 23.2.2025 klo 13:30<\/h3>\n<h3 style=\"text-align: left\">Tervetuloa!<\/h3>\n<p style=\"text-align: left\">Kokouksessa k\u00e4sitell\u00e4\u00e4n s\u00e4\u00e4nt\u00f6m\u00e4\u00e4r\u00e4iset asiat.<\/p>\n<\/div><\/div><\/div><\/div><\/div>\n","protected":false},"excerpt":{"rendered":"","protected":false},"author":64,"featured_media":0,"parent":0,"menu_order":0,"comment_status":"closed","ping_status":"closed","template":"","meta":{"footnotes":""},"class_list":["post-388","page","type-page","status-publish","hentry"],"_links":{"self":[{"href":"https:\/\/paivitys.rauhanyhdistys.fi\/haapavesi\/wp-json\/wp\/v2\/pages\/388","targetHints":{"allow":["GET"]}}],"collection":[{"href":"https:\/\/paivitys.rauhanyhdistys.fi\/haapavesi\/wp-json\/wp\/v2\/pages"}],"about":[{"href":"https:\/\/paivitys.rauhanyhdistys.fi\/haapavesi\/wp-json\/wp\/v2\/types\/page"}],"author":[{"embeddable":true,"href":"https:\/\/paivitys.rauhanyhdistys.fi\/haapavesi\/wp-json\/wp\/v2\/users\/64"}],"replies":[{"embeddable":true,"href":"https:\/\/paivitys.rauhanyhdistys.fi\/haapavesi\/wp-json\/wp\/v2\/comments?post=388"}],"version-history":[{"count":25,"href":"https:\/\/paivitys.rauhanyhdistys.fi\/haapavesi\/wp-json\/wp\/v2\/pages\/388\/revisions"}],"predecessor-version":[{"id":622,"href":"https:\/\/paivitys.rauhanyhdistys.fi\/haapavesi\/wp-json\/wp\/v2\/pages\/388\/revisions\/622"}],"wp:attachment":[{"href":"https:\/\/paivitys.rauhanyhdistys.fi\/haapavesi\/wp-json\/wp\/v2\/media?parent=388"}],"curies":[{"name":"wp","href":"https:\/\/api.w.org\/{rel}","templated":true}]}}