{"id":323,"date":"2022-02-06T14:10:37","date_gmt":"2022-02-06T12:10:37","guid":{"rendered":"https:\/\/paivitys.rauhanyhdistys.fi\/haapajarvi\/?page_id=323"},"modified":"2025-10-13T15:11:11","modified_gmt":"2025-10-13T12:11:11","slug":"ajankohtaista","status":"publish","type":"page","link":"https:\/\/paivitys.rauhanyhdistys.fi\/haapajarvi\/ajankohtaista\/","title":{"rendered":"Ajankohtaista"},"content":{"rendered":"<div class=\"fusion-fullwidth fullwidth-box fusion-builder-row-1 nonhundred-percent-fullwidth non-hundred-percent-height-scrolling\" style=\"--awb-border-radius-top-left:0px;--awb-border-radius-top-right:0px;--awb-border-radius-bottom-right:0px;--awb-border-radius-bottom-left:0px;--awb-flex-wrap:wrap;\" ><div class=\"fusion-builder-row fusion-row\"><div class=\"fusion-layout-column fusion_builder_column fusion-builder-column-0 fusion_builder_column_1_1 1_1 fusion-one-full fusion-column-first fusion-column-last\" style=\"--awb-bg-size:cover;--awb-margin-bottom:0px;\"><div class=\"fusion-column-wrapper fusion-flex-column-wrapper-legacy\"><div class=\"fusion-text fusion-text-1\"><p><b>26.5.2022<\/b><\/p>\n<p><b>Rahalahja Haapaj\u00e4rven Rauhanyhdistys ry:lle<\/b><\/p>\n<p><span style=\"background-color: rgba(0, 0, 0, 0);\">Voit tehd\u00e4 kuukausilahjoituksen verkkopankissasi ja lahjoittaa haluamasi summan s\u00e4\u00e4nn\u00f6llisesti Haapaj\u00e4rven Rauhanyhdistyksen tilille<\/span><span style=\"background-color: rgba(0, 0, 0, 0);\">: FI52 5026 0840 0001 69, Viitteeksi: 1698<\/span><\/p>\n<p>tai tekem\u00e4ll\u00e4 lahjoituksen MobilePay-sovelluksella numeroon 12909.<\/p>\n<p><span style=\"background-color: rgba(0, 0, 0, 0);\">Rauhanyhdistyksell\u00e4 on voimassa oleva rahanker\u00e4yslupa (RA\/2021\/1015)<\/span><\/p>\n<\/div><div class=\"fusion-clearfix\"><\/div><\/div><\/div><\/div><\/div>\n","protected":false},"excerpt":{"rendered":"","protected":false},"author":11,"featured_media":0,"parent":0,"menu_order":0,"comment_status":"closed","ping_status":"closed","template":"","meta":{"footnotes":""},"class_list":["post-323","page","type-page","status-publish","hentry"],"_links":{"self":[{"href":"https:\/\/paivitys.rauhanyhdistys.fi\/haapajarvi\/wp-json\/wp\/v2\/pages\/323","targetHints":{"allow":["GET"]}}],"collection":[{"href":"https:\/\/paivitys.rauhanyhdistys.fi\/haapajarvi\/wp-json\/wp\/v2\/pages"}],"about":[{"href":"https:\/\/paivitys.rauhanyhdistys.fi\/haapajarvi\/wp-json\/wp\/v2\/types\/page"}],"author":[{"embeddable":true,"href":"https:\/\/paivitys.rauhanyhdistys.fi\/haapajarvi\/wp-json\/wp\/v2\/users\/11"}],"replies":[{"embeddable":true,"href":"https:\/\/paivitys.rauhanyhdistys.fi\/haapajarvi\/wp-json\/wp\/v2\/comments?post=323"}],"version-history":[{"count":8,"href":"https:\/\/paivitys.rauhanyhdistys.fi\/haapajarvi\/wp-json\/wp\/v2\/pages\/323\/revisions"}],"predecessor-version":[{"id":1043,"href":"https:\/\/paivitys.rauhanyhdistys.fi\/haapajarvi\/wp-json\/wp\/v2\/pages\/323\/revisions\/1043"}],"wp:attachment":[{"href":"https:\/\/paivitys.rauhanyhdistys.fi\/haapajarvi\/wp-json\/wp\/v2\/media?parent=323"}],"curies":[{"name":"wp","href":"https:\/\/api.w.org\/{rel}","templated":true}]}}